{"id":343,"date":"2024-03-22T14:00:40","date_gmt":"2024-03-22T13:00:40","guid":{"rendered":"https:\/\/julieta.splashdesk.it\/?post_type=product&#038;p=343"},"modified":"2024-07-03T15:33:39","modified_gmt":"2024-07-03T13:33:39","slug":"abito-sibilla","status":"publish","type":"product","link":"https:\/\/julieta.splashdesk.it\/fr\/produit\/abito-sibilla\/","title":{"rendered":"Robe sibylle"},"content":{"rendered":"","protected":false},"excerpt":{"rendered":"<p>Dans la collection de Julieta, la robe <em>Psych\u00e9<\/em> \u00e9voque la magie des ann\u00e9es 1960, une \u00e9poque de r\u00e9volutions stylistiques qui rena\u00eet aujourd'hui gr\u00e2ce \u00e0 notre design innovant et intemporel.<\/p>\n<p>R\u00eaveuse et irr\u00e9sistiblement f\u00e9minine, Psych\u00e9 est un hommage \u00e0 la silhouette trap\u00e8ze qui a s\u00e9duit des g\u00e9n\u00e9rations enti\u00e8res. Sa ligne \u00e9vas\u00e9e est une c\u00e9l\u00e9bration de la gr\u00e2ce et de l'\u00e9l\u00e9gance, con\u00e7ue pour mettre en valeur chaque silhouette avec une harmonie naturelle : elle affine doucement la taille et allonge les jambes, donnant \u00e0 celle qui la porte une silhouette fabuleuse.<\/p>\n<p>Mini-robe de ligne avec encolure am\u00e9ricaine et fermeture \u00e0 boutons dans le dos.<br \/>\nD\u00e9tails : tulle brod\u00e9 de perles et de paillettes. Jupon en satin.<\/p>\n<p>Le mod\u00e8le mesure 1,73 m et porte la taille 40.<\/p>","protected":false},"featured_media":353,"comment_status":"open","ping_status":"closed","template":"","meta":{"site-sidebar-layout":"default","site-content-layout":"","ast-site-content-layout":"default","site-content-style":"default","site-sidebar-style":"default","ast-global-header-display":"","ast-banner-title-visibility":"","ast-main-header-display":"","ast-hfb-above-header-display":"","ast-hfb-below-header-display":"","ast-hfb-mobile-header-display":"","site-post-title":"","ast-breadcrumbs-content":"","ast-featured-img":"","footer-sml-layout":"","theme-transparent-header-meta":"default","adv-header-id-meta":"","stick-header-meta":"default","header-above-stick-meta":"","header-main-stick-meta":"","header-below-stick-meta":"","astra-migrate-meta-layouts":"set","ast-page-background-enabled":"default","ast-page-background-meta":{"desktop":{"background-color":"var(--ast-global-color-4)","background-image":"","background-repeat":"repeat","background-position":"center center","background-size":"auto","background-attachment":"scroll","background-type":"","background-media":"","overlay-type":"","overlay-color":"","overlay-opacity":"","overlay-gradient":""},"tablet":{"background-color":"","background-image":"","background-repeat":"repeat","background-position":"center center","background-size":"auto","background-attachment":"scroll","background-type":"","background-media":"","overlay-type":"","overlay-color":"","overlay-opacity":"","overlay-gradient":""},"mobile":{"background-color":"","background-image":"","background-repeat":"repeat","background-position":"center center","background-size":"auto","background-attachment":"scroll","background-type":"","background-media":"","overlay-type":"","overlay-color":"","overlay-opacity":"","overlay-gradient":""}},"ast-content-background-meta":{"desktop":{"background-color":"var(--ast-global-color-5)","background-image":"","background-repeat":"repeat","background-position":"center center","background-size":"auto","background-attachment":"scroll","background-type":"","background-media":"","overlay-type":"","overlay-color":"","overlay-opacity":"","overlay-gradient":""},"tablet":{"background-color":"var(--ast-global-color-5)","background-image":"","background-repeat":"repeat","background-position":"center center","background-size":"auto","background-attachment":"scroll","background-type":"","background-media":"","overlay-type":"","overlay-color":"","overlay-opacity":"","overlay-gradient":""},"mobile":{"background-color":"var(--ast-global-color-5)","background-image":"","background-repeat":"repeat","background-position":"center center","background-size":"auto","background-attachment":"scroll","background-type":"","background-media":"","overlay-type":"","overlay-color":"","overlay-opacity":"","overlay-gradient":""}}},"product_brand":[],"product_cat":[46],"product_tag":[],"class_list":{"0":"post-343","1":"product","2":"type-product","3":"status-publish","4":"has-post-thumbnail","6":"product_cat-abiti-corti","7":"desktop-align-left","8":"tablet-align-left","9":"mobile-align-left","10":"ast-product-gallery-layout-horizontal-slider","11":"ast-product-single-variable","12":"ast-product-tabs-layout-horizontal","14":"first","15":"instock","16":"taxable","17":"shipping-taxable","18":"purchasable","19":"product-type-variable","20":"has-default-attributes"},"_links":{"self":[{"href":"https:\/\/julieta.splashdesk.it\/fr\/wp-json\/wp\/v2\/product\/343","targetHints":{"allow":["GET"]}}],"collection":[{"href":"https:\/\/julieta.splashdesk.it\/fr\/wp-json\/wp\/v2\/product"}],"about":[{"href":"https:\/\/julieta.splashdesk.it\/fr\/wp-json\/wp\/v2\/types\/product"}],"replies":[{"embeddable":true,"href":"https:\/\/julieta.splashdesk.it\/fr\/wp-json\/wp\/v2\/comments?post=343"}],"version-history":[{"count":8,"href":"https:\/\/julieta.splashdesk.it\/fr\/wp-json\/wp\/v2\/product\/343\/revisions"}],"predecessor-version":[{"id":2059,"href":"https:\/\/julieta.splashdesk.it\/fr\/wp-json\/wp\/v2\/product\/343\/revisions\/2059"}],"wp:featuredmedia":[{"embeddable":true,"href":"https:\/\/julieta.splashdesk.it\/fr\/wp-json\/wp\/v2\/media\/353"}],"wp:attachment":[{"href":"https:\/\/julieta.splashdesk.it\/fr\/wp-json\/wp\/v2\/media?parent=343"}],"wp:term":[{"taxonomy":"product_brand","embeddable":true,"href":"https:\/\/julieta.splashdesk.it\/fr\/wp-json\/wp\/v2\/product_brand?post=343"},{"taxonomy":"product_cat","embeddable":true,"href":"https:\/\/julieta.splashdesk.it\/fr\/wp-json\/wp\/v2\/product_cat?post=343"},{"taxonomy":"product_tag","embeddable":true,"href":"https:\/\/julieta.splashdesk.it\/fr\/wp-json\/wp\/v2\/product_tag?post=343"}],"curies":[{"name":"wp","href":"https:\/\/api.w.org\/{rel}","templated":true}]}}