{"id":2392,"date":"2024-07-03T15:18:56","date_gmt":"2024-07-03T13:18:56","guid":{"rendered":"https:\/\/julieta.splashdesk.it\/?post_type=product&#038;p=2392"},"modified":"2024-07-03T15:38:18","modified_gmt":"2024-07-03T13:38:18","slug":"abito-grace-azzuro-noleggio","status":"publish","type":"product","link":"https:\/\/julieta.splashdesk.it\/fr\/produit\/abito-grace-azzuro-noleggio\/","title":{"rendered":"Robe Grace Bleu clair"},"content":{"rendered":"<p>In un mondo dove l&#8217;eterno e il contemporaneo si fondono con armonia, l&#8217;abito &#8220;Grace Kelly&#8221; di Julieta Collezioni si distingue come un&#8217;icona di stile e dignit\u00e0. Ispirato alla leggendaria Grace Kelly, principessa di Monaco e icona di eleganza, questo capo riflette il suo equilibrio tra la vita regale e la personale interpretazione di classe e raffinatezza.<\/p>\n<p>La modella indossa la taglia 40 e l&#8217;altezza \u00e8 di 1,77 m<\/p>","protected":false},"excerpt":{"rendered":"<p class=\"p1\">Robe longue avec une l\u00e9g\u00e8re ouverture en forme de sir\u00e8ne dans le bas.<\/p>\n<p class=\"p1\">En tulle clout\u00e9 avec des clous \u00e0 facettes. Doublure en lycra.<\/p>\n<p class=\"p1\">Le mod\u00e8le mesure 1,77 m et porte la taille 40.<\/p>","protected":false},"featured_media":2405,"comment_status":"open","ping_status":"closed","template":"","meta":{"site-sidebar-layout":"default","site-content-layout":"","ast-site-content-layout":"default","site-content-style":"default","site-sidebar-style":"default","ast-global-header-display":"","ast-banner-title-visibility":"","ast-main-header-display":"","ast-hfb-above-header-display":"","ast-hfb-below-header-display":"","ast-hfb-mobile-header-display":"","site-post-title":"","ast-breadcrumbs-content":"","ast-featured-img":"","footer-sml-layout":"","theme-transparent-header-meta":"default","adv-header-id-meta":"","stick-header-meta":"default","header-above-stick-meta":"","header-main-stick-meta":"","header-below-stick-meta":"","astra-migrate-meta-layouts":"set","ast-page-background-enabled":"default","ast-page-background-meta":{"desktop":{"background-color":"var(--ast-global-color-4)","background-image":"","background-repeat":"repeat","background-position":"center center","background-size":"auto","background-attachment":"scroll","background-type":"","background-media":"","overlay-type":"","overlay-color":"","overlay-opacity":"","overlay-gradient":""},"tablet":{"background-color":"","background-image":"","background-repeat":"repeat","background-position":"center center","background-size":"auto","background-attachment":"scroll","background-type":"","background-media":"","overlay-type":"","overlay-color":"","overlay-opacity":"","overlay-gradient":""},"mobile":{"background-color":"","background-image":"","background-repeat":"repeat","background-position":"center center","background-size":"auto","background-attachment":"scroll","background-type":"","background-media":"","overlay-type":"","overlay-color":"","overlay-opacity":"","overlay-gradient":""}},"ast-content-background-meta":{"desktop":{"background-color":"var(--ast-global-color-5)","background-image":"","background-repeat":"repeat","background-position":"center center","background-size":"auto","background-attachment":"scroll","background-type":"","background-media":"","overlay-type":"","overlay-color":"","overlay-opacity":"","overlay-gradient":""},"tablet":{"background-color":"var(--ast-global-color-5)","background-image":"","background-repeat":"repeat","background-position":"center center","background-size":"auto","background-attachment":"scroll","background-type":"","background-media":"","overlay-type":"","overlay-color":"","overlay-opacity":"","overlay-gradient":""},"mobile":{"background-color":"var(--ast-global-color-5)","background-image":"","background-repeat":"repeat","background-position":"center center","background-size":"auto","background-attachment":"scroll","background-type":"","background-media":"","overlay-type":"","overlay-color":"","overlay-opacity":"","overlay-gradient":""}}},"product_brand":[],"product_cat":[86],"product_tag":[],"class_list":{"0":"post-2392","1":"product","2":"type-product","3":"status-publish","4":"has-post-thumbnail","6":"product_cat-noleggio","7":"desktop-align-left","8":"tablet-align-left","9":"mobile-align-left","10":"ast-product-gallery-layout-horizontal-slider","11":"ast-product-tabs-layout-horizontal","13":"first","14":"instock","15":"taxable","16":"shipping-taxable","17":"purchasable","18":"product-type-redq_rental"},"_links":{"self":[{"href":"https:\/\/julieta.splashdesk.it\/fr\/wp-json\/wp\/v2\/product\/2392","targetHints":{"allow":["GET"]}}],"collection":[{"href":"https:\/\/julieta.splashdesk.it\/fr\/wp-json\/wp\/v2\/product"}],"about":[{"href":"https:\/\/julieta.splashdesk.it\/fr\/wp-json\/wp\/v2\/types\/product"}],"replies":[{"embeddable":true,"href":"https:\/\/julieta.splashdesk.it\/fr\/wp-json\/wp\/v2\/comments?post=2392"}],"version-history":[{"count":1,"href":"https:\/\/julieta.splashdesk.it\/fr\/wp-json\/wp\/v2\/product\/2392\/revisions"}],"predecessor-version":[{"id":2393,"href":"https:\/\/julieta.splashdesk.it\/fr\/wp-json\/wp\/v2\/product\/2392\/revisions\/2393"}],"wp:featuredmedia":[{"embeddable":true,"href":"https:\/\/julieta.splashdesk.it\/fr\/wp-json\/wp\/v2\/media\/2405"}],"wp:attachment":[{"href":"https:\/\/julieta.splashdesk.it\/fr\/wp-json\/wp\/v2\/media?parent=2392"}],"wp:term":[{"taxonomy":"product_brand","embeddable":true,"href":"https:\/\/julieta.splashdesk.it\/fr\/wp-json\/wp\/v2\/product_brand?post=2392"},{"taxonomy":"product_cat","embeddable":true,"href":"https:\/\/julieta.splashdesk.it\/fr\/wp-json\/wp\/v2\/product_cat?post=2392"},{"taxonomy":"product_tag","embeddable":true,"href":"https:\/\/julieta.splashdesk.it\/fr\/wp-json\/wp\/v2\/product_tag?post=2392"}],"curies":[{"name":"wp","href":"https:\/\/api.w.org\/{rel}","templated":true}]}}