{"id":2348,"date":"2024-07-03T14:42:58","date_gmt":"2024-07-03T12:42:58","guid":{"rendered":"https:\/\/julieta.splashdesk.it\/?post_type=product&#038;p=2348"},"modified":"2024-07-03T15:35:33","modified_gmt":"2024-07-03T13:35:33","slug":"abito-rania-noleggio","status":"publish","type":"product","link":"https:\/\/julieta.splashdesk.it\/fr\/produit\/abito-rania-noleggio\/","title":{"rendered":"Robe noire Rania"},"content":{"rendered":"<p>La robe \"Rania de Jordanie\" de Julieta Collezioni est un hommage \u00e0 la ma\u00eetrise du design qui allie glamour, \u00e9l\u00e9gance et puissance dans chaque courbe. Ce chef-d'\u0153uvre est une invitation \u00e0 marcher avec la m\u00eame dignit\u00e9 et la m\u00eame pr\u00e9sence que Rania de Jordanie dans ses r\u00f4les de reine, d'activiste et de symbole du changement progressif. C'est la robe id\u00e9ale pour les occasions o\u00f9 l'on veut non seulement \u00eatre vue, mais aussi se souvenir.<\/p>","protected":false},"excerpt":{"rendered":"<p>La robe \"Rania de Jordanie\" de Julieta Collezioni est un hommage \u00e0 la ma\u00eetrise du design qui allie glamour, \u00e9l\u00e9gance et puissance dans chaque courbe. Ce chef-d'\u0153uvre est une invitation \u00e0 marcher avec la m\u00eame dignit\u00e9 et la m\u00eame pr\u00e9sence que Rania de Jordanie dans ses r\u00f4les de reine, d'activiste et de symbole du changement progressif. C'est la robe id\u00e9ale pour les occasions o\u00f9 l'on veut non seulement \u00eatre vue, mais aussi se souvenir.<\/p>\n<p>Le mod\u00e8le mesure 1,73 m et porte la taille 40.<\/p>","protected":false},"featured_media":2194,"comment_status":"open","ping_status":"closed","template":"","meta":{"site-sidebar-layout":"default","site-content-layout":"","ast-site-content-layout":"default","site-content-style":"default","site-sidebar-style":"default","ast-global-header-display":"","ast-banner-title-visibility":"","ast-main-header-display":"","ast-hfb-above-header-display":"","ast-hfb-below-header-display":"","ast-hfb-mobile-header-display":"","site-post-title":"","ast-breadcrumbs-content":"","ast-featured-img":"","footer-sml-layout":"","theme-transparent-header-meta":"default","adv-header-id-meta":"","stick-header-meta":"default","header-above-stick-meta":"","header-main-stick-meta":"","header-below-stick-meta":"","astra-migrate-meta-layouts":"set","ast-page-background-enabled":"default","ast-page-background-meta":{"desktop":{"background-color":"var(--ast-global-color-4)","background-image":"","background-repeat":"repeat","background-position":"center center","background-size":"auto","background-attachment":"scroll","background-type":"","background-media":"","overlay-type":"","overlay-color":"","overlay-opacity":"","overlay-gradient":""},"tablet":{"background-color":"","background-image":"","background-repeat":"repeat","background-position":"center center","background-size":"auto","background-attachment":"scroll","background-type":"","background-media":"","overlay-type":"","overlay-color":"","overlay-opacity":"","overlay-gradient":""},"mobile":{"background-color":"","background-image":"","background-repeat":"repeat","background-position":"center center","background-size":"auto","background-attachment":"scroll","background-type":"","background-media":"","overlay-type":"","overlay-color":"","overlay-opacity":"","overlay-gradient":""}},"ast-content-background-meta":{"desktop":{"background-color":"var(--ast-global-color-5)","background-image":"","background-repeat":"repeat","background-position":"center center","background-size":"auto","background-attachment":"scroll","background-type":"","background-media":"","overlay-type":"","overlay-color":"","overlay-opacity":"","overlay-gradient":""},"tablet":{"background-color":"var(--ast-global-color-5)","background-image":"","background-repeat":"repeat","background-position":"center center","background-size":"auto","background-attachment":"scroll","background-type":"","background-media":"","overlay-type":"","overlay-color":"","overlay-opacity":"","overlay-gradient":""},"mobile":{"background-color":"var(--ast-global-color-5)","background-image":"","background-repeat":"repeat","background-position":"center center","background-size":"auto","background-attachment":"scroll","background-type":"","background-media":"","overlay-type":"","overlay-color":"","overlay-opacity":"","overlay-gradient":""}}},"product_brand":[],"product_cat":[86],"product_tag":[],"class_list":{"0":"post-2348","1":"product","2":"type-product","3":"status-publish","4":"has-post-thumbnail","6":"product_cat-noleggio","7":"desktop-align-left","8":"tablet-align-left","9":"mobile-align-left","10":"ast-product-gallery-layout-horizontal-slider","11":"ast-product-tabs-layout-horizontal","13":"first","14":"instock","15":"taxable","16":"shipping-taxable","17":"purchasable","18":"product-type-redq_rental"},"_links":{"self":[{"href":"https:\/\/julieta.splashdesk.it\/fr\/wp-json\/wp\/v2\/product\/2348","targetHints":{"allow":["GET"]}}],"collection":[{"href":"https:\/\/julieta.splashdesk.it\/fr\/wp-json\/wp\/v2\/product"}],"about":[{"href":"https:\/\/julieta.splashdesk.it\/fr\/wp-json\/wp\/v2\/types\/product"}],"replies":[{"embeddable":true,"href":"https:\/\/julieta.splashdesk.it\/fr\/wp-json\/wp\/v2\/comments?post=2348"}],"version-history":[{"count":2,"href":"https:\/\/julieta.splashdesk.it\/fr\/wp-json\/wp\/v2\/product\/2348\/revisions"}],"predecessor-version":[{"id":2350,"href":"https:\/\/julieta.splashdesk.it\/fr\/wp-json\/wp\/v2\/product\/2348\/revisions\/2350"}],"wp:featuredmedia":[{"embeddable":true,"href":"https:\/\/julieta.splashdesk.it\/fr\/wp-json\/wp\/v2\/media\/2194"}],"wp:attachment":[{"href":"https:\/\/julieta.splashdesk.it\/fr\/wp-json\/wp\/v2\/media?parent=2348"}],"wp:term":[{"taxonomy":"product_brand","embeddable":true,"href":"https:\/\/julieta.splashdesk.it\/fr\/wp-json\/wp\/v2\/product_brand?post=2348"},{"taxonomy":"product_cat","embeddable":true,"href":"https:\/\/julieta.splashdesk.it\/fr\/wp-json\/wp\/v2\/product_cat?post=2348"},{"taxonomy":"product_tag","embeddable":true,"href":"https:\/\/julieta.splashdesk.it\/fr\/wp-json\/wp\/v2\/product_tag?post=2348"}],"curies":[{"name":"wp","href":"https:\/\/api.w.org\/{rel}","templated":true}]}}