{"id":792,"date":"2024-04-09T18:52:58","date_gmt":"2024-04-09T16:52:58","guid":{"rendered":"https:\/\/julieta.splashdesk.it\/?page_id=792"},"modified":"2024-06-24T14:47:52","modified_gmt":"2024-06-24T12:47:52","slug":"about-us","status":"publish","type":"page","link":"https:\/\/julieta.splashdesk.it\/fr\/about-us\/","title":{"rendered":"\u00c0 propos de nous"},"content":{"rendered":"<div data-elementor-type=\"wp-page\" data-elementor-id=\"792\" class=\"elementor elementor-792\" data-elementor-post-type=\"page\">\n\t\t\t\t<div class=\"elementor-element elementor-element-b6fecd3 e-flex e-con-boxed e-con e-parent\" data-id=\"b6fecd3\" data-element_type=\"container\" data-settings=\"{&quot;background_background&quot;:&quot;slideshow&quot;,&quot;background_motion_fx_translateY_effect&quot;:&quot;yes&quot;,&quot;background_slideshow_gallery&quot;:[{&quot;id&quot;:1827,&quot;url&quot;:&quot;https:\\\/\\\/julieta.splashdesk.it\\\/wp-content\\\/uploads\\\/2024\\\/05\\\/Copia_di_DSC_9629.jpg&quot;},{&quot;id&quot;:1826,&quot;url&quot;:&quot;https:\\\/\\\/julieta.splashdesk.it\\\/wp-content\\\/uploads\\\/2024\\\/05\\\/Rosa_rosa_20.jpg&quot;},{&quot;id&quot;:1825,&quot;url&quot;:&quot;https:\\\/\\\/julieta.splashdesk.it\\\/wp-content\\\/uploads\\\/2024\\\/05\\\/Francesca_146-1_047a8c78-6090-492f-b354-b997ac20c93e.jpg&quot;}],&quot;background_slideshow_loop&quot;:&quot;yes&quot;,&quot;background_slideshow_slide_duration&quot;:5000,&quot;background_slideshow_slide_transition&quot;:&quot;fade&quot;,&quot;background_slideshow_transition_duration&quot;:500,&quot;background_motion_fx_translateY_speed&quot;:{&quot;unit&quot;:&quot;px&quot;,&quot;size&quot;:4,&quot;sizes&quot;:[]},&quot;background_motion_fx_translateY_affectedRange&quot;:{&quot;unit&quot;:&quot;%&quot;,&quot;size&quot;:&quot;&quot;,&quot;sizes&quot;:{&quot;start&quot;:0,&quot;end&quot;:100}},&quot;background_motion_fx_devices&quot;:[&quot;desktop&quot;,&quot;tablet&quot;,&quot;mobile&quot;]}\">\n\t\t\t\t\t<div class=\"e-con-inner\">\n\t\t\t\t<div class=\"elementor-element elementor-element-a7003aa elementor-widget elementor-widget-heading\" data-id=\"a7003aa\" data-element_type=\"widget\" data-widget_type=\"heading.default\">\n\t\t\t\t<div class=\"elementor-widget-container\">\n\t\t\t\t\t<h1 class=\"elementor-heading-title elementor-size-default\">A propos de nous<\/h1>\t\t\t\t<\/div>\n\t\t\t\t<\/div>\n\t\t\t\t\t<\/div>\n\t\t\t\t<\/div>\n\t\t<div class=\"elementor-element elementor-element-84c0a3c e-flex e-con-boxed e-con e-parent\" data-id=\"84c0a3c\" data-element_type=\"container\">\n\t\t\t\t\t<div class=\"e-con-inner\">\n\t\t<div class=\"elementor-element elementor-element-c567b1e e-con-full e-flex e-con e-child\" data-id=\"c567b1e\" data-element_type=\"container\">\n\t\t\t\t<div class=\"elementor-element elementor-element-4abcf21 elementor-widget elementor-widget-image\" data-id=\"4abcf21\" data-element_type=\"widget\" data-widget_type=\"image.default\">\n\t\t\t\t<div class=\"elementor-widget-container\">\n\t\t\t\t\t\t\t\t\t\t\t\t\t\t\t<img fetchpriority=\"high\" decoding=\"async\" width=\"720\" height=\"1079\" src=\"https:\/\/julieta.splashdesk.it\/wp-content\/uploads\/2024\/04\/Abito-corto-Psiche-rosa.webp\" class=\"attachment-full size-full wp-image-924\" alt=\"\" srcset=\"https:\/\/julieta.splashdesk.it\/wp-content\/uploads\/2024\/04\/Abito-corto-Psiche-rosa.webp 720w, https:\/\/julieta.splashdesk.it\/wp-content\/uploads\/2024\/04\/Abito-corto-Psiche-rosa-600x899.webp 600w, https:\/\/julieta.splashdesk.it\/wp-content\/uploads\/2024\/04\/Abito-corto-Psiche-rosa-200x300.webp 200w, https:\/\/julieta.splashdesk.it\/wp-content\/uploads\/2024\/04\/Abito-corto-Psiche-rosa-683x1024.webp 683w\" sizes=\"(max-width: 720px) 100vw, 720px\" \/>\t\t\t\t\t\t\t\t\t\t\t\t\t\t\t<\/div>\n\t\t\t\t<\/div>\n\t\t\t\t<\/div>\n\t\t<div class=\"elementor-element elementor-element-fc3a32e e-con-full e-flex e-con e-child\" data-id=\"fc3a32e\" data-element_type=\"container\">\n\t\t\t\t<div class=\"elementor-element elementor-element-e2370d6 elementor-widget__width-auto elementor-widget-tablet__width-inherit elementor-widget elementor-widget-heading\" data-id=\"e2370d6\" data-element_type=\"widget\" data-widget_type=\"heading.default\">\n\t\t\t\t<div class=\"elementor-widget-container\">\n\t\t\t\t\t<h2 class=\"elementor-heading-title elementor-size-default\">IL \u00c9TAIT UNE FOIS JULIETA...\n<\/h2>\t\t\t\t<\/div>\n\t\t\t\t<\/div>\n\t\t\t\t<div class=\"elementor-element elementor-element-871e5f1 elementor-widget elementor-widget-text-editor\" data-id=\"871e5f1\" data-element_type=\"widget\" data-widget_type=\"text-editor.default\">\n\t\t\t\t<div class=\"elementor-widget-container\">\n\t\t\t\t\t\t\t\t\t<p class=\"p1\">Dans un coin enchant\u00e9 de l'Italie, au milieu des rues anciennes de V\u00e9rone, une rencontre inattendue entre trois jeunes femmes, unies par leur amour de la mode, de l'art et de la romance, fait na\u00eetre leur r\u00eave de cr\u00e9er une marque ensemble.<\/p><p class=\"p1\">Il n'a fallu que quelques discussions pour que les id\u00e9es se concr\u00e9tisent et Julieta Collezioni est n\u00e9e, une marque de haute couture qui c\u00e9l\u00e8bre la passion pour la beaut\u00e9 sous toutes ses formes :<span class=\"Apple-converted-space\">\u00a0 <\/span>une marque qui r\u00e9unit dans un m\u00eame r\u00e9cit l'amour des tissus pr\u00e9cieux et des d\u00e9tails vestimentaires, ainsi que le d\u00e9sir de raconter l'histoire unique de sa ville, V\u00e9rone, qui a toujours \u00e9t\u00e9 li\u00e9e \u00e0 l'art et \u00e0 la po\u00e9sie.<\/p><p class=\"p1\">L'objectif est de donner une \u00e2me \u00e0 leurs v\u00eatements pour qu'une fois port\u00e9s, ils soient sur le corps de la femme le miroir des m\u00eames \u00e9motions que celles qui les ont inspir\u00e9s.<\/p><p class=\"p1\">Toutes les collections Julieta \u00e9voquent l'\u00e9merveillement de l'amour \u00e9ternel, celui chant\u00e9 par Shakespare entre Rom\u00e9o et Juliette et celui, encore plus puissant, pour soi-m\u00eame, dans une \u00e9treinte entre le pass\u00e9 et le pr\u00e9sent, entre le r\u00eave et la r\u00e9alit\u00e9.<\/p>\t\t\t\t\t\t\t\t<\/div>\n\t\t\t\t<\/div>\n\t\t\t\t<div class=\"elementor-element elementor-element-b4a463d underline elementor-mobile-align-left elementor-widget elementor-widget-button\" data-id=\"b4a463d\" data-element_type=\"widget\" data-widget_type=\"button.default\">\n\t\t\t\t<div class=\"elementor-widget-container\">\n\t\t\t\t\t\t\t\t\t<div class=\"elementor-button-wrapper\">\n\t\t\t\t\t<a class=\"elementor-button elementor-button-link elementor-size-sm\" href=\"\/fr\/shop\/\">\n\t\t\t\t\t\t<span class=\"elementor-button-content-wrapper\">\n\t\t\t\t\t\t\t\t\t<span class=\"elementor-button-text\">D\u00c9COUVRIR LA COLLECTION<\/span>\n\t\t\t\t\t<\/span>\n\t\t\t\t\t<\/a>\n\t\t\t\t<\/div>\n\t\t\t\t\t\t\t\t<\/div>\n\t\t\t\t<\/div>\n\t\t\t\t<\/div>\n\t\t\t\t\t<\/div>\n\t\t\t\t<\/div>\n\t\t<div class=\"elementor-element elementor-element-6fa1126 e-flex e-con-boxed e-con e-parent\" data-id=\"6fa1126\" data-element_type=\"container\">\n\t\t\t\t\t<div class=\"e-con-inner\">\n\t\t<div class=\"elementor-element elementor-element-2e95d49 e-con-full e-flex e-con e-child\" data-id=\"2e95d49\" data-element_type=\"container\">\n\t\t\t\t<div class=\"elementor-element elementor-element-e2e6d9c elementor-widget__width-auto elementor-widget-tablet__width-inherit elementor-widget elementor-widget-heading\" data-id=\"e2e6d9c\" data-element_type=\"widget\" data-widget_type=\"heading.default\">\n\t\t\t\t<div class=\"elementor-widget-container\">\n\t\t\t\t\t<h2 class=\"elementor-heading-title elementor-size-default\"> C\u00c9L\u00c9BRER LA F\u00c9MINIT\u00c9<\/h2>\t\t\t\t<\/div>\n\t\t\t\t<\/div>\n\t\t\t\t<div class=\"elementor-element elementor-element-2c9459c elementor-widget elementor-widget-text-editor\" data-id=\"2c9459c\" data-element_type=\"widget\" data-widget_type=\"text-editor.default\">\n\t\t\t\t<div class=\"elementor-widget-container\">\n\t\t\t\t\t\t\t\t\t<p class=\"p1\">La marque rend hommage \u00e0 la protagoniste de la plus c\u00e9l\u00e8bre histoire d'amour de tous les temps, Juliette, et \u00e0 toutes les femmes qui, comme elle, se sentent rebelles, d\u00e9termin\u00e9es, libres.<\/p><p class=\"p1\">La robe devient le miroir de l'\u00e2me, refl\u00e9tant les nombreuses nuances du f\u00e9minin et v\u00e9hiculant l'image d'une femme forte, consciente et ind\u00e9pendante.<\/p><p class=\"p1\">Julieta Collezioni veut \u00eatre une d\u00e9claration de libert\u00e9, une affirmation de d\u00e9termination et d'authenticit\u00e9, repr\u00e9sentant le courage de chaque femme d'affirmer son essence \u00e0 travers le langage de la mode.<span class=\"Apple-converted-space\">\u00a0 <\/span>Dans chaque v\u00eatement Julieta, la f\u00e9minit\u00e9, la d\u00e9licatesse et la force s'unissent dans un tissage parfait,<span class=\"Apple-converted-space\">\u00a0 <\/span>illuminant chaque pas du porteur et symbolisant ses mille \u00e2mes.<\/p>\t\t\t\t\t\t\t\t<\/div>\n\t\t\t\t<\/div>\n\t\t\t\t<div class=\"elementor-element elementor-element-8a29c95 underline elementor-mobile-align-left elementor-widget elementor-widget-button\" data-id=\"8a29c95\" data-element_type=\"widget\" data-widget_type=\"button.default\">\n\t\t\t\t<div class=\"elementor-widget-container\">\n\t\t\t\t\t\t\t\t\t<div class=\"elementor-button-wrapper\">\n\t\t\t\t\t<a class=\"elementor-button elementor-button-link elementor-size-sm\" href=\"\/fr\/shop\/\">\n\t\t\t\t\t\t<span class=\"elementor-button-content-wrapper\">\n\t\t\t\t\t\t\t\t\t<span class=\"elementor-button-text\">D\u00c9COUVRIR LA COLLECTION<\/span>\n\t\t\t\t\t<\/span>\n\t\t\t\t\t<\/a>\n\t\t\t\t<\/div>\n\t\t\t\t\t\t\t\t<\/div>\n\t\t\t\t<\/div>\n\t\t\t\t<\/div>\n\t\t<div class=\"elementor-element elementor-element-4d3dd61 e-con-full e-flex e-con e-child\" data-id=\"4d3dd61\" data-element_type=\"container\">\n\t\t\t\t<div class=\"elementor-element elementor-element-2f5b4a1 elementor-widget elementor-widget-image\" data-id=\"2f5b4a1\" data-element_type=\"widget\" data-widget_type=\"image.default\">\n\t\t\t\t<div class=\"elementor-widget-container\">\n\t\t\t\t\t\t\t\t\t\t\t\t\t\t\t<img decoding=\"async\" width=\"1709\" height=\"2560\" src=\"https:\/\/julieta.splashdesk.it\/wp-content\/uploads\/2024\/05\/DSC_9089-scaled.jpg\" class=\"attachment-full size-full wp-image-1922\" alt=\"\" srcset=\"https:\/\/julieta.splashdesk.it\/wp-content\/uploads\/2024\/05\/DSC_9089-scaled.jpg 1709w, https:\/\/julieta.splashdesk.it\/wp-content\/uploads\/2024\/05\/DSC_9089-200x300.jpg 200w, https:\/\/julieta.splashdesk.it\/wp-content\/uploads\/2024\/05\/DSC_9089-684x1024.jpg 684w, https:\/\/julieta.splashdesk.it\/wp-content\/uploads\/2024\/05\/DSC_9089-768x1151.jpg 768w, https:\/\/julieta.splashdesk.it\/wp-content\/uploads\/2024\/05\/DSC_9089-1025x1536.jpg 1025w, https:\/\/julieta.splashdesk.it\/wp-content\/uploads\/2024\/05\/DSC_9089-1367x2048.jpg 1367w, https:\/\/julieta.splashdesk.it\/wp-content\/uploads\/2024\/05\/DSC_9089-8x12.jpg 8w, https:\/\/julieta.splashdesk.it\/wp-content\/uploads\/2024\/05\/DSC_9089-1200x1798.jpg 1200w\" sizes=\"(max-width: 1709px) 100vw, 1709px\" \/>\t\t\t\t\t\t\t\t\t\t\t\t\t\t\t<\/div>\n\t\t\t\t<\/div>\n\t\t\t\t<\/div>\n\t\t\t\t\t<\/div>\n\t\t\t\t<\/div>\n\t\t<div class=\"elementor-element elementor-element-ec185a9 e-flex e-con-boxed e-con e-parent\" data-id=\"ec185a9\" data-element_type=\"container\">\n\t\t\t\t\t<div class=\"e-con-inner\">\n\t\t<div class=\"elementor-element elementor-element-113cdab e-con-full e-flex e-con e-child\" data-id=\"113cdab\" data-element_type=\"container\">\n\t\t\t\t<div class=\"elementor-element elementor-element-4329361 elementor-widget__width-auto elementor-widget-tablet__width-inherit elementor-widget elementor-widget-heading\" data-id=\"4329361\" data-element_type=\"widget\" data-widget_type=\"heading.default\">\n\t\t\t\t<div class=\"elementor-widget-container\">\n\t\t\t\t\t<h2 class=\"elementor-heading-title elementor-size-default\">LES FEMMES POUR LES FEMMES <\/h2>\t\t\t\t<\/div>\n\t\t\t\t<\/div>\n\t\t\t\t<div class=\"elementor-element elementor-element-a7b8482 elementor-widget elementor-widget-text-editor\" data-id=\"a7b8482\" data-element_type=\"widget\" data-widget_type=\"text-editor.default\">\n\t\t\t\t<div class=\"elementor-widget-container\">\n\t\t\t\t\t\t\t\t\t<p class=\"p1\">Chaque robe Julieta est con\u00e7ue pour c\u00e9l\u00e9brer la beaut\u00e9 unique et irrempla\u00e7able qui est en vous et qui \u00e9crit chaque jour le roman de votre vie avec des gestes d'amour et des actes de courage. Dans chaque d\u00e9tail de nos collections, nous essayons de capturer l'essence de votre force et de votre \u00e9l\u00e9gance, afin que chaque fois que vous portez l'un de nos v\u00eatements, le monde s'arr\u00eate un instant pour vous admirer.<\/p>\t\t\t\t\t\t\t\t<\/div>\n\t\t\t\t<\/div>\n\t\t\t\t<div class=\"elementor-element elementor-element-b8d93a4 elementor-widget elementor-widget-text-editor\" data-id=\"b8d93a4\" data-element_type=\"widget\" data-widget_type=\"text-editor.default\">\n\t\t\t\t<div class=\"elementor-widget-container\">\n\t\t\t\t\t\t\t\t\t<p class=\"p1\">Vous \u00eates celle qui danse sous les \u00e9toiles, qui rit sous la pluie et qui ose aimer de tout son c\u0153ur ; vous \u00eates Julieta, qui porte audacieusement votre histoire \u00e0 la connaissance du monde.<\/p>\t\t\t\t\t\t\t\t<\/div>\n\t\t\t\t<\/div>\n\t\t\t\t<div class=\"elementor-element elementor-element-48fa56c underline elementor-mobile-align-left elementor-widget elementor-widget-button\" data-id=\"48fa56c\" data-element_type=\"widget\" data-widget_type=\"button.default\">\n\t\t\t\t<div class=\"elementor-widget-container\">\n\t\t\t\t\t\t\t\t\t<div class=\"elementor-button-wrapper\">\n\t\t\t\t\t<a class=\"elementor-button elementor-button-link elementor-size-sm\" href=\"\/fr\/shop\/\">\n\t\t\t\t\t\t<span class=\"elementor-button-content-wrapper\">\n\t\t\t\t\t\t\t\t\t<span class=\"elementor-button-text\">D\u00c9COUVRIR LA COLLECTION<\/span>\n\t\t\t\t\t<\/span>\n\t\t\t\t\t<\/a>\n\t\t\t\t<\/div>\n\t\t\t\t\t\t\t\t<\/div>\n\t\t\t\t<\/div>\n\t\t\t\t<\/div>\n\t\t<div class=\"elementor-element elementor-element-11ab1a3 e-con-full e-flex e-con e-child\" data-id=\"11ab1a3\" data-element_type=\"container\">\n\t\t\t\t<div class=\"elementor-element elementor-element-5b607d4 elementor-widget elementor-widget-image\" data-id=\"5b607d4\" data-element_type=\"widget\" data-widget_type=\"image.default\">\n\t\t\t\t<div class=\"elementor-widget-container\">\n\t\t\t\t\t\t\t\t\t\t\t\t\t\t\t<img decoding=\"async\" width=\"720\" height=\"1079\" src=\"https:\/\/julieta.splashdesk.it\/wp-content\/uploads\/2024\/04\/Abito-lungo-Pandora-nero.webp\" class=\"attachment-full size-full wp-image-925\" alt=\"\" srcset=\"https:\/\/julieta.splashdesk.it\/wp-content\/uploads\/2024\/04\/Abito-lungo-Pandora-nero.webp 720w, https:\/\/julieta.splashdesk.it\/wp-content\/uploads\/2024\/04\/Abito-lungo-Pandora-nero-600x899.webp 600w, https:\/\/julieta.splashdesk.it\/wp-content\/uploads\/2024\/04\/Abito-lungo-Pandora-nero-200x300.webp 200w, https:\/\/julieta.splashdesk.it\/wp-content\/uploads\/2024\/04\/Abito-lungo-Pandora-nero-683x1024.webp 683w\" sizes=\"(max-width: 720px) 100vw, 720px\" \/>\t\t\t\t\t\t\t\t\t\t\t\t\t\t\t<\/div>\n\t\t\t\t<\/div>\n\t\t\t\t<\/div>\n\t\t\t\t\t<\/div>\n\t\t\t\t<\/div>\n\t\t<div class=\"elementor-element elementor-element-47b22a3 e-flex e-con-boxed e-con e-parent\" data-id=\"47b22a3\" data-element_type=\"container\">\n\t\t\t\t\t<div class=\"e-con-inner\">\n\t\t<div class=\"elementor-element elementor-element-2745257 e-flex e-con-boxed e-con e-child\" data-id=\"2745257\" data-element_type=\"container\">\n\t\t\t\t\t<div class=\"e-con-inner\">\n\t\t<div class=\"elementor-element elementor-element-c809b46 e-con-full e-flex e-con e-child\" data-id=\"c809b46\" data-element_type=\"container\">\n\t\t\t\t<div class=\"elementor-element elementor-element-87e11cd elementor-widget__width-auto elementor-widget-tablet__width-inherit elementor-widget elementor-widget-heading\" data-id=\"87e11cd\" data-element_type=\"widget\" data-widget_type=\"heading.default\">\n\t\t\t\t<div class=\"elementor-widget-container\">\n\t\t\t\t\t<h2 class=\"elementor-heading-title elementor-size-default\">LE R\u00caVE<\/h2>\t\t\t\t<\/div>\n\t\t\t\t<\/div>\n\t\t\t\t<div class=\"elementor-element elementor-element-c17cbb1 elementor-widget elementor-widget-text-editor\" data-id=\"c17cbb1\" data-element_type=\"widget\" data-widget_type=\"text-editor.default\">\n\t\t\t\t<div class=\"elementor-widget-container\">\n\t\t\t\t\t\t\t\t\t<p class=\"p1\">Lorsque vous portez une robe Julieta, fermez les yeux et laissez votre imagination vous transporter dans le monde magique qui a inspir\u00e9 votre robe : vous vous imaginerez en train de vous promener dans les rues anciennes de V\u00e9rone, entre ses murs et ses jardins secrets.<\/p><p class=\"p1\">Vous vous surprendrez \u00e0 danser sur des airs d'op\u00e9ra de l'Ar\u00e8ne, comme une princesse \u00e0 son premier bal. Permettez-vous de vous sentir unique, permettez-vous de toujours r\u00eaver.<\/p>\t\t\t\t\t\t\t\t<\/div>\n\t\t\t\t<\/div>\n\t\t\t\t<div class=\"elementor-element elementor-element-e61ff14 underline elementor-mobile-align-left elementor-widget elementor-widget-button\" data-id=\"e61ff14\" data-element_type=\"widget\" data-widget_type=\"button.default\">\n\t\t\t\t<div class=\"elementor-widget-container\">\n\t\t\t\t\t\t\t\t\t<div class=\"elementor-button-wrapper\">\n\t\t\t\t\t<a class=\"elementor-button elementor-button-link elementor-size-sm\" href=\"\/fr\/shop\/\">\n\t\t\t\t\t\t<span class=\"elementor-button-content-wrapper\">\n\t\t\t\t\t\t\t\t\t<span class=\"elementor-button-text\">D\u00c9COUVRIR LA COLLECTION<\/span>\n\t\t\t\t\t<\/span>\n\t\t\t\t\t<\/a>\n\t\t\t\t<\/div>\n\t\t\t\t\t\t\t\t<\/div>\n\t\t\t\t<\/div>\n\t\t\t\t<\/div>\n\t\t<div class=\"elementor-element elementor-element-98a3537 e-con-full e-flex e-con e-child\" data-id=\"98a3537\" data-element_type=\"container\">\n\t\t\t\t<div class=\"elementor-element elementor-element-9a5219c elementor-widget elementor-widget-image\" data-id=\"9a5219c\" data-element_type=\"widget\" data-widget_type=\"image.default\">\n\t\t\t\t<div class=\"elementor-widget-container\">\n\t\t\t\t\t\t\t\t\t\t\t\t\t\t\t<img decoding=\"async\" width=\"1709\" height=\"2560\" src=\"https:\/\/julieta.splashdesk.it\/wp-content\/uploads\/2024\/05\/DSC_9089-scaled.jpg\" class=\"attachment-full size-full wp-image-1922\" alt=\"\" srcset=\"https:\/\/julieta.splashdesk.it\/wp-content\/uploads\/2024\/05\/DSC_9089-scaled.jpg 1709w, https:\/\/julieta.splashdesk.it\/wp-content\/uploads\/2024\/05\/DSC_9089-200x300.jpg 200w, https:\/\/julieta.splashdesk.it\/wp-content\/uploads\/2024\/05\/DSC_9089-684x1024.jpg 684w, https:\/\/julieta.splashdesk.it\/wp-content\/uploads\/2024\/05\/DSC_9089-768x1151.jpg 768w, https:\/\/julieta.splashdesk.it\/wp-content\/uploads\/2024\/05\/DSC_9089-1025x1536.jpg 1025w, https:\/\/julieta.splashdesk.it\/wp-content\/uploads\/2024\/05\/DSC_9089-1367x2048.jpg 1367w, https:\/\/julieta.splashdesk.it\/wp-content\/uploads\/2024\/05\/DSC_9089-8x12.jpg 8w, https:\/\/julieta.splashdesk.it\/wp-content\/uploads\/2024\/05\/DSC_9089-1200x1798.jpg 1200w\" sizes=\"(max-width: 1709px) 100vw, 1709px\" \/>\t\t\t\t\t\t\t\t\t\t\t\t\t\t\t<\/div>\n\t\t\t\t<\/div>\n\t\t\t\t<\/div>\n\t\t\t\t\t<\/div>\n\t\t\t\t<\/div>\n\t\t\t\t\t<\/div>\n\t\t\t\t<\/div>\n\t\t<div class=\"elementor-element elementor-element-4c3adae e-flex e-con-boxed e-con e-parent\" data-id=\"4c3adae\" data-element_type=\"container\">\n\t\t\t\t\t<div class=\"e-con-inner\">\n\t\t<div class=\"elementor-element elementor-element-d55f896 e-con-full e-flex e-con e-child\" data-id=\"d55f896\" data-element_type=\"container\">\n\t\t\t\t<div class=\"elementor-element elementor-element-70f2328 elementor-widget__width-auto elementor-widget-tablet__width-inherit elementor-widget elementor-widget-heading\" data-id=\"70f2328\" data-element_type=\"widget\" data-widget_type=\"heading.default\">\n\t\t\t\t<div class=\"elementor-widget-container\">\n\t\t\t\t\t<h2 class=\"elementor-heading-title elementor-size-default\">JULIETA EST TOI\n<\/h2>\t\t\t\t<\/div>\n\t\t\t\t<\/div>\n\t\t\t\t<div class=\"elementor-element elementor-element-01d78ed elementor-widget elementor-widget-text-editor\" data-id=\"01d78ed\" data-element_type=\"widget\" data-widget_type=\"text-editor.default\">\n\t\t\t\t<div class=\"elementor-widget-container\">\n\t\t\t\t\t\t\t\t\t<p class=\"p1\">Quelle que soit l'occasion, que vous marchiez dans les rues de la ville, dans les pi\u00e8ces secr\u00e8tes ou les jardins d'une f\u00eate, que vous soyez la star de la soir\u00e9e ou un simple invit\u00e9, nous aimons penser que nos v\u00eatements font partie de votre histoire.<\/p><p class=\"p1\">Chaque fois que vous choisissez de porter une robe de nos collections, Julieta vous voit, vous c\u00e9l\u00e8bre et vous embrasse, vous invitant \u00e0 r\u00eaver \u00e0 nouveau avec nous.<\/p>\t\t\t\t\t\t\t\t<\/div>\n\t\t\t\t<\/div>\n\t\t\t\t<div class=\"elementor-element elementor-element-952eee6 e-transform elementor-widget elementor-widget-heading\" data-id=\"952eee6\" data-element_type=\"widget\" data-settings=\"{&quot;_transform_rotateZ_effect&quot;:{&quot;unit&quot;:&quot;px&quot;,&quot;size&quot;:-3,&quot;sizes&quot;:[]},&quot;_transform_rotateZ_effect_tablet&quot;:{&quot;unit&quot;:&quot;deg&quot;,&quot;size&quot;:&quot;&quot;,&quot;sizes&quot;:[]},&quot;_transform_rotateZ_effect_mobile&quot;:{&quot;unit&quot;:&quot;deg&quot;,&quot;size&quot;:&quot;&quot;,&quot;sizes&quot;:[]}}\" data-widget_type=\"heading.default\">\n\t\t\t\t<div class=\"elementor-widget-container\">\n\t\t\t\t\t<h2 class=\"elementor-heading-title elementor-size-default\">avec l'affection de l'\u00e9quipe Julieta \n<\/h2>\t\t\t\t<\/div>\n\t\t\t\t<\/div>\n\t\t\t\t<\/div>\n\t\t<div class=\"elementor-element elementor-element-1273bc4 e-con-full e-flex e-con e-child\" data-id=\"1273bc4\" data-element_type=\"container\">\n\t\t\t\t<div class=\"elementor-element elementor-element-7639325 elementor-widget elementor-widget-image\" data-id=\"7639325\" data-element_type=\"widget\" data-widget_type=\"image.default\">\n\t\t\t\t<div class=\"elementor-widget-container\">\n\t\t\t\t\t\t\t\t\t\t\t\t\t\t\t<img loading=\"lazy\" decoding=\"async\" width=\"2362\" height=\"1577\" src=\"https:\/\/julieta.splashdesk.it\/wp-content\/uploads\/2024\/05\/Abito_corto_in_broccato_3.jpg\" class=\"attachment-full size-full wp-image-1823\" alt=\"\" srcset=\"https:\/\/julieta.splashdesk.it\/wp-content\/uploads\/2024\/05\/Abito_corto_in_broccato_3.jpg 2362w, https:\/\/julieta.splashdesk.it\/wp-content\/uploads\/2024\/05\/Abito_corto_in_broccato_3-300x200.jpg 300w, https:\/\/julieta.splashdesk.it\/wp-content\/uploads\/2024\/05\/Abito_corto_in_broccato_3-1024x684.jpg 1024w, https:\/\/julieta.splashdesk.it\/wp-content\/uploads\/2024\/05\/Abito_corto_in_broccato_3-768x513.jpg 768w, https:\/\/julieta.splashdesk.it\/wp-content\/uploads\/2024\/05\/Abito_corto_in_broccato_3-1536x1026.jpg 1536w, https:\/\/julieta.splashdesk.it\/wp-content\/uploads\/2024\/05\/Abito_corto_in_broccato_3-2048x1367.jpg 2048w, https:\/\/julieta.splashdesk.it\/wp-content\/uploads\/2024\/05\/Abito_corto_in_broccato_3-18x12.jpg 18w, https:\/\/julieta.splashdesk.it\/wp-content\/uploads\/2024\/05\/Abito_corto_in_broccato_3-1200x801.jpg 1200w\" sizes=\"(max-width: 2362px) 100vw, 2362px\" \/>\t\t\t\t\t\t\t\t\t\t\t\t\t\t\t<\/div>\n\t\t\t\t<\/div>\n\t\t\t\t<\/div>\n\t\t\t\t\t<\/div>\n\t\t\t\t<\/div>\n\t\t\t\t<\/div>","protected":false},"excerpt":{"rendered":"<p>About us C&#8217;ERA UNA VOLTA JULIETA\u2026 In un angolo incantato d\u2019 Italia, tra le antiche strade di Verona, un incontro [&hellip;]<\/p>","protected":false},"author":2,"featured_media":0,"parent":0,"menu_order":0,"comment_status":"closed","ping_status":"closed","template":"elementor_header_footer","meta":{"site-sidebar-layout":"no-sidebar","site-content-layout":"","ast-site-content-layout":"full-width-container","site-content-style":"default","site-sidebar-style":"default","ast-global-header-display":"","ast-banner-title-visibility":"","ast-main-header-display":"","ast-hfb-above-header-display":"","ast-hfb-below-header-display":"","ast-hfb-mobile-header-display":"","site-post-title":"disabled","ast-breadcrumbs-content":"","ast-featured-img":"disabled","footer-sml-layout":"","theme-transparent-header-meta":"","adv-header-id-meta":"","stick-header-meta":"","header-above-stick-meta":"","header-main-stick-meta":"","header-below-stick-meta":"","astra-migrate-meta-layouts":"default","ast-page-background-enabled":"default","ast-page-background-meta":{"desktop":{"background-color":"var(--ast-global-color-4)","background-image":"","background-repeat":"repeat","background-position":"center center","background-size":"auto","background-attachment":"scroll","background-type":"","background-media":"","overlay-type":"","overlay-color":"","overlay-opacity":"","overlay-gradient":""},"tablet":{"background-color":"","background-image":"","background-repeat":"repeat","background-position":"center center","background-size":"auto","background-attachment":"scroll","background-type":"","background-media":"","overlay-type":"","overlay-color":"","overlay-opacity":"","overlay-gradient":""},"mobile":{"background-color":"","background-image":"","background-repeat":"repeat","background-position":"center center","background-size":"auto","background-attachment":"scroll","background-type":"","background-media":"","overlay-type":"","overlay-color":"","overlay-opacity":"","overlay-gradient":""}},"ast-content-background-meta":{"desktop":{"background-color":"var(--ast-global-color-5)","background-image":"","background-repeat":"repeat","background-position":"center center","background-size":"auto","background-attachment":"scroll","background-type":"","background-media":"","overlay-type":"","overlay-color":"","overlay-opacity":"","overlay-gradient":""},"tablet":{"background-color":"var(--ast-global-color-5)","background-image":"","background-repeat":"repeat","background-position":"center center","background-size":"auto","background-attachment":"scroll","background-type":"","background-media":"","overlay-type":"","overlay-color":"","overlay-opacity":"","overlay-gradient":""},"mobile":{"background-color":"var(--ast-global-color-5)","background-image":"","background-repeat":"repeat","background-position":"center center","background-size":"auto","background-attachment":"scroll","background-type":"","background-media":"","overlay-type":"","overlay-color":"","overlay-opacity":"","overlay-gradient":""}},"footnotes":""},"class_list":["post-792","page","type-page","status-publish","hentry"],"_links":{"self":[{"href":"https:\/\/julieta.splashdesk.it\/fr\/wp-json\/wp\/v2\/pages\/792","targetHints":{"allow":["GET"]}}],"collection":[{"href":"https:\/\/julieta.splashdesk.it\/fr\/wp-json\/wp\/v2\/pages"}],"about":[{"href":"https:\/\/julieta.splashdesk.it\/fr\/wp-json\/wp\/v2\/types\/page"}],"author":[{"embeddable":true,"href":"https:\/\/julieta.splashdesk.it\/fr\/wp-json\/wp\/v2\/users\/2"}],"replies":[{"embeddable":true,"href":"https:\/\/julieta.splashdesk.it\/fr\/wp-json\/wp\/v2\/comments?post=792"}],"version-history":[{"count":130,"href":"https:\/\/julieta.splashdesk.it\/fr\/wp-json\/wp\/v2\/pages\/792\/revisions"}],"predecessor-version":[{"id":2117,"href":"https:\/\/julieta.splashdesk.it\/fr\/wp-json\/wp\/v2\/pages\/792\/revisions\/2117"}],"wp:attachment":[{"href":"https:\/\/julieta.splashdesk.it\/fr\/wp-json\/wp\/v2\/media?parent=792"}],"curies":[{"name":"wp","href":"https:\/\/api.w.org\/{rel}","templated":true}]}}