{"id":1062,"date":"2024-04-18T14:31:20","date_gmt":"2024-04-18T12:31:20","guid":{"rendered":"https:\/\/julieta.splashdesk.it\/?page_id=1062"},"modified":"2024-05-08T14:34:44","modified_gmt":"2024-05-08T12:34:44","slug":"collezioni","status":"publish","type":"page","link":"https:\/\/julieta.splashdesk.it\/fr\/collezioni\/","title":{"rendered":"Collections"},"content":{"rendered":"<div data-elementor-type=\"wp-page\" data-elementor-id=\"1062\" class=\"elementor elementor-1062\" data-elementor-post-type=\"page\">\n\t\t\t\t<div class=\"elementor-element elementor-element-17c5d65 e-flex e-con-boxed e-con e-parent\" data-id=\"17c5d65\" data-element_type=\"container\" data-settings=\"{&quot;background_background&quot;:&quot;slideshow&quot;,&quot;background_motion_fx_translateY_effect&quot;:&quot;yes&quot;,&quot;background_slideshow_gallery&quot;:[{&quot;id&quot;:1827,&quot;url&quot;:&quot;https:\\\/\\\/julieta.splashdesk.it\\\/wp-content\\\/uploads\\\/2024\\\/05\\\/Copia_di_DSC_9629.jpg&quot;},{&quot;id&quot;:1825,&quot;url&quot;:&quot;https:\\\/\\\/julieta.splashdesk.it\\\/wp-content\\\/uploads\\\/2024\\\/05\\\/Francesca_146-1_047a8c78-6090-492f-b354-b997ac20c93e.jpg&quot;},{&quot;id&quot;:1826,&quot;url&quot;:&quot;https:\\\/\\\/julieta.splashdesk.it\\\/wp-content\\\/uploads\\\/2024\\\/05\\\/Rosa_rosa_20.jpg&quot;}],&quot;background_slideshow_ken_burns&quot;:&quot;yes&quot;,&quot;background_slideshow_loop&quot;:&quot;yes&quot;,&quot;background_slideshow_slide_duration&quot;:5000,&quot;background_slideshow_slide_transition&quot;:&quot;fade&quot;,&quot;background_slideshow_transition_duration&quot;:500,&quot;background_slideshow_ken_burns_zoom_direction&quot;:&quot;in&quot;,&quot;background_motion_fx_translateY_speed&quot;:{&quot;unit&quot;:&quot;px&quot;,&quot;size&quot;:4,&quot;sizes&quot;:[]},&quot;background_motion_fx_translateY_affectedRange&quot;:{&quot;unit&quot;:&quot;%&quot;,&quot;size&quot;:&quot;&quot;,&quot;sizes&quot;:{&quot;start&quot;:0,&quot;end&quot;:100}},&quot;background_motion_fx_devices&quot;:[&quot;desktop&quot;,&quot;tablet&quot;,&quot;mobile&quot;]}\">\n\t\t\t\t\t<div class=\"e-con-inner\">\n\t\t\t\t<div class=\"elementor-element elementor-element-a81c539 elementor-widget elementor-widget-heading\" data-id=\"a81c539\" data-element_type=\"widget\" data-widget_type=\"heading.default\">\n\t\t\t\t<div class=\"elementor-widget-container\">\n\t\t\t\t\t<h1 class=\"elementor-heading-title elementor-size-default\">Collections<\/h1>\t\t\t\t<\/div>\n\t\t\t\t<\/div>\n\t\t\t\t\t<\/div>\n\t\t\t\t<\/div>\n\t\t<div class=\"elementor-element elementor-element-9c40b8a e-flex e-con-boxed e-con e-parent\" data-id=\"9c40b8a\" data-element_type=\"container\">\n\t\t\t\t\t<div class=\"e-con-inner\">\n\t\t<div class=\"elementor-element elementor-element-5afa4a7 e-con-full e-flex e-con e-child\" data-id=\"5afa4a7\" data-element_type=\"container\">\n\t\t<div class=\"elementor-element elementor-element-8cae4c7 e-flex e-con-boxed e-con e-child\" data-id=\"8cae4c7\" data-element_type=\"container\">\n\t\t\t\t\t<div class=\"e-con-inner\">\n\t\t\t\t<div class=\"elementor-element elementor-element-b83c214 elementor-widget elementor-widget-text-editor\" data-id=\"b83c214\" data-element_type=\"widget\" data-widget_type=\"text-editor.default\">\n\t\t\t\t<div class=\"elementor-widget-container\">\n\t\t\t\t\t\t\t\t\t<p>Les histoires qui se cachent derri\u00e8re nos cr\u00e9ations<\/p>\t\t\t\t\t\t\t\t<\/div>\n\t\t\t\t<\/div>\n\t\t\t\t<div class=\"elementor-element elementor-element-5f03cce elementor-widget elementor-widget-text-editor\" data-id=\"5f03cce\" data-element_type=\"widget\" data-widget_type=\"text-editor.default\">\n\t\t\t\t<div class=\"elementor-widget-container\">\n\t\t\t\t\t\t\t\t\t<p>Chaque cr\u00e9ation de Julieta contient une histoire qui parle de passion, de beaut\u00e9 et de r\u00eaves intemporels. Du choix complexe des tissus aux silhouettes qui dansent entre tradition et modernit\u00e9, chaque v\u00eatement est un voyage \u00e9motionnel dans les rues de V\u00e9rone, o\u00f9 le romantisme se m\u00eale \u00e0 l'\u00e9l\u00e9gance.<\/p>\t\t\t\t\t\t\t\t<\/div>\n\t\t\t\t<\/div>\n\t\t\t\t\t<\/div>\n\t\t\t\t<\/div>\n\t\t\t\t<div class=\"elementor-element elementor-element-8561d23 elementor-grid-1 elementor-grid-tablet-2 elementor-grid-mobile-1 elementor-posts--thumbnail-top elementor-widget elementor-widget-posts\" data-id=\"8561d23\" data-element_type=\"widget\" data-settings=\"{&quot;classic_columns&quot;:&quot;1&quot;,&quot;classic_columns_tablet&quot;:&quot;2&quot;,&quot;classic_columns_mobile&quot;:&quot;1&quot;,&quot;classic_row_gap&quot;:{&quot;unit&quot;:&quot;px&quot;,&quot;size&quot;:35,&quot;sizes&quot;:[]},&quot;classic_row_gap_tablet&quot;:{&quot;unit&quot;:&quot;px&quot;,&quot;size&quot;:&quot;&quot;,&quot;sizes&quot;:[]},&quot;classic_row_gap_mobile&quot;:{&quot;unit&quot;:&quot;px&quot;,&quot;size&quot;:&quot;&quot;,&quot;sizes&quot;:[]}}\" data-widget_type=\"posts.classic\">\n\t\t\t\t<div class=\"elementor-widget-container\">\n\t\t\t\t\t\t\t<div class=\"elementor-posts-container elementor-posts elementor-posts--skin-classic elementor-grid\">\n\t\t\t\t<article class=\"elementor-post elementor-grid-item post-370 post type-post status-publish format-standard has-post-thumbnail hentry category-home-1\">\n\t\t\t\t<a class=\"elementor-post__thumbnail__link\" href=\"https:\/\/julieta.splashdesk.it\/fr\/sibilla\/\" tabindex=\"-1\" >\n\t\t\t<div class=\"elementor-post__thumbnail\"><img fetchpriority=\"high\" decoding=\"async\" width=\"720\" height=\"481\" src=\"https:\/\/julieta.splashdesk.it\/wp-content\/uploads\/2024\/03\/DSC_8683_720x.webp\" class=\"attachment-full size-full wp-image-350\" alt=\"\" srcset=\"https:\/\/julieta.splashdesk.it\/wp-content\/uploads\/2024\/03\/DSC_8683_720x.webp 720w, https:\/\/julieta.splashdesk.it\/wp-content\/uploads\/2024\/03\/DSC_8683_720x-300x200.webp 300w, https:\/\/julieta.splashdesk.it\/wp-content\/uploads\/2024\/03\/DSC_8683_720x-600x401.webp 600w\" sizes=\"(max-width: 720px) 100vw, 720px\" \/><\/div>\n\t\t<\/a>\n\t\t\t\t<div class=\"elementor-post__text\">\n\t\t\t\t<h3 class=\"elementor-post__title\">\n\t\t\t<a href=\"https:\/\/julieta.splashdesk.it\/fr\/sibilla\/\" >\n\t\t\t\tSibylle de Luxembourg\t\t\t<\/a>\n\t\t<\/h3>\n\t\t\t\t<div class=\"elementor-post__excerpt\">\n\t\t\t<p>F\u00e9minine et coquine, la robe trap\u00e8ze est une tendance issue des d\u00e9fil\u00e9s des ann\u00e9es 1960 et toujours d'actualit\u00e9. Avec sa ligne \u00e9vas\u00e9e, elle est appr\u00e9ci\u00e9e des femmes pour l'essentialit\u00e9 de sa silhouette qui affine la taille et affine les jambes, ce qui en fait une robe adapt\u00e9e \u00e0 chaque physique. Julieta la repropose dans une tonalit\u00e9 moderne, recouverte de perles et de paillettes qui refl\u00e8tent la lumi\u00e8re m\u00eame la nuit, dans une parfaite ambiance festive. Romantique et l\u00e9g\u00e8re, la robe Psych\u00e9 se pr\u00eate \u00e0 deux utilisations : la tenue d'occasion, pour celles qui recherchent une allure plus chic, accompagn\u00e9e de chaussures \u00e0 talons, et la tenue plus quotidienne. Une botte au genou et un gilet en laine sont en effet le secret pour porter des paillettes m\u00eame en journ\u00e9e.<\/p>\n\t\t<\/div>\n\t\t\n\t\t<a class=\"elementor-post__read-more\" href=\"https:\/\/julieta.splashdesk.it\/fr\/sibilla\/\" aria-label=\"En savoir plus sur Sibilla Di Lussemburgo\" tabindex=\"-1\" >\n\t\t\tLire la suite \"\t\t<\/a>\n\n\t\t\t\t<\/div>\n\t\t\t\t<\/article>\n\t\t\t\t<article class=\"elementor-post elementor-grid-item post-368 post type-post status-publish format-standard has-post-thumbnail hentry category-home-1\">\n\t\t\t\t<a class=\"elementor-post__thumbnail__link\" href=\"https:\/\/julieta.splashdesk.it\/fr\/grace-kelly\/\" tabindex=\"-1\" >\n\t\t\t<div class=\"elementor-post__thumbnail\"><img decoding=\"async\" width=\"720\" height=\"1080\" src=\"https:\/\/julieta.splashdesk.it\/wp-content\/uploads\/2024\/03\/Francesca_386_l_b4f1a697-ea18-4432-b323-ad4b2b72462a_720x.webp\" class=\"attachment-full size-full wp-image-291\" alt=\"\" srcset=\"https:\/\/julieta.splashdesk.it\/wp-content\/uploads\/2024\/03\/Francesca_386_l_b4f1a697-ea18-4432-b323-ad4b2b72462a_720x.webp 720w, https:\/\/julieta.splashdesk.it\/wp-content\/uploads\/2024\/03\/Francesca_386_l_b4f1a697-ea18-4432-b323-ad4b2b72462a_720x-600x900.webp 600w, https:\/\/julieta.splashdesk.it\/wp-content\/uploads\/2024\/03\/Francesca_386_l_b4f1a697-ea18-4432-b323-ad4b2b72462a_720x-200x300.webp 200w, https:\/\/julieta.splashdesk.it\/wp-content\/uploads\/2024\/03\/Francesca_386_l_b4f1a697-ea18-4432-b323-ad4b2b72462a_720x-683x1024.webp 683w\" sizes=\"(max-width: 720px) 100vw, 720px\" \/><\/div>\n\t\t<\/a>\n\t\t\t\t<div class=\"elementor-post__text\">\n\t\t\t\t<h3 class=\"elementor-post__title\">\n\t\t\t<a href=\"https:\/\/julieta.splashdesk.it\/fr\/grace-kelly\/\" >\n\t\t\t\tGrace Kelly\t\t\t<\/a>\n\t\t<\/h3>\n\t\t\t\t<div class=\"elementor-post__excerpt\">\n\t\t\t<p>Le ciel \u00e9toil\u00e9 est le portrait de la f\u00e9minit\u00e9 et de l'\u00e9l\u00e9gance absolue : sa ligne fluide tombe avec l\u00e9g\u00e8ret\u00e9 sans marquer les formes, laissant deviner une douce ouverture sir\u00e8ne au-dessus des chevilles, qui restent d\u00e9couvertes. Un caract\u00e8re doux et raffin\u00e9 qui ne renonce pas au clinquant : le tulle effet nude est constell\u00e9 de clous diamant\u00e9s facett\u00e9s qui illuminent le ciel nocturne. L'effet dramatique de la robe est amplifi\u00e9 par le mouvement qui fait ressembler les pierres pr\u00e9cieuses \u00e0 un v\u00e9ritable tapis d'\u00e9toiles qui s'allument et s'\u00e9teignent en fonction de la fa\u00e7on dont elles refl\u00e8tent la lumi\u00e8re. Le ciel \u00e9toil\u00e9 est un v\u00eatement suspendu dans le temps : le look de r\u00eave parfait pour une occasion inoubliable. \u00c0 d\u00e9couvrir en rose, bleu clair et noir.<\/p>\n\t\t<\/div>\n\t\t\n\t\t<a class=\"elementor-post__read-more\" href=\"https:\/\/julieta.splashdesk.it\/fr\/grace-kelly\/\" aria-label=\"En savoir plus sur Grace Kelly\" tabindex=\"-1\" >\n\t\t\tLire la suite \"\t\t<\/a>\n\n\t\t\t\t<\/div>\n\t\t\t\t<\/article>\n\t\t\t\t<article class=\"elementor-post elementor-grid-item post-365 post type-post status-publish format-standard has-post-thumbnail hentry category-home-1\">\n\t\t\t\t<a class=\"elementor-post__thumbnail__link\" href=\"https:\/\/julieta.splashdesk.it\/fr\/victoria-di-svezia\/\" tabindex=\"-1\" >\n\t\t\t<div class=\"elementor-post__thumbnail\"><img decoding=\"async\" width=\"1121\" height=\"537\" src=\"https:\/\/julieta.splashdesk.it\/wp-content\/uploads\/2024\/03\/Rosa_Rosa_1.12.webp\" class=\"attachment-full size-full wp-image-366\" alt=\"\" srcset=\"https:\/\/julieta.splashdesk.it\/wp-content\/uploads\/2024\/03\/Rosa_Rosa_1.12.webp 1121w, https:\/\/julieta.splashdesk.it\/wp-content\/uploads\/2024\/03\/Rosa_Rosa_1.12-300x144.webp 300w, https:\/\/julieta.splashdesk.it\/wp-content\/uploads\/2024\/03\/Rosa_Rosa_1.12-1024x491.webp 1024w, https:\/\/julieta.splashdesk.it\/wp-content\/uploads\/2024\/03\/Rosa_Rosa_1.12-768x368.webp 768w, https:\/\/julieta.splashdesk.it\/wp-content\/uploads\/2024\/03\/Rosa_Rosa_1.12-600x287.webp 600w\" sizes=\"(max-width: 1121px) 100vw, 1121px\" \/><\/div>\n\t\t<\/a>\n\t\t\t\t<div class=\"elementor-post__text\">\n\t\t\t\t<h3 class=\"elementor-post__title\">\n\t\t\t<a href=\"https:\/\/julieta.splashdesk.it\/fr\/victoria-di-svezia\/\" >\n\t\t\t\tVictoria de Su\u00e8de\t\t\t<\/a>\n\t\t<\/h3>\n\t\t\t\t<div class=\"elementor-post__excerpt\">\n\t\t\t<p>Toujours symbole d'opulence et de puissance, le brocart est un tissu synonyme de luxe et de sophistication qui a s\u00e9duit les cr\u00e9ateurs les plus en vogue. Avec ses motifs dor\u00e9s en relief, la trame du brocart est pr\u00e9cieuse et riche en reflets, ce qui conf\u00e8re \u00e0 chaque look une touche royale.      Le jardin d'hiver est la robe de conte de f\u00e9es qui raconte la magie des fleurs qui s'\u00e9panouissent dans le froid \u00e0 travers les couleurs rose et bleu.      Le mod\u00e8le est ultra-f\u00e9minin, avec l'\u00e9ternel d\u00e9collet\u00e9 en c\u0153ur sur l'encolure et les manches bouffantes amovibles.  Une robe polyvalente et romantique, qui peut \u00e9galement \u00eatre port\u00e9e lors d'occasions informelles avec un surblazer et un amphibie noir.<\/p>\n\t\t<\/div>\n\t\t\n\t\t<a class=\"elementor-post__read-more\" href=\"https:\/\/julieta.splashdesk.it\/fr\/victoria-di-svezia\/\" aria-label=\"En savoir plus sur Victoria Di Svezia\" tabindex=\"-1\" >\n\t\t\tLire la suite \"\t\t<\/a>\n\n\t\t\t\t<\/div>\n\t\t\t\t<\/article>\n\t\t\t\t<article class=\"elementor-post elementor-grid-item post-363 post type-post status-publish format-standard has-post-thumbnail hentry category-home-2\">\n\t\t\t\t<a class=\"elementor-post__thumbnail__link\" href=\"https:\/\/julieta.splashdesk.it\/fr\/astrid\/\" tabindex=\"-1\" >\n\t\t\t<div class=\"elementor-post__thumbnail\"><img loading=\"lazy\" decoding=\"async\" width=\"720\" height=\"1079\" src=\"https:\/\/julieta.splashdesk.it\/wp-content\/uploads\/2024\/03\/CopiadiDSC_9857_66e0dcac-2402-44b2-9949-b99821e30f97_720x.webp\" class=\"attachment-full size-full wp-image-271\" alt=\"\" srcset=\"https:\/\/julieta.splashdesk.it\/wp-content\/uploads\/2024\/03\/CopiadiDSC_9857_66e0dcac-2402-44b2-9949-b99821e30f97_720x.webp 720w, https:\/\/julieta.splashdesk.it\/wp-content\/uploads\/2024\/03\/CopiadiDSC_9857_66e0dcac-2402-44b2-9949-b99821e30f97_720x-600x900.webp 600w, https:\/\/julieta.splashdesk.it\/wp-content\/uploads\/2024\/03\/CopiadiDSC_9857_66e0dcac-2402-44b2-9949-b99821e30f97_720x-200x300.webp 200w, https:\/\/julieta.splashdesk.it\/wp-content\/uploads\/2024\/03\/CopiadiDSC_9857_66e0dcac-2402-44b2-9949-b99821e30f97_720x-683x1024.webp 683w\" sizes=\"(max-width: 720px) 100vw, 720px\" \/><\/div>\n\t\t<\/a>\n\t\t\t\t<div class=\"elementor-post__text\">\n\t\t\t\t<h3 class=\"elementor-post__title\">\n\t\t\t<a href=\"https:\/\/julieta.splashdesk.it\/fr\/astrid\/\" >\n\t\t\t\tAstrid de Belgique\t\t\t<\/a>\n\t\t<\/h3>\n\t\t\t\t<div class=\"elementor-post__excerpt\">\n\t\t\t<p>Glamour et tendance, la mini robe noire est le v\u00eatement intemporel par excellence qui vous rendra impeccable lors des grandes occasions. Dans notre robe Calliope, le caract\u00e8re sexy des transparences est associ\u00e9 au caract\u00e8re romantique et f\u00e9minin des fleurs appliqu\u00e9es \u00e0 la main sur les bonnets. La coupe en V \u00e0 la taille met en valeur la broderie sur le d\u00e9collet\u00e9, accentuant le contraste entre les tissus. Sur la jupe, un jeu de volants dans le velours flatte la silhouette et affine la taille, donnant \u00e0 la robe un sex-appeal unique. Avec la robe Calliope, un seul mot d'ordre : osez !<\/p>\n\t\t<\/div>\n\t\t\n\t\t<a class=\"elementor-post__read-more\" href=\"https:\/\/julieta.splashdesk.it\/fr\/astrid\/\" aria-label=\"En savoir plus sur Astrid di Belgio\" tabindex=\"-1\" >\n\t\t\tLire la suite \"\t\t<\/a>\n\n\t\t\t\t<\/div>\n\t\t\t\t<\/article>\n\t\t\t\t<article class=\"elementor-post elementor-grid-item post-360 post type-post status-publish format-standard has-post-thumbnail hentry category-home-2\">\n\t\t\t\t<a class=\"elementor-post__thumbnail__link\" href=\"https:\/\/julieta.splashdesk.it\/fr\/rania-di-giordania\/\" tabindex=\"-1\" >\n\t\t\t<div class=\"elementor-post__thumbnail\"><img loading=\"lazy\" decoding=\"async\" width=\"768\" height=\"1024\" src=\"https:\/\/julieta.splashdesk.it\/wp-content\/uploads\/2024\/03\/IMG-20231031-WA0025_1024x1024.webp\" class=\"attachment-full size-full wp-image-361\" alt=\"\" srcset=\"https:\/\/julieta.splashdesk.it\/wp-content\/uploads\/2024\/03\/IMG-20231031-WA0025_1024x1024.webp 768w, https:\/\/julieta.splashdesk.it\/wp-content\/uploads\/2024\/03\/IMG-20231031-WA0025_1024x1024-225x300.webp 225w, https:\/\/julieta.splashdesk.it\/wp-content\/uploads\/2024\/03\/IMG-20231031-WA0025_1024x1024-600x800.webp 600w\" sizes=\"(max-width: 768px) 100vw, 768px\" \/><\/div>\n\t\t<\/a>\n\t\t\t\t<div class=\"elementor-post__text\">\n\t\t\t\t<h3 class=\"elementor-post__title\">\n\t\t\t<a href=\"https:\/\/julieta.splashdesk.it\/fr\/rania-di-giordania\/\" >\n\t\t\t\tRania de Jordanie\t\t\t<\/a>\n\t\t<\/h3>\n\t\t\t\t<div class=\"elementor-post__excerpt\">\n\t\t\t<p>Le compte \u00e0 rebours des festivit\u00e9s les plus attendues de l'ann\u00e9e a commenc\u00e9 et, avec lui, la recherche fatidique de la tenue parfaite pour briller \"toute la nuit\". Pandora est la robe \u00e0 la fente vertigineuse qui, avec sa cha\u00eene de cristaux pr\u00e9cieux cousue \u00e0 la main, braquera les projecteurs sur vous, vous faisant sentir comme la star incontest\u00e9e de la derni\u00e8re nuit de l'ann\u00e9e et, pourquoi pas, d'une soir\u00e9e de gala, d'une \"premi\u00e8re\" au th\u00e9\u00e2tre ou d'une importante f\u00eate d'anniversaire. Fabriqu\u00e9 en maille Milano, il rehausse le charme de la sensualit\u00e9 f\u00e9minine gr\u00e2ce \u00e0 sa coupe droite, qui met en valeur les formes du corps et lui donne un effet WOW.   Sc\u00e9nique et glamour, Pandora est la robe bijou pour un vrai look de diva hollywoodienne. Choisissez-la dans la couleur noire, plus audacieuse, ou dans les tons sable, plus d\u00e9licats.<\/p>\n\t\t<\/div>\n\t\t\n\t\t<a class=\"elementor-post__read-more\" href=\"https:\/\/julieta.splashdesk.it\/fr\/rania-di-giordania\/\" aria-label=\"En savoir plus sur Rania Di Giordania\" tabindex=\"-1\" >\n\t\t\tLire la suite \"\t\t<\/a>\n\n\t\t\t\t<\/div>\n\t\t\t\t<\/article>\n\t\t\t\t<article class=\"elementor-post elementor-grid-item post-358 post type-post status-publish format-standard has-post-thumbnail hentry category-home-2\">\n\t\t\t\t<a class=\"elementor-post__thumbnail__link\" href=\"https:\/\/julieta.splashdesk.it\/fr\/anastasia-romanov\/\" tabindex=\"-1\" >\n\t\t\t<div class=\"elementor-post__thumbnail\"><img loading=\"lazy\" decoding=\"async\" width=\"720\" height=\"1079\" src=\"https:\/\/julieta.splashdesk.it\/wp-content\/uploads\/2024\/03\/Abito_midi_in_punto_milano1_720x.webp\" class=\"attachment-full size-full wp-image-329\" alt=\"\" srcset=\"https:\/\/julieta.splashdesk.it\/wp-content\/uploads\/2024\/03\/Abito_midi_in_punto_milano1_720x.webp 720w, https:\/\/julieta.splashdesk.it\/wp-content\/uploads\/2024\/03\/Abito_midi_in_punto_milano1_720x-600x900.webp 600w, https:\/\/julieta.splashdesk.it\/wp-content\/uploads\/2024\/03\/Abito_midi_in_punto_milano1_720x-200x300.webp 200w, https:\/\/julieta.splashdesk.it\/wp-content\/uploads\/2024\/03\/Abito_midi_in_punto_milano1_720x-683x1024.webp 683w\" sizes=\"(max-width: 720px) 100vw, 720px\" \/><\/div>\n\t\t<\/a>\n\t\t\t\t<div class=\"elementor-post__text\">\n\t\t\t\t<h3 class=\"elementor-post__title\">\n\t\t\t<a href=\"https:\/\/julieta.splashdesk.it\/fr\/anastasia-romanov\/\" >\n\t\t\t\tAnastasia Romanov\t\t\t<\/a>\n\t\t<\/h3>\n\t\t\t\t<div class=\"elementor-post__excerpt\">\n\t\t\t<p>C'est la tendance stylistique qui s'est impos\u00e9e dans le c\u0153ur des c\u00e9l\u00e9brit\u00e9s du monde entier : la maille strass\u00e9e est le d\u00e9tail incontournable d'une tenue qui fait tourner les t\u00eates. Si vous \u00eates \u00e0 la recherche d'un look f\u00e9minin et contemporain \u00e0 exhiber lors des rencontres les plus exclusives, la robe Narciso est la tenue qu'il vous faut. Une robe midi, sensuelle, enrichie d'empi\u00e8cements en maille enti\u00e8rement clout\u00e9s de strass multicolores et d'un grand impact visuel. Dans le dos, un d\u00e9collet\u00e9 \u00e9poustouflant et ultra-brillant attirera tous les regards et vous donnera l'impression d'\u00eatre la star de la soir\u00e9e !<\/p>\n\t\t<\/div>\n\t\t\n\t\t<a class=\"elementor-post__read-more\" href=\"https:\/\/julieta.splashdesk.it\/fr\/anastasia-romanov\/\" aria-label=\"En savoir plus sur Anastasia Romanov\" tabindex=\"-1\" >\n\t\t\tLire la suite \"\t\t<\/a>\n\n\t\t\t\t<\/div>\n\t\t\t\t<\/article>\n\t\t\t\t<\/div>\n\t\t\n\t\t\t\t\t\t<\/div>\n\t\t\t\t<\/div>\n\t\t\t\t<\/div>\n\t\t<div class=\"elementor-element elementor-element-5ee4ca1 e-con-full e-flex e-con e-child\" data-id=\"5ee4ca1\" data-element_type=\"container\" data-settings=\"{&quot;sticky&quot;:&quot;top&quot;,&quot;sticky_on&quot;:[&quot;desktop&quot;,&quot;tablet&quot;],&quot;sticky_offset&quot;:100,&quot;sticky_effects_offset&quot;:10,&quot;sticky_parent&quot;:&quot;yes&quot;,&quot;sticky_anchor_link_offset&quot;:0}\">\n\t\t<div class=\"elementor-element elementor-element-066371a e-flex e-con-boxed e-con e-child\" data-id=\"066371a\" data-element_type=\"container\" data-settings=\"{&quot;background_background&quot;:&quot;classic&quot;}\">\n\t\t\t\t\t<div class=\"e-con-inner\">\n\t\t\t\t<div class=\"elementor-element elementor-element-bfe321a elementor-widget elementor-widget-text-editor\" data-id=\"bfe321a\" data-element_type=\"widget\" data-widget_type=\"text-editor.default\">\n\t\t\t\t<div class=\"elementor-widget-container\">\n\t\t\t\t\t\t\t\t\t<p>D\u00e9couvrir les collections<\/p>\t\t\t\t\t\t\t\t<\/div>\n\t\t\t\t<\/div>\n\t\t\t\t<div class=\"elementor-element elementor-element-12f41e1 underline elementor-mobile-align-justify elementor-align-center elementor-widget elementor-widget-button\" data-id=\"12f41e1\" data-element_type=\"widget\" data-widget_type=\"button.default\">\n\t\t\t\t<div class=\"elementor-widget-container\">\n\t\t\t\t\t\t\t\t\t<div class=\"elementor-button-wrapper\">\n\t\t\t\t\t<a class=\"elementor-button elementor-button-link elementor-size-sm\" href=\"#\">\n\t\t\t\t\t\t<span class=\"elementor-button-content-wrapper\">\n\t\t\t\t\t\t\t\t\t<span class=\"elementor-button-text\">Aller \u00e0 la boutique<\/span>\n\t\t\t\t\t<\/span>\n\t\t\t\t\t<\/a>\n\t\t\t\t<\/div>\n\t\t\t\t\t\t\t\t<\/div>\n\t\t\t\t<\/div>\n\t\t\t\t\t<\/div>\n\t\t\t\t<\/div>\n\t\t<div class=\"elementor-element elementor-element-f4d9e76 e-flex e-con-boxed e-con e-child\" data-id=\"f4d9e76\" data-element_type=\"container\" data-settings=\"{&quot;background_background&quot;:&quot;classic&quot;}\">\n\t\t\t\t\t<div class=\"e-con-inner\">\n\t\t\t\t<div class=\"elementor-element elementor-element-4060f0e elementor-widget elementor-widget-text-editor\" data-id=\"4060f0e\" data-element_type=\"widget\" data-widget_type=\"text-editor.default\">\n\t\t\t\t<div class=\"elementor-widget-container\">\n\t\t\t\t\t\t\t\t\t<p>Demande de consultation<\/p>\t\t\t\t\t\t\t\t<\/div>\n\t\t\t\t<\/div>\n\t\t\t\t<div class=\"elementor-element elementor-element-0b2ef57 underline elementor-mobile-align-justify elementor-align-center elementor-widget elementor-widget-button\" data-id=\"0b2ef57\" data-element_type=\"widget\" data-widget_type=\"button.default\">\n\t\t\t\t<div class=\"elementor-widget-container\">\n\t\t\t\t\t\t\t\t\t<div class=\"elementor-button-wrapper\">\n\t\t\t\t\t<a class=\"elementor-button elementor-button-link elementor-size-sm\" href=\"#\">\n\t\t\t\t\t\t<span class=\"elementor-button-content-wrapper\">\n\t\t\t\t\t\t\t\t\t<span class=\"elementor-button-text\">Contacter le personal shopper<\/span>\n\t\t\t\t\t<\/span>\n\t\t\t\t\t<\/a>\n\t\t\t\t<\/div>\n\t\t\t\t\t\t\t\t<\/div>\n\t\t\t\t<\/div>\n\t\t\t\t\t<\/div>\n\t\t\t\t<\/div>\n\t\t\t\t<\/div>\n\t\t\t\t\t<\/div>\n\t\t\t\t<\/div>\n\t\t\t\t<\/div>","protected":false},"excerpt":{"rendered":"<p>Collezioni Le storie dietro alle nostre creazioni Ogni creazione Julieta racchiude in s\u00e9 una storia che sussurra di passione, bellezza [&hellip;]<\/p>","protected":false},"author":2,"featured_media":0,"parent":0,"menu_order":0,"comment_status":"closed","ping_status":"closed","template":"elementor_header_footer","meta":{"site-sidebar-layout":"no-sidebar","site-content-layout":"","ast-site-content-layout":"full-width-container","site-content-style":"default","site-sidebar-style":"default","ast-global-header-display":"","ast-banner-title-visibility":"","ast-main-header-display":"","ast-hfb-above-header-display":"","ast-hfb-below-header-display":"","ast-hfb-mobile-header-display":"","site-post-title":"disabled","ast-breadcrumbs-content":"","ast-featured-img":"disabled","footer-sml-layout":"","theme-transparent-header-meta":"","adv-header-id-meta":"","stick-header-meta":"","header-above-stick-meta":"","header-main-stick-meta":"","header-below-stick-meta":"","astra-migrate-meta-layouts":"default","ast-page-background-enabled":"default","ast-page-background-meta":{"desktop":{"background-color":"var(--ast-global-color-4)","background-image":"","background-repeat":"repeat","background-position":"center center","background-size":"auto","background-attachment":"scroll","background-type":"","background-media":"","overlay-type":"","overlay-color":"","overlay-opacity":"","overlay-gradient":""},"tablet":{"background-color":"","background-image":"","background-repeat":"repeat","background-position":"center center","background-size":"auto","background-attachment":"scroll","background-type":"","background-media":"","overlay-type":"","overlay-color":"","overlay-opacity":"","overlay-gradient":""},"mobile":{"background-color":"","background-image":"","background-repeat":"repeat","background-position":"center center","background-size":"auto","background-attachment":"scroll","background-type":"","background-media":"","overlay-type":"","overlay-color":"","overlay-opacity":"","overlay-gradient":""}},"ast-content-background-meta":{"desktop":{"background-color":"var(--ast-global-color-5)","background-image":"","background-repeat":"repeat","background-position":"center center","background-size":"auto","background-attachment":"scroll","background-type":"","background-media":"","overlay-type":"","overlay-color":"","overlay-opacity":"","overlay-gradient":""},"tablet":{"background-color":"var(--ast-global-color-5)","background-image":"","background-repeat":"repeat","background-position":"center center","background-size":"auto","background-attachment":"scroll","background-type":"","background-media":"","overlay-type":"","overlay-color":"","overlay-opacity":"","overlay-gradient":""},"mobile":{"background-color":"var(--ast-global-color-5)","background-image":"","background-repeat":"repeat","background-position":"center center","background-size":"auto","background-attachment":"scroll","background-type":"","background-media":"","overlay-type":"","overlay-color":"","overlay-opacity":"","overlay-gradient":""}},"footnotes":""},"class_list":["post-1062","page","type-page","status-publish","hentry"],"_links":{"self":[{"href":"https:\/\/julieta.splashdesk.it\/fr\/wp-json\/wp\/v2\/pages\/1062","targetHints":{"allow":["GET"]}}],"collection":[{"href":"https:\/\/julieta.splashdesk.it\/fr\/wp-json\/wp\/v2\/pages"}],"about":[{"href":"https:\/\/julieta.splashdesk.it\/fr\/wp-json\/wp\/v2\/types\/page"}],"author":[{"embeddable":true,"href":"https:\/\/julieta.splashdesk.it\/fr\/wp-json\/wp\/v2\/users\/2"}],"replies":[{"embeddable":true,"href":"https:\/\/julieta.splashdesk.it\/fr\/wp-json\/wp\/v2\/comments?post=1062"}],"version-history":[{"count":91,"href":"https:\/\/julieta.splashdesk.it\/fr\/wp-json\/wp\/v2\/pages\/1062\/revisions"}],"predecessor-version":[{"id":2004,"href":"https:\/\/julieta.splashdesk.it\/fr\/wp-json\/wp\/v2\/pages\/1062\/revisions\/2004"}],"wp:attachment":[{"href":"https:\/\/julieta.splashdesk.it\/fr\/wp-json\/wp\/v2\/media?parent=1062"}],"curies":[{"name":"wp","href":"https:\/\/api.w.org\/{rel}","templated":true}]}}