{"id":1027,"date":"2024-04-18T12:03:54","date_gmt":"2024-04-18T10:03:54","guid":{"rendered":"https:\/\/julieta.splashdesk.it\/?page_id=1027"},"modified":"2024-04-18T12:05:44","modified_gmt":"2024-04-18T10:05:44","slug":"cookie-policy","status":"publish","type":"page","link":"https:\/\/julieta.splashdesk.it\/fr\/cookie-policy\/","title":{"rendered":"Politique en mati\u00e8re de cookies"},"content":{"rendered":"<div data-elementor-type=\"wp-page\" data-elementor-id=\"1027\" class=\"elementor elementor-1027\" data-elementor-post-type=\"page\">\n\t\t\t\t<div class=\"elementor-element elementor-element-dff9f0c e-flex e-con-boxed e-con e-parent\" data-id=\"dff9f0c\" data-element_type=\"container\">\n\t\t\t\t\t<div class=\"e-con-inner\">\n\t\t\t\t<div class=\"elementor-element elementor-element-f2a52a2 elementor-widget elementor-widget-heading\" data-id=\"f2a52a2\" data-element_type=\"widget\" data-widget_type=\"heading.default\">\n\t\t\t\t<div class=\"elementor-widget-container\">\n\t\t\t\t\t<h1 class=\"elementor-heading-title elementor-size-default\">Politique en mati\u00e8re de cookies<\/h1>\t\t\t\t<\/div>\n\t\t\t\t<\/div>\n\t\t\t\t<div class=\"elementor-element elementor-element-884c20e elementor-widget elementor-widget-text-editor\" data-id=\"884c20e\" data-element_type=\"widget\" data-widget_type=\"text-editor.default\">\n\t\t\t\t<div class=\"elementor-widget-container\">\n\t\t\t\t\t\t\t\t\t<div class=\"text-center\">Ce site web utilis\u00e9 pour assurer la conformit\u00e9 GDPR de ce site, collecte votre IP et votre adresse e-mail afin de traiter les donn\u00e9es.&nbsp;<\/div>\n<div>&nbsp;<\/div>\n<h2>Rectification des donn\u00e9es<\/h2>\n<p>Vous pouvez utiliser le lien ci-dessous pour mettre \u00e0 jour les donn\u00e9es de votre compte.<\/p>\n<ul id=\"gdpr_rectification_compliance_requests\" class=\"gdpr-compliance-requests list-unstyled\">\n<li><button id=\"btn-gdpr-edit-account-request\" data-sanitized-aria-expanded=\"false\" aria-expanded=\"false\" data-sanitized-aria-controls=\"form-gdpr-edit-account-request\" aria-controls=\"form-gdpr-edit-account-request\" data-sanitized-aria-label=\"edit your account information\" aria-label=\"modifier les informations de votre compte\">MODIFIER VOS PR\u00c9F\u00c9RENCES<\/button><\/li>\n<\/ul>\n<h2>Portabilit\u00e9 des donn\u00e9es<\/h2>\n<p>Vous pouvez utiliser les liens ci-dessous pour t\u00e9l\u00e9charger toutes les donn\u00e9es que nous enregistrons et utilisons pour une meilleure exp\u00e9rience dans notre magasin.<\/p>\n<ul id=\"gdpr_portability_compliance_requests\" class=\"gdpr-compliance-requests list-unstyled\">\n<li><button id=\"btn-gdpr-requests-request\" data-sanitized-aria-expanded=\"false\" aria-expanded=\"false\" data-sanitized-aria-controls=\"form-gdpr-requests-request\" aria-controls=\"form-gdpr-requests-request\" data-sanitized-aria-label=\"GDPR requests\" aria-label=\"Demandes relatives au GDPR\">GDPR<\/button><\/li>\n<li><button id=\"btn-gdpr-personal-information-request\" data-sanitized-aria-expanded=\"false\" aria-expanded=\"false\" data-sanitized-aria-controls=\"form-gdpr-personal-information-request\" aria-controls=\"form-gdpr-personal-information-request\" data-sanitized-aria-label=\"personal information\" aria-label=\"les informations personnelles\">LES INFORMATIONS PERSONNELLES<\/button><\/li>\n<li><button id=\"btn-gdpr-orders-request\" data-sanitized-aria-expanded=\"false\" aria-expanded=\"false\" data-sanitized-aria-controls=\"form-gdpr-orders-request\" aria-controls=\"form-gdpr-orders-request\" data-sanitized-aria-label=\"orders\" aria-label=\"commandes\">COMMANDES<\/button><\/li>\n<\/ul>\n<h2>Acc\u00e8s aux donn\u00e9es personnelles<\/h2>\n<p>Vous pouvez utiliser le lien suivant pour demander un rapport qui contiendra toutes les informations personnelles stock\u00e9es par nous.<\/p>\n<ul id=\"gdpr_personal_data_compliance_requests\" class=\"gdpr-compliance-requests list-unstyled\">\n<li><button id=\"btn-gdpr-personal-data-report-request\" data-sanitized-aria-expanded=\"false\" aria-expanded=\"false\" data-sanitized-aria-controls=\"form-gdpr-personal-data-report-request\" aria-controls=\"form-gdpr-personal-data-report-request\" data-sanitized-aria-label=\"request a report\" aria-label=\"demander un rapport\">DEMANDER UN RAPPORT<\/button><\/li>\n<\/ul>\n<h2>Suppression des donn\u00e9es<\/h2>\n<p>Utilisez cette option si vous souhaitez supprimer vos donn\u00e9es personnelles et autres de notre boutique. Veuillez noter que&nbsp;<strong>cette proc\u00e9dure supprimera votre compte, de sorte que vous ne pourrez plus y acc\u00e9der ni l'utiliser<\/strong>.<\/p>\n<ul id=\"gdpr_rtbf_compliance_requests\" class=\"gdpr-compliance-requests list-unstyled\">\n<li><button id=\"btn-gdpr-delete-account-request\" data-sanitized-aria-expanded=\"false\" aria-expanded=\"false\" data-sanitized-aria-controls=\"form-gdpr-delete-account-request\" aria-controls=\"form-gdpr-delete-account-request\" data-sanitized-aria-label=\"request personal data deletion\" aria-label=\"demander la suppression de donn\u00e9es personnelles\">DEMANDER LA SUPPRESSION DES DONN\u00c9ES<\/button><\/li>\n<\/ul>\t\t\t\t\t\t\t\t<\/div>\n\t\t\t\t<\/div>\n\t\t\t\t\t<\/div>\n\t\t\t\t<\/div>\n\t\t\t\t<\/div>","protected":false},"excerpt":{"rendered":"<p>Questo sito web utilizzata per garantire la conformit\u00e0 al GDPR di questo sito, raccoglie il vostro IP e l&#8217;indirizzo e-mail [&hellip;]<\/p>","protected":false},"author":2,"featured_media":0,"parent":0,"menu_order":0,"comment_status":"closed","ping_status":"closed","template":"","meta":{"site-sidebar-layout":"no-sidebar","site-content-layout":"","ast-site-content-layout":"full-width-container","site-content-style":"default","site-sidebar-style":"default","ast-global-header-display":"","ast-banner-title-visibility":"","ast-main-header-display":"","ast-hfb-above-header-display":"","ast-hfb-below-header-display":"","ast-hfb-mobile-header-display":"","site-post-title":"disabled","ast-breadcrumbs-content":"","ast-featured-img":"disabled","footer-sml-layout":"","theme-transparent-header-meta":"","adv-header-id-meta":"","stick-header-meta":"","header-above-stick-meta":"","header-main-stick-meta":"","header-below-stick-meta":"","astra-migrate-meta-layouts":"default","ast-page-background-enabled":"default","ast-page-background-meta":{"desktop":{"background-color":"var(--ast-global-color-4)","background-image":"","background-repeat":"repeat","background-position":"center center","background-size":"auto","background-attachment":"scroll","background-type":"","background-media":"","overlay-type":"","overlay-color":"","overlay-opacity":"","overlay-gradient":""},"tablet":{"background-color":"","background-image":"","background-repeat":"repeat","background-position":"center center","background-size":"auto","background-attachment":"scroll","background-type":"","background-media":"","overlay-type":"","overlay-color":"","overlay-opacity":"","overlay-gradient":""},"mobile":{"background-color":"","background-image":"","background-repeat":"repeat","background-position":"center center","background-size":"auto","background-attachment":"scroll","background-type":"","background-media":"","overlay-type":"","overlay-color":"","overlay-opacity":"","overlay-gradient":""}},"ast-content-background-meta":{"desktop":{"background-color":"var(--ast-global-color-5)","background-image":"","background-repeat":"repeat","background-position":"center center","background-size":"auto","background-attachment":"scroll","background-type":"","background-media":"","overlay-type":"","overlay-color":"","overlay-opacity":"","overlay-gradient":""},"tablet":{"background-color":"var(--ast-global-color-5)","background-image":"","background-repeat":"repeat","background-position":"center center","background-size":"auto","background-attachment":"scroll","background-type":"","background-media":"","overlay-type":"","overlay-color":"","overlay-opacity":"","overlay-gradient":""},"mobile":{"background-color":"var(--ast-global-color-5)","background-image":"","background-repeat":"repeat","background-position":"center center","background-size":"auto","background-attachment":"scroll","background-type":"","background-media":"","overlay-type":"","overlay-color":"","overlay-opacity":"","overlay-gradient":""}},"footnotes":""},"class_list":["post-1027","page","type-page","status-publish","hentry"],"_links":{"self":[{"href":"https:\/\/julieta.splashdesk.it\/fr\/wp-json\/wp\/v2\/pages\/1027","targetHints":{"allow":["GET"]}}],"collection":[{"href":"https:\/\/julieta.splashdesk.it\/fr\/wp-json\/wp\/v2\/pages"}],"about":[{"href":"https:\/\/julieta.splashdesk.it\/fr\/wp-json\/wp\/v2\/types\/page"}],"author":[{"embeddable":true,"href":"https:\/\/julieta.splashdesk.it\/fr\/wp-json\/wp\/v2\/users\/2"}],"replies":[{"embeddable":true,"href":"https:\/\/julieta.splashdesk.it\/fr\/wp-json\/wp\/v2\/comments?post=1027"}],"version-history":[{"count":4,"href":"https:\/\/julieta.splashdesk.it\/fr\/wp-json\/wp\/v2\/pages\/1027\/revisions"}],"predecessor-version":[{"id":1031,"href":"https:\/\/julieta.splashdesk.it\/fr\/wp-json\/wp\/v2\/pages\/1027\/revisions\/1031"}],"wp:attachment":[{"href":"https:\/\/julieta.splashdesk.it\/fr\/wp-json\/wp\/v2\/media?parent=1027"}],"curies":[{"name":"wp","href":"https:\/\/api.w.org\/{rel}","templated":true}]}}