{"id":1017,"date":"2024-04-18T11:58:52","date_gmt":"2024-04-18T09:58:52","guid":{"rendered":"https:\/\/julieta.splashdesk.it\/?page_id=1017"},"modified":"2024-04-18T12:00:57","modified_gmt":"2024-04-18T10:00:57","slug":"privacy-policy","status":"publish","type":"page","link":"https:\/\/julieta.splashdesk.it\/fr\/privacy-policy\/","title":{"rendered":"Politique de confidentialit\u00e9"},"content":{"rendered":"<div data-elementor-type=\"wp-page\" data-elementor-id=\"1017\" class=\"elementor elementor-1017\" data-elementor-post-type=\"page\">\n\t\t\t\t<div class=\"elementor-element elementor-element-f7e72ef e-flex e-con-boxed e-con e-parent\" data-id=\"f7e72ef\" data-element_type=\"container\">\n\t\t\t\t\t<div class=\"e-con-inner\">\n\t\t\t\t<div class=\"elementor-element elementor-element-f01fc05 elementor-widget elementor-widget-heading\" data-id=\"f01fc05\" data-element_type=\"widget\" data-widget_type=\"heading.default\">\n\t\t\t\t<div class=\"elementor-widget-container\">\n\t\t\t\t\t<h1 class=\"elementor-heading-title elementor-size-default\">Politique de confidentialit\u00e9<\/h1>\t\t\t\t<\/div>\n\t\t\t\t<\/div>\n\t\t\t\t<div class=\"elementor-element elementor-element-92e2530 elementor-widget elementor-widget-text-editor\" data-id=\"92e2530\" data-element_type=\"widget\" data-widget_type=\"text-editor.default\">\n\t\t\t\t<div class=\"elementor-widget-container\">\n\t\t\t\t\t\t\t\t\t<p><strong>1. Introduction<\/strong><\/p><p>Bienvenue \u00e0\u00a0<strong>Julietacollezioni.it<\/strong>. Cette politique de confidentialit\u00e9 s'applique aux visiteurs et aux utilisateurs du site Julietacollezioni.it. Dans cette politique de confidentialit\u00e9, nous d\u00e9crivons comment nous recueillons, utilisons et prot\u00e9geons vos informations personnelles.<\/p><p><strong>2. Donn\u00e9es collect\u00e9es<\/strong><\/p><p>Nous recueillons des informations personnelles telles que votre pr\u00e9nom, votre nom et votre adresse \u00e9lectronique lorsque vous vous inscrivez sur notre site, passez une commande, vous abonnez \u00e0 notre bulletin d'information ou interagissez avec nos fonctions. Ces donn\u00e9es sont n\u00e9cessaires pour traiter vos commandes, vous fournir des mises \u00e0 jour et \u00e0 des fins de marketing.<\/p><p><strong>3. Utilisation des donn\u00e9es<\/strong><\/p><p>Les donn\u00e9es collect\u00e9es sont utilis\u00e9es pour :<\/p><ul><li>Traiter et g\u00e9rer les commandes pass\u00e9es.<\/li><li>Envoyer des mises \u00e0 jour, des informations sur les produits et des offres promotionnelles.<\/li><li>Am\u00e9liorer votre exp\u00e9rience sur le site.<\/li><\/ul><p><strong>4. Partage des donn\u00e9es<\/strong><\/p><p>Nous ne vendons pas, n'\u00e9changeons pas et ne transf\u00e9rons pas d'une autre mani\u00e8re vos donn\u00e9es personnelles \u00e0 des tiers, sauf dans les cas sp\u00e9cifi\u00e9s dans la pr\u00e9sente politique.<\/p><p><strong>5. Google Fonts, Shopify, Google Analytics et Google reCAPTCHA<\/strong><\/p><p>Nous utilisons Google Fonts pour les polices de caract\u00e8res du site, Shopify comme plateforme de commerce \u00e9lectronique, Google Analytics pour analyser le trafic du site et Google reCAPTCHA pour la s\u00e9curit\u00e9. Ces services peuvent collecter des donn\u00e9es telles que votre adresse IP et des informations de navigation.<\/p><p><strong>6. S\u00e9curit\u00e9 des donn\u00e9es<\/strong><\/p><p>Nous prenons des mesures de s\u00e9curit\u00e9 pour prot\u00e9ger vos donn\u00e9es personnelles. Toutefois, aucune transmission de donn\u00e9es sur l'internet ne peut \u00eatre garantie comme \u00e9tant totalement s\u00fbre.<\/p><p><strong>7. Droits des utilisateurs<\/strong><\/p><p>Vous avez le droit d'acc\u00e9der \u00e0 vos donn\u00e9es personnelles, de les corriger ou de les supprimer. Vous pouvez exercer ces droits en nous contactant \u00e0 l'adresse \u00e9lectronique fournie.<\/p><p><strong>8. Modifications de la politique de protection de la vie priv\u00e9e<\/strong><\/p><p>Nous nous r\u00e9servons le droit de modifier cette politique de confidentialit\u00e9 \u00e0 tout moment. Les modifications entreront en vigueur imm\u00e9diatement apr\u00e8s leur publication sur le site web.<\/p><p><strong>9. Contact<\/strong><\/p><p>Si vous avez des questions concernant cette politique de confidentialit\u00e9, vous pouvez contacter le responsable du traitement des donn\u00e9es :<\/p><p><strong>Riello Maria Vittoria<\/strong><br \/>Via Spaltin Alto n.3, Legnago (VR) 37045<br \/>NUM\u00c9RO DE TVA : 04967190234<br \/>REA : VR-459906<\/p>\t\t\t\t\t\t\t\t<\/div>\n\t\t\t\t<\/div>\n\t\t\t\t\t<\/div>\n\t\t\t\t<\/div>\n\t\t\t\t<\/div>","protected":false},"excerpt":{"rendered":"<p>1. Introduzione Benvenuti su\u00a0Julietacollezioni.it. La presente Privacy Policy si applica ai visitatori e agli utenti del sito web Julietacollezioni.it. In [&hellip;]<\/p>","protected":false},"author":2,"featured_media":0,"parent":0,"menu_order":0,"comment_status":"closed","ping_status":"closed","template":"","meta":{"site-sidebar-layout":"no-sidebar","site-content-layout":"","ast-site-content-layout":"full-width-container","site-content-style":"default","site-sidebar-style":"default","ast-global-header-display":"","ast-banner-title-visibility":"","ast-main-header-display":"","ast-hfb-above-header-display":"","ast-hfb-below-header-display":"","ast-hfb-mobile-header-display":"","site-post-title":"disabled","ast-breadcrumbs-content":"","ast-featured-img":"disabled","footer-sml-layout":"","theme-transparent-header-meta":"","adv-header-id-meta":"","stick-header-meta":"","header-above-stick-meta":"","header-main-stick-meta":"","header-below-stick-meta":"","astra-migrate-meta-layouts":"default","ast-page-background-enabled":"default","ast-page-background-meta":{"desktop":{"background-color":"var(--ast-global-color-4)","background-image":"","background-repeat":"repeat","background-position":"center center","background-size":"auto","background-attachment":"scroll","background-type":"","background-media":"","overlay-type":"","overlay-color":"","overlay-opacity":"","overlay-gradient":""},"tablet":{"background-color":"","background-image":"","background-repeat":"repeat","background-position":"center center","background-size":"auto","background-attachment":"scroll","background-type":"","background-media":"","overlay-type":"","overlay-color":"","overlay-opacity":"","overlay-gradient":""},"mobile":{"background-color":"","background-image":"","background-repeat":"repeat","background-position":"center center","background-size":"auto","background-attachment":"scroll","background-type":"","background-media":"","overlay-type":"","overlay-color":"","overlay-opacity":"","overlay-gradient":""}},"ast-content-background-meta":{"desktop":{"background-color":"var(--ast-global-color-5)","background-image":"","background-repeat":"repeat","background-position":"center center","background-size":"auto","background-attachment":"scroll","background-type":"","background-media":"","overlay-type":"","overlay-color":"","overlay-opacity":"","overlay-gradient":""},"tablet":{"background-color":"var(--ast-global-color-5)","background-image":"","background-repeat":"repeat","background-position":"center center","background-size":"auto","background-attachment":"scroll","background-type":"","background-media":"","overlay-type":"","overlay-color":"","overlay-opacity":"","overlay-gradient":""},"mobile":{"background-color":"var(--ast-global-color-5)","background-image":"","background-repeat":"repeat","background-position":"center center","background-size":"auto","background-attachment":"scroll","background-type":"","background-media":"","overlay-type":"","overlay-color":"","overlay-opacity":"","overlay-gradient":""}},"footnotes":""},"class_list":["post-1017","page","type-page","status-publish","hentry"],"_links":{"self":[{"href":"https:\/\/julieta.splashdesk.it\/fr\/wp-json\/wp\/v2\/pages\/1017","targetHints":{"allow":["GET"]}}],"collection":[{"href":"https:\/\/julieta.splashdesk.it\/fr\/wp-json\/wp\/v2\/pages"}],"about":[{"href":"https:\/\/julieta.splashdesk.it\/fr\/wp-json\/wp\/v2\/types\/page"}],"author":[{"embeddable":true,"href":"https:\/\/julieta.splashdesk.it\/fr\/wp-json\/wp\/v2\/users\/2"}],"replies":[{"embeddable":true,"href":"https:\/\/julieta.splashdesk.it\/fr\/wp-json\/wp\/v2\/comments?post=1017"}],"version-history":[{"count":4,"href":"https:\/\/julieta.splashdesk.it\/fr\/wp-json\/wp\/v2\/pages\/1017\/revisions"}],"predecessor-version":[{"id":1021,"href":"https:\/\/julieta.splashdesk.it\/fr\/wp-json\/wp\/v2\/pages\/1017\/revisions\/1021"}],"wp:attachment":[{"href":"https:\/\/julieta.splashdesk.it\/fr\/wp-json\/wp\/v2\/media?parent=1017"}],"curies":[{"name":"wp","href":"https:\/\/api.w.org\/{rel}","templated":true}]}}