{"id":343,"date":"2024-03-22T14:00:40","date_gmt":"2024-03-22T13:00:40","guid":{"rendered":"https:\/\/julieta.splashdesk.it\/?post_type=product&#038;p=343"},"modified":"2024-07-03T15:33:39","modified_gmt":"2024-07-03T13:33:39","slug":"abito-sibilla","status":"publish","type":"product","link":"https:\/\/julieta.splashdesk.it\/es\/producto\/abito-sibilla\/","title":{"rendered":"Vestido Sibyl"},"content":{"rendered":"","protected":false},"excerpt":{"rendered":"<p>En la colecci\u00f3n de Julieta, el vestido <em>Psique<\/em> evoca la magia de los a\u00f1os 60, una \u00e9poca de revoluciones estil\u00edsticas que ahora revivimos a trav\u00e9s de nuestro dise\u00f1o innovador e intemporal.<\/p>\n<p>So\u00f1adora e irresistiblemente femenina, Psyche es un homenaje a la silueta trapecio que ha enamorado a generaciones. Su l\u00ednea acampanada es una celebraci\u00f3n de la gracia y la elegancia, dise\u00f1ada para realzar cada figura con una armon\u00eda natural: estrecha suavemente la cintura y alarga las piernas, proporcionando a quien lo lleva una silueta fabulosa.<\/p>\n<p>Minivestido de l\u00ednea A con escote americano y cierre de botones en la espalda.<br \/>\nDetalles: tul bordado con cuentas y lentejuelas. Enagua de sat\u00e9n.<\/p>\n<p>La modelo mide 1,73 m y lleva la talla 40.<\/p>","protected":false},"featured_media":353,"comment_status":"open","ping_status":"closed","template":"","meta":{"site-sidebar-layout":"default","site-content-layout":"","ast-site-content-layout":"default","site-content-style":"default","site-sidebar-style":"default","ast-global-header-display":"","ast-banner-title-visibility":"","ast-main-header-display":"","ast-hfb-above-header-display":"","ast-hfb-below-header-display":"","ast-hfb-mobile-header-display":"","site-post-title":"","ast-breadcrumbs-content":"","ast-featured-img":"","footer-sml-layout":"","theme-transparent-header-meta":"default","adv-header-id-meta":"","stick-header-meta":"default","header-above-stick-meta":"","header-main-stick-meta":"","header-below-stick-meta":"","astra-migrate-meta-layouts":"set","ast-page-background-enabled":"default","ast-page-background-meta":{"desktop":{"background-color":"var(--ast-global-color-4)","background-image":"","background-repeat":"repeat","background-position":"center center","background-size":"auto","background-attachment":"scroll","background-type":"","background-media":"","overlay-type":"","overlay-color":"","overlay-opacity":"","overlay-gradient":""},"tablet":{"background-color":"","background-image":"","background-repeat":"repeat","background-position":"center center","background-size":"auto","background-attachment":"scroll","background-type":"","background-media":"","overlay-type":"","overlay-color":"","overlay-opacity":"","overlay-gradient":""},"mobile":{"background-color":"","background-image":"","background-repeat":"repeat","background-position":"center center","background-size":"auto","background-attachment":"scroll","background-type":"","background-media":"","overlay-type":"","overlay-color":"","overlay-opacity":"","overlay-gradient":""}},"ast-content-background-meta":{"desktop":{"background-color":"var(--ast-global-color-5)","background-image":"","background-repeat":"repeat","background-position":"center center","background-size":"auto","background-attachment":"scroll","background-type":"","background-media":"","overlay-type":"","overlay-color":"","overlay-opacity":"","overlay-gradient":""},"tablet":{"background-color":"var(--ast-global-color-5)","background-image":"","background-repeat":"repeat","background-position":"center center","background-size":"auto","background-attachment":"scroll","background-type":"","background-media":"","overlay-type":"","overlay-color":"","overlay-opacity":"","overlay-gradient":""},"mobile":{"background-color":"var(--ast-global-color-5)","background-image":"","background-repeat":"repeat","background-position":"center center","background-size":"auto","background-attachment":"scroll","background-type":"","background-media":"","overlay-type":"","overlay-color":"","overlay-opacity":"","overlay-gradient":""}}},"product_brand":[],"product_cat":[46],"product_tag":[],"class_list":{"0":"post-343","1":"product","2":"type-product","3":"status-publish","4":"has-post-thumbnail","6":"product_cat-abiti-corti","7":"desktop-align-left","8":"tablet-align-left","9":"mobile-align-left","10":"ast-product-gallery-layout-horizontal-slider","11":"ast-product-single-variable","12":"ast-product-tabs-layout-horizontal","14":"first","15":"instock","16":"taxable","17":"shipping-taxable","18":"purchasable","19":"product-type-variable","20":"has-default-attributes"},"_links":{"self":[{"href":"https:\/\/julieta.splashdesk.it\/es\/wp-json\/wp\/v2\/product\/343","targetHints":{"allow":["GET"]}}],"collection":[{"href":"https:\/\/julieta.splashdesk.it\/es\/wp-json\/wp\/v2\/product"}],"about":[{"href":"https:\/\/julieta.splashdesk.it\/es\/wp-json\/wp\/v2\/types\/product"}],"replies":[{"embeddable":true,"href":"https:\/\/julieta.splashdesk.it\/es\/wp-json\/wp\/v2\/comments?post=343"}],"version-history":[{"count":8,"href":"https:\/\/julieta.splashdesk.it\/es\/wp-json\/wp\/v2\/product\/343\/revisions"}],"predecessor-version":[{"id":2059,"href":"https:\/\/julieta.splashdesk.it\/es\/wp-json\/wp\/v2\/product\/343\/revisions\/2059"}],"wp:featuredmedia":[{"embeddable":true,"href":"https:\/\/julieta.splashdesk.it\/es\/wp-json\/wp\/v2\/media\/353"}],"wp:attachment":[{"href":"https:\/\/julieta.splashdesk.it\/es\/wp-json\/wp\/v2\/media?parent=343"}],"wp:term":[{"taxonomy":"product_brand","embeddable":true,"href":"https:\/\/julieta.splashdesk.it\/es\/wp-json\/wp\/v2\/product_brand?post=343"},{"taxonomy":"product_cat","embeddable":true,"href":"https:\/\/julieta.splashdesk.it\/es\/wp-json\/wp\/v2\/product_cat?post=343"},{"taxonomy":"product_tag","embeddable":true,"href":"https:\/\/julieta.splashdesk.it\/es\/wp-json\/wp\/v2\/product_tag?post=343"}],"curies":[{"name":"wp","href":"https:\/\/api.w.org\/{rel}","templated":true}]}}