{"id":1062,"date":"2024-04-18T14:31:20","date_gmt":"2024-04-18T12:31:20","guid":{"rendered":"https:\/\/julieta.splashdesk.it\/?page_id=1062"},"modified":"2024-05-08T14:34:44","modified_gmt":"2024-05-08T12:34:44","slug":"collezioni","status":"publish","type":"page","link":"https:\/\/julieta.splashdesk.it\/es\/collezioni\/","title":{"rendered":"Colecciones"},"content":{"rendered":"<div data-elementor-type=\"wp-page\" data-elementor-id=\"1062\" class=\"elementor elementor-1062\" data-elementor-post-type=\"page\">\n\t\t\t\t<div class=\"elementor-element elementor-element-17c5d65 e-flex e-con-boxed e-con e-parent\" data-id=\"17c5d65\" data-element_type=\"container\" data-settings=\"{&quot;background_background&quot;:&quot;slideshow&quot;,&quot;background_motion_fx_translateY_effect&quot;:&quot;yes&quot;,&quot;background_slideshow_gallery&quot;:[{&quot;id&quot;:1827,&quot;url&quot;:&quot;https:\\\/\\\/julieta.splashdesk.it\\\/wp-content\\\/uploads\\\/2024\\\/05\\\/Copia_di_DSC_9629.jpg&quot;},{&quot;id&quot;:1825,&quot;url&quot;:&quot;https:\\\/\\\/julieta.splashdesk.it\\\/wp-content\\\/uploads\\\/2024\\\/05\\\/Francesca_146-1_047a8c78-6090-492f-b354-b997ac20c93e.jpg&quot;},{&quot;id&quot;:1826,&quot;url&quot;:&quot;https:\\\/\\\/julieta.splashdesk.it\\\/wp-content\\\/uploads\\\/2024\\\/05\\\/Rosa_rosa_20.jpg&quot;}],&quot;background_slideshow_ken_burns&quot;:&quot;yes&quot;,&quot;background_slideshow_loop&quot;:&quot;yes&quot;,&quot;background_slideshow_slide_duration&quot;:5000,&quot;background_slideshow_slide_transition&quot;:&quot;fade&quot;,&quot;background_slideshow_transition_duration&quot;:500,&quot;background_slideshow_ken_burns_zoom_direction&quot;:&quot;in&quot;,&quot;background_motion_fx_translateY_speed&quot;:{&quot;unit&quot;:&quot;px&quot;,&quot;size&quot;:4,&quot;sizes&quot;:[]},&quot;background_motion_fx_translateY_affectedRange&quot;:{&quot;unit&quot;:&quot;%&quot;,&quot;size&quot;:&quot;&quot;,&quot;sizes&quot;:{&quot;start&quot;:0,&quot;end&quot;:100}},&quot;background_motion_fx_devices&quot;:[&quot;desktop&quot;,&quot;tablet&quot;,&quot;mobile&quot;]}\">\n\t\t\t\t\t<div class=\"e-con-inner\">\n\t\t\t\t<div class=\"elementor-element elementor-element-a81c539 elementor-widget elementor-widget-heading\" data-id=\"a81c539\" data-element_type=\"widget\" data-widget_type=\"heading.default\">\n\t\t\t\t<div class=\"elementor-widget-container\">\n\t\t\t\t\t<h1 class=\"elementor-heading-title elementor-size-default\">Colecciones<\/h1>\t\t\t\t<\/div>\n\t\t\t\t<\/div>\n\t\t\t\t\t<\/div>\n\t\t\t\t<\/div>\n\t\t<div class=\"elementor-element elementor-element-9c40b8a e-flex e-con-boxed e-con e-parent\" data-id=\"9c40b8a\" data-element_type=\"container\">\n\t\t\t\t\t<div class=\"e-con-inner\">\n\t\t<div class=\"elementor-element elementor-element-5afa4a7 e-con-full e-flex e-con e-child\" data-id=\"5afa4a7\" data-element_type=\"container\">\n\t\t<div class=\"elementor-element elementor-element-8cae4c7 e-flex e-con-boxed e-con e-child\" data-id=\"8cae4c7\" data-element_type=\"container\">\n\t\t\t\t\t<div class=\"e-con-inner\">\n\t\t\t\t<div class=\"elementor-element elementor-element-b83c214 elementor-widget elementor-widget-text-editor\" data-id=\"b83c214\" data-element_type=\"widget\" data-widget_type=\"text-editor.default\">\n\t\t\t\t<div class=\"elementor-widget-container\">\n\t\t\t\t\t\t\t\t\t<p>Las historias de nuestras creaciones<\/p>\t\t\t\t\t\t\t\t<\/div>\n\t\t\t\t<\/div>\n\t\t\t\t<div class=\"elementor-element elementor-element-5f03cce elementor-widget elementor-widget-text-editor\" data-id=\"5f03cce\" data-element_type=\"widget\" data-widget_type=\"text-editor.default\">\n\t\t\t\t<div class=\"elementor-widget-container\">\n\t\t\t\t\t\t\t\t\t<p>Cada creaci\u00f3n de Julieta encierra una historia que susurra pasi\u00f3n, belleza y sue\u00f1os atemporales. Desde la intrincada elecci\u00f3n de los tejidos hasta las siluetas que bailan entre la tradici\u00f3n y la modernidad, cada prenda es un viaje emocional por las calles de Verona, donde el romanticismo se entrelaza con la elegancia.<\/p>\t\t\t\t\t\t\t\t<\/div>\n\t\t\t\t<\/div>\n\t\t\t\t\t<\/div>\n\t\t\t\t<\/div>\n\t\t\t\t<div class=\"elementor-element elementor-element-8561d23 elementor-grid-1 elementor-grid-tablet-2 elementor-grid-mobile-1 elementor-posts--thumbnail-top elementor-widget elementor-widget-posts\" data-id=\"8561d23\" data-element_type=\"widget\" data-settings=\"{&quot;classic_columns&quot;:&quot;1&quot;,&quot;classic_columns_tablet&quot;:&quot;2&quot;,&quot;classic_columns_mobile&quot;:&quot;1&quot;,&quot;classic_row_gap&quot;:{&quot;unit&quot;:&quot;px&quot;,&quot;size&quot;:35,&quot;sizes&quot;:[]},&quot;classic_row_gap_tablet&quot;:{&quot;unit&quot;:&quot;px&quot;,&quot;size&quot;:&quot;&quot;,&quot;sizes&quot;:[]},&quot;classic_row_gap_mobile&quot;:{&quot;unit&quot;:&quot;px&quot;,&quot;size&quot;:&quot;&quot;,&quot;sizes&quot;:[]}}\" data-widget_type=\"posts.classic\">\n\t\t\t\t<div class=\"elementor-widget-container\">\n\t\t\t\t\t\t\t<div class=\"elementor-posts-container elementor-posts elementor-posts--skin-classic elementor-grid\">\n\t\t\t\t<article class=\"elementor-post elementor-grid-item post-370 post type-post status-publish format-standard has-post-thumbnail hentry category-home-1\">\n\t\t\t\t<a class=\"elementor-post__thumbnail__link\" href=\"https:\/\/julieta.splashdesk.it\/es\/sibilla\/\" tabindex=\"-1\" >\n\t\t\t<div class=\"elementor-post__thumbnail\"><img fetchpriority=\"high\" decoding=\"async\" width=\"720\" height=\"481\" src=\"https:\/\/julieta.splashdesk.it\/wp-content\/uploads\/2024\/03\/DSC_8683_720x.webp\" class=\"attachment-full size-full wp-image-350\" alt=\"\" srcset=\"https:\/\/julieta.splashdesk.it\/wp-content\/uploads\/2024\/03\/DSC_8683_720x.webp 720w, https:\/\/julieta.splashdesk.it\/wp-content\/uploads\/2024\/03\/DSC_8683_720x-300x200.webp 300w, https:\/\/julieta.splashdesk.it\/wp-content\/uploads\/2024\/03\/DSC_8683_720x-600x401.webp 600w\" sizes=\"(max-width: 720px) 100vw, 720px\" \/><\/div>\n\t\t<\/a>\n\t\t\t\t<div class=\"elementor-post__text\">\n\t\t\t\t<h3 class=\"elementor-post__title\">\n\t\t\t<a href=\"https:\/\/julieta.splashdesk.it\/es\/sibilla\/\" >\n\t\t\t\tSibila de Luxemburgo\t\t\t<\/a>\n\t\t<\/h3>\n\t\t\t\t<div class=\"elementor-post__excerpt\">\n\t\t\t<p>Atrevido y femenino, el vestido trapecio es una tendencia que naci\u00f3 en las pasarelas de los a\u00f1os sesenta y que sigue vigente hoy en d\u00eda. Con su l\u00ednea acampanada, es apreciado por las mujeres por la esencialidad de su silueta que afina la cintura y estiliza las piernas, convirti\u00e9ndolo en el vestido adecuado para cada f\u00edsico. Julieta lo vuelve a proponer en clave moderna, cubierto de abalorios y lentejuelas que reflejan la luz incluso de noche, en un perfecto ambiente festivo. Rom\u00e1ntico y ligero, el vestido Psique se presta a dos usos: el de ocasi\u00f3n, para quienes buscan un allure m\u00e1s chic, acompa\u00f1ado de zapatos de tac\u00f3n, y el m\u00e1s cotidiano. Unas botas hasta la rodilla y un c\u00e1rdigan de lana son, de hecho, el secreto para llevar lentejuelas incluso de d\u00eda.<\/p>\n\t\t<\/div>\n\t\t\n\t\t<a class=\"elementor-post__read-more\" href=\"https:\/\/julieta.splashdesk.it\/es\/sibilla\/\" aria-label=\"M\u00e1s informaci\u00f3n sobre Sibilla Di Lussemburgo\" tabindex=\"-1\" >\n\t\t\tLeer m\u00e1s \"\t\t<\/a>\n\n\t\t\t\t<\/div>\n\t\t\t\t<\/article>\n\t\t\t\t<article class=\"elementor-post elementor-grid-item post-368 post type-post status-publish format-standard has-post-thumbnail hentry category-home-1\">\n\t\t\t\t<a class=\"elementor-post__thumbnail__link\" href=\"https:\/\/julieta.splashdesk.it\/es\/grace-kelly\/\" tabindex=\"-1\" >\n\t\t\t<div class=\"elementor-post__thumbnail\"><img decoding=\"async\" width=\"720\" height=\"1080\" src=\"https:\/\/julieta.splashdesk.it\/wp-content\/uploads\/2024\/03\/Francesca_386_l_b4f1a697-ea18-4432-b323-ad4b2b72462a_720x.webp\" class=\"attachment-full size-full wp-image-291\" alt=\"\" srcset=\"https:\/\/julieta.splashdesk.it\/wp-content\/uploads\/2024\/03\/Francesca_386_l_b4f1a697-ea18-4432-b323-ad4b2b72462a_720x.webp 720w, https:\/\/julieta.splashdesk.it\/wp-content\/uploads\/2024\/03\/Francesca_386_l_b4f1a697-ea18-4432-b323-ad4b2b72462a_720x-600x900.webp 600w, https:\/\/julieta.splashdesk.it\/wp-content\/uploads\/2024\/03\/Francesca_386_l_b4f1a697-ea18-4432-b323-ad4b2b72462a_720x-200x300.webp 200w, https:\/\/julieta.splashdesk.it\/wp-content\/uploads\/2024\/03\/Francesca_386_l_b4f1a697-ea18-4432-b323-ad4b2b72462a_720x-683x1024.webp 683w\" sizes=\"(max-width: 720px) 100vw, 720px\" \/><\/div>\n\t\t<\/a>\n\t\t\t\t<div class=\"elementor-post__text\">\n\t\t\t\t<h3 class=\"elementor-post__title\">\n\t\t\t<a href=\"https:\/\/julieta.splashdesk.it\/es\/grace-kelly\/\" >\n\t\t\t\tGrace Kelly\t\t\t<\/a>\n\t\t<\/h3>\n\t\t\t\t<div class=\"elementor-post__excerpt\">\n\t\t\t<p>HETER\u00c9TICO Y DELICADO, EN ESTE VESTIDO LAS ESTRELLAS SE HAN RESTRINGIDO El cielo estrellado es el retrato de la feminidad y la elegancia absoluta: su l\u00ednea fluida cae ligeramente sin marcar las formas, insinuando una dulce abertura de sirena por encima de los tobillos, que permanecen al descubierto. Un car\u00e1cter suave y refinado que no renuncia al brillo: el tul efecto nude est\u00e1 salpicado de tachuelas facetadas en forma de diamante que iluminan el cielo nocturno. El efecto dram\u00e1tico del vestido se ve amplificado por el movimiento que hace que las gemas parezcan una aut\u00e9ntica alfombra de estrellas que se encienden y se apagan en funci\u00f3n de c\u00f3mo reflejan la luz. El cielo estrellado es una prenda suspendida en el tiempo: el look de ensue\u00f1o perfecto para una ocasi\u00f3n inolvidable. Desc\u00fabralo en tonos rosa, azul claro y negro.<\/p>\n\t\t<\/div>\n\t\t\n\t\t<a class=\"elementor-post__read-more\" href=\"https:\/\/julieta.splashdesk.it\/es\/grace-kelly\/\" aria-label=\"M\u00e1s informaci\u00f3n sobre Grace Kelly\" tabindex=\"-1\" >\n\t\t\tLeer m\u00e1s \"\t\t<\/a>\n\n\t\t\t\t<\/div>\n\t\t\t\t<\/article>\n\t\t\t\t<article class=\"elementor-post elementor-grid-item post-365 post type-post status-publish format-standard has-post-thumbnail hentry category-home-1\">\n\t\t\t\t<a class=\"elementor-post__thumbnail__link\" href=\"https:\/\/julieta.splashdesk.it\/es\/victoria-di-svezia\/\" tabindex=\"-1\" >\n\t\t\t<div class=\"elementor-post__thumbnail\"><img decoding=\"async\" width=\"1121\" height=\"537\" src=\"https:\/\/julieta.splashdesk.it\/wp-content\/uploads\/2024\/03\/Rosa_Rosa_1.12.webp\" class=\"attachment-full size-full wp-image-366\" alt=\"\" srcset=\"https:\/\/julieta.splashdesk.it\/wp-content\/uploads\/2024\/03\/Rosa_Rosa_1.12.webp 1121w, https:\/\/julieta.splashdesk.it\/wp-content\/uploads\/2024\/03\/Rosa_Rosa_1.12-300x144.webp 300w, https:\/\/julieta.splashdesk.it\/wp-content\/uploads\/2024\/03\/Rosa_Rosa_1.12-1024x491.webp 1024w, https:\/\/julieta.splashdesk.it\/wp-content\/uploads\/2024\/03\/Rosa_Rosa_1.12-768x368.webp 768w, https:\/\/julieta.splashdesk.it\/wp-content\/uploads\/2024\/03\/Rosa_Rosa_1.12-600x287.webp 600w\" sizes=\"(max-width: 1121px) 100vw, 1121px\" \/><\/div>\n\t\t<\/a>\n\t\t\t\t<div class=\"elementor-post__text\">\n\t\t\t\t<h3 class=\"elementor-post__title\">\n\t\t\t<a href=\"https:\/\/julieta.splashdesk.it\/es\/victoria-di-svezia\/\" >\n\t\t\t\tVictoria de Suecia\t\t\t<\/a>\n\t\t<\/h3>\n\t\t\t\t<div class=\"elementor-post__excerpt\">\n\t\t\t<p>Siempre s\u00edmbolo de opulencia y poder, el brocado es el tejido sin\u00f3nimo de lujo y sofisticaci\u00f3n que ha enamorado a los dise\u00f1adores m\u00e1s actuales. Con sus motivos dorados en relieve, el tejido brocado es precioso y rico en reflejos que dan a cualquier look un toque regio.      El jard\u00edn de invierno es el vestido de cuento de hadas que cuenta la magia de las flores que florecen en tiempo fr\u00edo a trav\u00e9s de los colores rosa y azul.      El modelo es ultrafemenino, con el omnipresente escote coraz\u00f3n en el escote y mangas abullonadas de quita y pon.  Un vestido vers\u00e1til y rom\u00e1ntico, que tambi\u00e9n se puede llevar en ocasiones informales con un blazer por encima y un anfibio negro.<\/p>\n\t\t<\/div>\n\t\t\n\t\t<a class=\"elementor-post__read-more\" href=\"https:\/\/julieta.splashdesk.it\/es\/victoria-di-svezia\/\" aria-label=\"M\u00e1s informaci\u00f3n sobre Victoria Di Svezia\" tabindex=\"-1\" >\n\t\t\tLeer m\u00e1s \"\t\t<\/a>\n\n\t\t\t\t<\/div>\n\t\t\t\t<\/article>\n\t\t\t\t<article class=\"elementor-post elementor-grid-item post-363 post type-post status-publish format-standard has-post-thumbnail hentry category-home-2\">\n\t\t\t\t<a class=\"elementor-post__thumbnail__link\" href=\"https:\/\/julieta.splashdesk.it\/es\/astrid\/\" tabindex=\"-1\" >\n\t\t\t<div class=\"elementor-post__thumbnail\"><img loading=\"lazy\" decoding=\"async\" width=\"720\" height=\"1079\" src=\"https:\/\/julieta.splashdesk.it\/wp-content\/uploads\/2024\/03\/CopiadiDSC_9857_66e0dcac-2402-44b2-9949-b99821e30f97_720x.webp\" class=\"attachment-full size-full wp-image-271\" alt=\"\" srcset=\"https:\/\/julieta.splashdesk.it\/wp-content\/uploads\/2024\/03\/CopiadiDSC_9857_66e0dcac-2402-44b2-9949-b99821e30f97_720x.webp 720w, https:\/\/julieta.splashdesk.it\/wp-content\/uploads\/2024\/03\/CopiadiDSC_9857_66e0dcac-2402-44b2-9949-b99821e30f97_720x-600x900.webp 600w, https:\/\/julieta.splashdesk.it\/wp-content\/uploads\/2024\/03\/CopiadiDSC_9857_66e0dcac-2402-44b2-9949-b99821e30f97_720x-200x300.webp 200w, https:\/\/julieta.splashdesk.it\/wp-content\/uploads\/2024\/03\/CopiadiDSC_9857_66e0dcac-2402-44b2-9949-b99821e30f97_720x-683x1024.webp 683w\" sizes=\"(max-width: 720px) 100vw, 720px\" \/><\/div>\n\t\t<\/a>\n\t\t\t\t<div class=\"elementor-post__text\">\n\t\t\t\t<h3 class=\"elementor-post__title\">\n\t\t\t<a href=\"https:\/\/julieta.splashdesk.it\/es\/astrid\/\" >\n\t\t\t\tAstrid de B\u00e9lgica\t\t\t<\/a>\n\t\t<\/h3>\n\t\t\t\t<div class=\"elementor-post__excerpt\">\n\t\t\t<p>Glamuroso y a la \u00faltima, el minivestido negro es la prenda imperecedera por excelencia que te har\u00e1 sentir impecable en las ocasiones especiales. En nuestro vestido Calliope, el car\u00e1cter sexy de las transparencias se combina con el car\u00e1cter rom\u00e1ntico y femenino de las flores aplicadas a mano en las copas. El corte en V de la cintura realza los bordados del escote, acentuando el contraste entre los tejidos. En la falda, un juego de volantes en el terciopelo favorece la silueta y afina la cintura, confiriendo al vestido un sex appeal \u00fanico. Con el vestido Calliope, la consigna es s\u00f3lo una: \u00a1atr\u00e9vete!<\/p>\n\t\t<\/div>\n\t\t\n\t\t<a class=\"elementor-post__read-more\" href=\"https:\/\/julieta.splashdesk.it\/es\/astrid\/\" aria-label=\"M\u00e1s informaci\u00f3n sobre Astrid di Belgio\" tabindex=\"-1\" >\n\t\t\tLeer m\u00e1s \"\t\t<\/a>\n\n\t\t\t\t<\/div>\n\t\t\t\t<\/article>\n\t\t\t\t<article class=\"elementor-post elementor-grid-item post-360 post type-post status-publish format-standard has-post-thumbnail hentry category-home-2\">\n\t\t\t\t<a class=\"elementor-post__thumbnail__link\" href=\"https:\/\/julieta.splashdesk.it\/es\/rania-di-giordania\/\" tabindex=\"-1\" >\n\t\t\t<div class=\"elementor-post__thumbnail\"><img loading=\"lazy\" decoding=\"async\" width=\"768\" height=\"1024\" src=\"https:\/\/julieta.splashdesk.it\/wp-content\/uploads\/2024\/03\/IMG-20231031-WA0025_1024x1024.webp\" class=\"attachment-full size-full wp-image-361\" alt=\"\" srcset=\"https:\/\/julieta.splashdesk.it\/wp-content\/uploads\/2024\/03\/IMG-20231031-WA0025_1024x1024.webp 768w, https:\/\/julieta.splashdesk.it\/wp-content\/uploads\/2024\/03\/IMG-20231031-WA0025_1024x1024-225x300.webp 225w, https:\/\/julieta.splashdesk.it\/wp-content\/uploads\/2024\/03\/IMG-20231031-WA0025_1024x1024-600x800.webp 600w\" sizes=\"(max-width: 768px) 100vw, 768px\" \/><\/div>\n\t\t<\/a>\n\t\t\t\t<div class=\"elementor-post__text\">\n\t\t\t\t<h3 class=\"elementor-post__title\">\n\t\t\t<a href=\"https:\/\/julieta.splashdesk.it\/es\/rania-di-giordania\/\" >\n\t\t\t\tRania de Jordania\t\t\t<\/a>\n\t\t<\/h3>\n\t\t\t\t<div class=\"elementor-post__excerpt\">\n\t\t\t<p>La cuenta atr\u00e1s para las fiestas m\u00e1s esperadas del a\u00f1o ha comenzado y con ella la fat\u00eddica b\u00fasqueda del atuendo perfecto para brillar \"All night long\". Pandora es el vestido de vertiginosa abertura que, con su cadena cosida a mano de preciosos cristales, har\u00e1 que los focos se centren en ti, haci\u00e9ndote sentir la protagonista indiscutible de la \u00faltima noche del a\u00f1o y, por qu\u00e9 no, tambi\u00e9n de una velada de gala, una \"premi\u00e8re\" en el teatro o una importante fiesta de cumplea\u00f1os. Realizado en punto Milano, realza el encanto de la sensualidad femenina gracias a su corte recto, que realza las formas del cuerpo y le confiere un efecto WOW.   Esc\u00e9nico y glamuroso, Pandora es el vestido joya para un look de aut\u00e9ntica diva de Hollywood. El\u00edgelo en el color negro m\u00e1s atrevido o en los tonos arena m\u00e1s delicados.<\/p>\n\t\t<\/div>\n\t\t\n\t\t<a class=\"elementor-post__read-more\" href=\"https:\/\/julieta.splashdesk.it\/es\/rania-di-giordania\/\" aria-label=\"M\u00e1s informaci\u00f3n sobre Rania Di Giordania\" tabindex=\"-1\" >\n\t\t\tLeer m\u00e1s \"\t\t<\/a>\n\n\t\t\t\t<\/div>\n\t\t\t\t<\/article>\n\t\t\t\t<article class=\"elementor-post elementor-grid-item post-358 post type-post status-publish format-standard has-post-thumbnail hentry category-home-2\">\n\t\t\t\t<a class=\"elementor-post__thumbnail__link\" href=\"https:\/\/julieta.splashdesk.it\/es\/anastasia-romanov\/\" tabindex=\"-1\" >\n\t\t\t<div class=\"elementor-post__thumbnail\"><img loading=\"lazy\" decoding=\"async\" width=\"720\" height=\"1079\" src=\"https:\/\/julieta.splashdesk.it\/wp-content\/uploads\/2024\/03\/Abito_midi_in_punto_milano1_720x.webp\" class=\"attachment-full size-full wp-image-329\" alt=\"\" srcset=\"https:\/\/julieta.splashdesk.it\/wp-content\/uploads\/2024\/03\/Abito_midi_in_punto_milano1_720x.webp 720w, https:\/\/julieta.splashdesk.it\/wp-content\/uploads\/2024\/03\/Abito_midi_in_punto_milano1_720x-600x900.webp 600w, https:\/\/julieta.splashdesk.it\/wp-content\/uploads\/2024\/03\/Abito_midi_in_punto_milano1_720x-200x300.webp 200w, https:\/\/julieta.splashdesk.it\/wp-content\/uploads\/2024\/03\/Abito_midi_in_punto_milano1_720x-683x1024.webp 683w\" sizes=\"(max-width: 720px) 100vw, 720px\" \/><\/div>\n\t\t<\/a>\n\t\t\t\t<div class=\"elementor-post__text\">\n\t\t\t\t<h3 class=\"elementor-post__title\">\n\t\t\t<a href=\"https:\/\/julieta.splashdesk.it\/es\/anastasia-romanov\/\" >\n\t\t\t\tAnastasia Romanov\t\t\t<\/a>\n\t\t<\/h3>\n\t\t\t\t<div class=\"elementor-post__excerpt\">\n\t\t\t<p>Es la tendencia de estilo que se ha hecho un hueco en los corazones de las celebrities de todo el mundo: la malla de pedrer\u00eda es el detalle imprescindible para un outfit de infarto. Si buscas un look femenino y contempor\u00e1neo para lucir en los encuentros m\u00e1s exclusivos, el vestido Narciso es tu prenda. Un vestido midi, sensual, enriquecido con inserciones de malla enteramente tachonadas de strass multicolor y de gran impacto visual. En la espalda, un impresionante escote superbrillante captar\u00e1 la atenci\u00f3n de la fiesta y te har\u00e1 sentir \u00a1la estrella de la noche!<\/p>\n\t\t<\/div>\n\t\t\n\t\t<a class=\"elementor-post__read-more\" href=\"https:\/\/julieta.splashdesk.it\/es\/anastasia-romanov\/\" aria-label=\"M\u00e1s informaci\u00f3n sobre Anastasia Romanov\" tabindex=\"-1\" >\n\t\t\tLeer m\u00e1s \"\t\t<\/a>\n\n\t\t\t\t<\/div>\n\t\t\t\t<\/article>\n\t\t\t\t<\/div>\n\t\t\n\t\t\t\t\t\t<\/div>\n\t\t\t\t<\/div>\n\t\t\t\t<\/div>\n\t\t<div class=\"elementor-element elementor-element-5ee4ca1 e-con-full e-flex e-con e-child\" data-id=\"5ee4ca1\" data-element_type=\"container\" data-settings=\"{&quot;sticky&quot;:&quot;top&quot;,&quot;sticky_on&quot;:[&quot;desktop&quot;,&quot;tablet&quot;],&quot;sticky_offset&quot;:100,&quot;sticky_effects_offset&quot;:10,&quot;sticky_parent&quot;:&quot;yes&quot;,&quot;sticky_anchor_link_offset&quot;:0}\">\n\t\t<div class=\"elementor-element elementor-element-066371a e-flex e-con-boxed e-con e-child\" data-id=\"066371a\" data-element_type=\"container\" data-settings=\"{&quot;background_background&quot;:&quot;classic&quot;}\">\n\t\t\t\t\t<div class=\"e-con-inner\">\n\t\t\t\t<div class=\"elementor-element elementor-element-bfe321a elementor-widget elementor-widget-text-editor\" data-id=\"bfe321a\" data-element_type=\"widget\" data-widget_type=\"text-editor.default\">\n\t\t\t\t<div class=\"elementor-widget-container\">\n\t\t\t\t\t\t\t\t\t<p>Descubra las colecciones<\/p>\t\t\t\t\t\t\t\t<\/div>\n\t\t\t\t<\/div>\n\t\t\t\t<div class=\"elementor-element elementor-element-12f41e1 underline elementor-mobile-align-justify elementor-align-center elementor-widget elementor-widget-button\" data-id=\"12f41e1\" data-element_type=\"widget\" data-widget_type=\"button.default\">\n\t\t\t\t<div class=\"elementor-widget-container\">\n\t\t\t\t\t\t\t\t\t<div class=\"elementor-button-wrapper\">\n\t\t\t\t\t<a class=\"elementor-button elementor-button-link elementor-size-sm\" href=\"#\">\n\t\t\t\t\t\t<span class=\"elementor-button-content-wrapper\">\n\t\t\t\t\t\t\t\t\t<span class=\"elementor-button-text\">Ir a la tienda<\/span>\n\t\t\t\t\t<\/span>\n\t\t\t\t\t<\/a>\n\t\t\t\t<\/div>\n\t\t\t\t\t\t\t\t<\/div>\n\t\t\t\t<\/div>\n\t\t\t\t\t<\/div>\n\t\t\t\t<\/div>\n\t\t<div class=\"elementor-element elementor-element-f4d9e76 e-flex e-con-boxed e-con e-child\" data-id=\"f4d9e76\" data-element_type=\"container\" data-settings=\"{&quot;background_background&quot;:&quot;classic&quot;}\">\n\t\t\t\t\t<div class=\"e-con-inner\">\n\t\t\t\t<div class=\"elementor-element elementor-element-4060f0e elementor-widget elementor-widget-text-editor\" data-id=\"4060f0e\" data-element_type=\"widget\" data-widget_type=\"text-editor.default\">\n\t\t\t\t<div class=\"elementor-widget-container\">\n\t\t\t\t\t\t\t\t\t<p>Solicitar una consulta<\/p>\t\t\t\t\t\t\t\t<\/div>\n\t\t\t\t<\/div>\n\t\t\t\t<div class=\"elementor-element elementor-element-0b2ef57 underline elementor-mobile-align-justify elementor-align-center elementor-widget elementor-widget-button\" data-id=\"0b2ef57\" data-element_type=\"widget\" data-widget_type=\"button.default\">\n\t\t\t\t<div class=\"elementor-widget-container\">\n\t\t\t\t\t\t\t\t\t<div class=\"elementor-button-wrapper\">\n\t\t\t\t\t<a class=\"elementor-button elementor-button-link elementor-size-sm\" href=\"#\">\n\t\t\t\t\t\t<span class=\"elementor-button-content-wrapper\">\n\t\t\t\t\t\t\t\t\t<span class=\"elementor-button-text\">Contactar con el personal shopper<\/span>\n\t\t\t\t\t<\/span>\n\t\t\t\t\t<\/a>\n\t\t\t\t<\/div>\n\t\t\t\t\t\t\t\t<\/div>\n\t\t\t\t<\/div>\n\t\t\t\t\t<\/div>\n\t\t\t\t<\/div>\n\t\t\t\t<\/div>\n\t\t\t\t\t<\/div>\n\t\t\t\t<\/div>\n\t\t\t\t<\/div>","protected":false},"excerpt":{"rendered":"<p>Collezioni Le storie dietro alle nostre creazioni Ogni creazione Julieta racchiude in s\u00e9 una storia che sussurra di passione, bellezza [&hellip;]<\/p>","protected":false},"author":2,"featured_media":0,"parent":0,"menu_order":0,"comment_status":"closed","ping_status":"closed","template":"elementor_header_footer","meta":{"site-sidebar-layout":"no-sidebar","site-content-layout":"","ast-site-content-layout":"full-width-container","site-content-style":"default","site-sidebar-style":"default","ast-global-header-display":"","ast-banner-title-visibility":"","ast-main-header-display":"","ast-hfb-above-header-display":"","ast-hfb-below-header-display":"","ast-hfb-mobile-header-display":"","site-post-title":"disabled","ast-breadcrumbs-content":"","ast-featured-img":"disabled","footer-sml-layout":"","theme-transparent-header-meta":"","adv-header-id-meta":"","stick-header-meta":"","header-above-stick-meta":"","header-main-stick-meta":"","header-below-stick-meta":"","astra-migrate-meta-layouts":"default","ast-page-background-enabled":"default","ast-page-background-meta":{"desktop":{"background-color":"var(--ast-global-color-4)","background-image":"","background-repeat":"repeat","background-position":"center center","background-size":"auto","background-attachment":"scroll","background-type":"","background-media":"","overlay-type":"","overlay-color":"","overlay-opacity":"","overlay-gradient":""},"tablet":{"background-color":"","background-image":"","background-repeat":"repeat","background-position":"center center","background-size":"auto","background-attachment":"scroll","background-type":"","background-media":"","overlay-type":"","overlay-color":"","overlay-opacity":"","overlay-gradient":""},"mobile":{"background-color":"","background-image":"","background-repeat":"repeat","background-position":"center center","background-size":"auto","background-attachment":"scroll","background-type":"","background-media":"","overlay-type":"","overlay-color":"","overlay-opacity":"","overlay-gradient":""}},"ast-content-background-meta":{"desktop":{"background-color":"var(--ast-global-color-5)","background-image":"","background-repeat":"repeat","background-position":"center center","background-size":"auto","background-attachment":"scroll","background-type":"","background-media":"","overlay-type":"","overlay-color":"","overlay-opacity":"","overlay-gradient":""},"tablet":{"background-color":"var(--ast-global-color-5)","background-image":"","background-repeat":"repeat","background-position":"center center","background-size":"auto","background-attachment":"scroll","background-type":"","background-media":"","overlay-type":"","overlay-color":"","overlay-opacity":"","overlay-gradient":""},"mobile":{"background-color":"var(--ast-global-color-5)","background-image":"","background-repeat":"repeat","background-position":"center center","background-size":"auto","background-attachment":"scroll","background-type":"","background-media":"","overlay-type":"","overlay-color":"","overlay-opacity":"","overlay-gradient":""}},"footnotes":""},"class_list":["post-1062","page","type-page","status-publish","hentry"],"_links":{"self":[{"href":"https:\/\/julieta.splashdesk.it\/es\/wp-json\/wp\/v2\/pages\/1062","targetHints":{"allow":["GET"]}}],"collection":[{"href":"https:\/\/julieta.splashdesk.it\/es\/wp-json\/wp\/v2\/pages"}],"about":[{"href":"https:\/\/julieta.splashdesk.it\/es\/wp-json\/wp\/v2\/types\/page"}],"author":[{"embeddable":true,"href":"https:\/\/julieta.splashdesk.it\/es\/wp-json\/wp\/v2\/users\/2"}],"replies":[{"embeddable":true,"href":"https:\/\/julieta.splashdesk.it\/es\/wp-json\/wp\/v2\/comments?post=1062"}],"version-history":[{"count":91,"href":"https:\/\/julieta.splashdesk.it\/es\/wp-json\/wp\/v2\/pages\/1062\/revisions"}],"predecessor-version":[{"id":2004,"href":"https:\/\/julieta.splashdesk.it\/es\/wp-json\/wp\/v2\/pages\/1062\/revisions\/2004"}],"wp:attachment":[{"href":"https:\/\/julieta.splashdesk.it\/es\/wp-json\/wp\/v2\/media?parent=1062"}],"curies":[{"name":"wp","href":"https:\/\/api.w.org\/{rel}","templated":true}]}}