{"id":1022,"date":"2024-04-18T12:01:52","date_gmt":"2024-04-18T10:01:52","guid":{"rendered":"https:\/\/julieta.splashdesk.it\/?page_id=1022"},"modified":"2024-04-18T12:02:56","modified_gmt":"2024-04-18T10:02:56","slug":"termini-e-condizioni","status":"publish","type":"page","link":"https:\/\/julieta.splashdesk.it\/es\/termini-e-condizioni\/","title":{"rendered":"Condiciones generales"},"content":{"rendered":"<div data-elementor-type=\"wp-page\" data-elementor-id=\"1022\" class=\"elementor elementor-1022\" data-elementor-post-type=\"page\">\n\t\t\t\t<div class=\"elementor-element elementor-element-a7de0ab e-flex e-con-boxed e-con e-parent\" data-id=\"a7de0ab\" data-element_type=\"container\">\n\t\t\t\t\t<div class=\"e-con-inner\">\n\t\t\t\t<div class=\"elementor-element elementor-element-9b4bb8b elementor-widget elementor-widget-heading\" data-id=\"9b4bb8b\" data-element_type=\"widget\" data-widget_type=\"heading.default\">\n\t\t\t\t<div class=\"elementor-widget-container\">\n\t\t\t\t\t<h1 class=\"elementor-heading-title elementor-size-default\">Condiciones generales<\/h1>\t\t\t\t<\/div>\n\t\t\t\t<\/div>\n\t\t\t\t<div class=\"elementor-element elementor-element-5dac495 elementor-widget elementor-widget-text-editor\" data-id=\"5dac495\" data-element_type=\"widget\" data-widget_type=\"text-editor.default\">\n\t\t\t\t<div class=\"elementor-widget-container\">\n\t\t\t\t\t\t\t\t\t<p><strong>1. Introducci\u00f3n<\/strong><\/p><p>Los presentes T\u00e9rminos y Condiciones (\"T\u00e9rminos\") se aplican a todos los visitantes y usuarios del sitio web Julietacollezioni.it. Al utilizar nuestro sitio, usted acepta quedar vinculado por estos T\u00e9rminos.<\/p><p><strong>2. 2. Informaci\u00f3n sobre la empresa<\/strong><\/p><p><strong>Riello Maria Vittoria<\/strong><br \/>Via Spaltin Alto n.3, Legnago (VR) 37045<br \/>NIF: 04967190234<br \/>REA: VR-459906<\/p><p><strong>3. Productos<\/strong><\/p><p>Ofrecemos ropa a la venta a trav\u00e9s de nuestro sitio web. Todos los productos est\u00e1n sujetos a disponibilidad.<\/p><p><strong>4. Precios y pagos<\/strong><\/p><p>Los precios se indican en euros e incluyen el IVA. Aceptamos pagos mediante PayPal, Visa, MasterCard, Gpay, American Express, Maestro y Apple Pay.<\/p><p><strong>5. Env\u00edo<\/strong><\/p><p>Realizamos env\u00edos a toda Italia. Los gastos de env\u00edo son gratuitos y la entrega se realizar\u00e1 en un plazo de 3\/4 d\u00edas laborables a partir de la confirmaci\u00f3n del pedido.<\/p><p><strong>6. Derecho de retractaci\u00f3n<\/strong><\/p><p>De conformidad con la legislaci\u00f3n italiana, los usuarios tienen derecho a desistir de su compra en un plazo de 14 d\u00edas a partir de la recepci\u00f3n del producto. Los gastos de env\u00edo para la devoluci\u00f3n del producto corren a cargo de la marca. El producto debe devolverse en las mismas condiciones en las que se recibi\u00f3.<\/p><p><strong>7. Garant\u00edas y responsabilidad<\/strong><\/p><p>Proporcionamos garant\u00edas de los productos tal y como exige la legislaci\u00f3n italiana. No nos hacemos responsables de los da\u00f1os indirectos o consecuentes derivados del uso del sitio o de los productos adquiridos.<\/p><p><strong>8. Modificaciones de las condiciones generales<\/strong><\/p><p>Nos reservamos el derecho a modificar estas Condiciones en cualquier momento. Los cambios entrar\u00e1n en vigor inmediatamente despu\u00e9s de su publicaci\u00f3n en el sitio web.<\/p><p><strong>9. Ley aplicable y jurisdicci\u00f3n<\/strong><\/p><p>Las presentes Condiciones se rigen por la legislaci\u00f3n italiana. Cualquier disputa relacionada con estos T\u00e9rminos estar\u00e1 sujeta a la jurisdicci\u00f3n exclusiva de los tribunales italianos.<\/p><p><strong>10. Contacto<\/strong><\/p><p>Si tiene alguna pregunta sobre estas Condiciones, p\u00f3ngase en contacto con nosotros en la direcci\u00f3n arriba indicada.<\/p>\t\t\t\t\t\t\t\t<\/div>\n\t\t\t\t<\/div>\n\t\t\t\t\t<\/div>\n\t\t\t\t<\/div>\n\t\t\t\t<\/div>","protected":false},"excerpt":{"rendered":"<p>1. Introduzione Questi Termini e Condizioni (&#8220;Termini&#8221;) si applicano a tutti i visitatori e gli utenti del sito web Julietacollezioni.it. [&hellip;]<\/p>","protected":false},"author":2,"featured_media":0,"parent":0,"menu_order":0,"comment_status":"closed","ping_status":"closed","template":"","meta":{"site-sidebar-layout":"no-sidebar","site-content-layout":"","ast-site-content-layout":"full-width-container","site-content-style":"default","site-sidebar-style":"default","ast-global-header-display":"","ast-banner-title-visibility":"","ast-main-header-display":"","ast-hfb-above-header-display":"","ast-hfb-below-header-display":"","ast-hfb-mobile-header-display":"","site-post-title":"disabled","ast-breadcrumbs-content":"","ast-featured-img":"disabled","footer-sml-layout":"","theme-transparent-header-meta":"","adv-header-id-meta":"","stick-header-meta":"","header-above-stick-meta":"","header-main-stick-meta":"","header-below-stick-meta":"","astra-migrate-meta-layouts":"default","ast-page-background-enabled":"default","ast-page-background-meta":{"desktop":{"background-color":"var(--ast-global-color-4)","background-image":"","background-repeat":"repeat","background-position":"center center","background-size":"auto","background-attachment":"scroll","background-type":"","background-media":"","overlay-type":"","overlay-color":"","overlay-opacity":"","overlay-gradient":""},"tablet":{"background-color":"","background-image":"","background-repeat":"repeat","background-position":"center center","background-size":"auto","background-attachment":"scroll","background-type":"","background-media":"","overlay-type":"","overlay-color":"","overlay-opacity":"","overlay-gradient":""},"mobile":{"background-color":"","background-image":"","background-repeat":"repeat","background-position":"center center","background-size":"auto","background-attachment":"scroll","background-type":"","background-media":"","overlay-type":"","overlay-color":"","overlay-opacity":"","overlay-gradient":""}},"ast-content-background-meta":{"desktop":{"background-color":"var(--ast-global-color-5)","background-image":"","background-repeat":"repeat","background-position":"center center","background-size":"auto","background-attachment":"scroll","background-type":"","background-media":"","overlay-type":"","overlay-color":"","overlay-opacity":"","overlay-gradient":""},"tablet":{"background-color":"var(--ast-global-color-5)","background-image":"","background-repeat":"repeat","background-position":"center center","background-size":"auto","background-attachment":"scroll","background-type":"","background-media":"","overlay-type":"","overlay-color":"","overlay-opacity":"","overlay-gradient":""},"mobile":{"background-color":"var(--ast-global-color-5)","background-image":"","background-repeat":"repeat","background-position":"center center","background-size":"auto","background-attachment":"scroll","background-type":"","background-media":"","overlay-type":"","overlay-color":"","overlay-opacity":"","overlay-gradient":""}},"footnotes":""},"class_list":["post-1022","page","type-page","status-publish","hentry"],"_links":{"self":[{"href":"https:\/\/julieta.splashdesk.it\/es\/wp-json\/wp\/v2\/pages\/1022","targetHints":{"allow":["GET"]}}],"collection":[{"href":"https:\/\/julieta.splashdesk.it\/es\/wp-json\/wp\/v2\/pages"}],"about":[{"href":"https:\/\/julieta.splashdesk.it\/es\/wp-json\/wp\/v2\/types\/page"}],"author":[{"embeddable":true,"href":"https:\/\/julieta.splashdesk.it\/es\/wp-json\/wp\/v2\/users\/2"}],"replies":[{"embeddable":true,"href":"https:\/\/julieta.splashdesk.it\/es\/wp-json\/wp\/v2\/comments?post=1022"}],"version-history":[{"count":4,"href":"https:\/\/julieta.splashdesk.it\/es\/wp-json\/wp\/v2\/pages\/1022\/revisions"}],"predecessor-version":[{"id":1026,"href":"https:\/\/julieta.splashdesk.it\/es\/wp-json\/wp\/v2\/pages\/1022\/revisions\/1026"}],"wp:attachment":[{"href":"https:\/\/julieta.splashdesk.it\/es\/wp-json\/wp\/v2\/media?parent=1022"}],"curies":[{"name":"wp","href":"https:\/\/api.w.org\/{rel}","templated":true}]}}