{"id":1017,"date":"2024-04-18T11:58:52","date_gmt":"2024-04-18T09:58:52","guid":{"rendered":"https:\/\/julieta.splashdesk.it\/?page_id=1017"},"modified":"2024-04-18T12:00:57","modified_gmt":"2024-04-18T10:00:57","slug":"privacy-policy","status":"publish","type":"page","link":"https:\/\/julieta.splashdesk.it\/es\/privacy-policy\/","title":{"rendered":"Pol\u00edtica de privacidad"},"content":{"rendered":"<div data-elementor-type=\"wp-page\" data-elementor-id=\"1017\" class=\"elementor elementor-1017\" data-elementor-post-type=\"page\">\n\t\t\t\t<div class=\"elementor-element elementor-element-f7e72ef e-flex e-con-boxed e-con e-parent\" data-id=\"f7e72ef\" data-element_type=\"container\">\n\t\t\t\t\t<div class=\"e-con-inner\">\n\t\t\t\t<div class=\"elementor-element elementor-element-f01fc05 elementor-widget elementor-widget-heading\" data-id=\"f01fc05\" data-element_type=\"widget\" data-widget_type=\"heading.default\">\n\t\t\t\t<div class=\"elementor-widget-container\">\n\t\t\t\t\t<h1 class=\"elementor-heading-title elementor-size-default\">Pol\u00edtica de privacidad<\/h1>\t\t\t\t<\/div>\n\t\t\t\t<\/div>\n\t\t\t\t<div class=\"elementor-element elementor-element-92e2530 elementor-widget elementor-widget-text-editor\" data-id=\"92e2530\" data-element_type=\"widget\" data-widget_type=\"text-editor.default\">\n\t\t\t\t<div class=\"elementor-widget-container\">\n\t\t\t\t\t\t\t\t\t<p><strong>1. Introducci\u00f3n<\/strong><\/p><p>Bienvenido a\u00a0<strong>Julietacollezioni.it<\/strong>. Esta Pol\u00edtica de Privacidad se aplica a los visitantes y usuarios del sitio web Julietacollezioni.it. En esta Pol\u00edtica de Privacidad, describimos c\u00f3mo recogemos, utilizamos y protegemos su informaci\u00f3n personal.<\/p><p><strong>2. Datos recogidos<\/strong><\/p><p>Recopilamos datos personales como su nombre, apellidos y correo electr\u00f3nico cuando se registra en nuestro sitio, realiza un pedido, se suscribe a nuestro bolet\u00edn o interact\u00faa con nuestras funciones. Estos datos son necesarios para procesar sus pedidos, proporcionarle actualizaciones y con fines de marketing.<\/p><p><strong>3. Uso de los datos<\/strong><\/p><p>Los datos recogidos se utilizan para:<\/p><ul><li>Tramitar y gestionar los pedidos realizados.<\/li><li>Env\u00ede actualizaciones, informaci\u00f3n sobre productos y ofertas promocionales.<\/li><li>Mejorar su experiencia en el sitio.<\/li><\/ul><p><strong>4. 4. Intercambio de datos<\/strong><\/p><p>No vendemos, comerciamos ni transferimos de ning\u00fan otro modo sus datos personales a terceros, salvo en los casos especificados en esta pol\u00edtica.<\/p><p><strong>5. Google Fonts, Shopify, Google Analytics y Google reCAPTCHA<\/strong><\/p><p>Utilizamos Google Fonts para las fuentes del sitio, Shopify como plataforma de comercio electr\u00f3nico, Google Analytics para analizar el tr\u00e1fico del sitio y Google reCAPTCHA para la seguridad. Estos servicios pueden recopilar datos como su direcci\u00f3n IP e informaci\u00f3n de navegaci\u00f3n.<\/p><p><strong>6. Seguridad de los datos<\/strong><\/p><p>Tomamos medidas de seguridad para proteger sus datos personales. Sin embargo, ninguna transmisi\u00f3n de datos por Internet puede garantizarse como completamente segura.<\/p><p><strong>7. Derechos de los usuarios<\/strong><\/p><p>Tiene derecho a acceder a sus datos personales, rectificarlos o suprimirlos. Puede ejercer estos derechos poni\u00e9ndose en contacto con nosotros en la direcci\u00f3n de correo electr\u00f3nico facilitada.<\/p><p><strong>8. Cambios en la pol\u00edtica de privacidad<\/strong><\/p><p>Nos reservamos el derecho a modificar esta pol\u00edtica de privacidad en cualquier momento. Los cambios entrar\u00e1n en vigor inmediatamente despu\u00e9s de su publicaci\u00f3n en el sitio web.<\/p><p><strong>9. Contacto<\/strong><\/p><p>Si tiene alguna pregunta sobre esta pol\u00edtica de privacidad, puede ponerse en contacto con el responsable del tratamiento:<\/p><p><strong>Riello Maria Vittoria<\/strong><br \/>Via Spaltin Alto n.3, Legnago (VR) 37045<br \/>NIF: 04967190234<br \/>REA: VR-459906<\/p>\t\t\t\t\t\t\t\t<\/div>\n\t\t\t\t<\/div>\n\t\t\t\t\t<\/div>\n\t\t\t\t<\/div>\n\t\t\t\t<\/div>","protected":false},"excerpt":{"rendered":"<p>1. Introduzione Benvenuti su\u00a0Julietacollezioni.it. La presente Privacy Policy si applica ai visitatori e agli utenti del sito web Julietacollezioni.it. In [&hellip;]<\/p>","protected":false},"author":2,"featured_media":0,"parent":0,"menu_order":0,"comment_status":"closed","ping_status":"closed","template":"","meta":{"site-sidebar-layout":"no-sidebar","site-content-layout":"","ast-site-content-layout":"full-width-container","site-content-style":"default","site-sidebar-style":"default","ast-global-header-display":"","ast-banner-title-visibility":"","ast-main-header-display":"","ast-hfb-above-header-display":"","ast-hfb-below-header-display":"","ast-hfb-mobile-header-display":"","site-post-title":"disabled","ast-breadcrumbs-content":"","ast-featured-img":"disabled","footer-sml-layout":"","theme-transparent-header-meta":"","adv-header-id-meta":"","stick-header-meta":"","header-above-stick-meta":"","header-main-stick-meta":"","header-below-stick-meta":"","astra-migrate-meta-layouts":"default","ast-page-background-enabled":"default","ast-page-background-meta":{"desktop":{"background-color":"var(--ast-global-color-4)","background-image":"","background-repeat":"repeat","background-position":"center center","background-size":"auto","background-attachment":"scroll","background-type":"","background-media":"","overlay-type":"","overlay-color":"","overlay-opacity":"","overlay-gradient":""},"tablet":{"background-color":"","background-image":"","background-repeat":"repeat","background-position":"center center","background-size":"auto","background-attachment":"scroll","background-type":"","background-media":"","overlay-type":"","overlay-color":"","overlay-opacity":"","overlay-gradient":""},"mobile":{"background-color":"","background-image":"","background-repeat":"repeat","background-position":"center center","background-size":"auto","background-attachment":"scroll","background-type":"","background-media":"","overlay-type":"","overlay-color":"","overlay-opacity":"","overlay-gradient":""}},"ast-content-background-meta":{"desktop":{"background-color":"var(--ast-global-color-5)","background-image":"","background-repeat":"repeat","background-position":"center center","background-size":"auto","background-attachment":"scroll","background-type":"","background-media":"","overlay-type":"","overlay-color":"","overlay-opacity":"","overlay-gradient":""},"tablet":{"background-color":"var(--ast-global-color-5)","background-image":"","background-repeat":"repeat","background-position":"center center","background-size":"auto","background-attachment":"scroll","background-type":"","background-media":"","overlay-type":"","overlay-color":"","overlay-opacity":"","overlay-gradient":""},"mobile":{"background-color":"var(--ast-global-color-5)","background-image":"","background-repeat":"repeat","background-position":"center center","background-size":"auto","background-attachment":"scroll","background-type":"","background-media":"","overlay-type":"","overlay-color":"","overlay-opacity":"","overlay-gradient":""}},"footnotes":""},"class_list":["post-1017","page","type-page","status-publish","hentry"],"_links":{"self":[{"href":"https:\/\/julieta.splashdesk.it\/es\/wp-json\/wp\/v2\/pages\/1017","targetHints":{"allow":["GET"]}}],"collection":[{"href":"https:\/\/julieta.splashdesk.it\/es\/wp-json\/wp\/v2\/pages"}],"about":[{"href":"https:\/\/julieta.splashdesk.it\/es\/wp-json\/wp\/v2\/types\/page"}],"author":[{"embeddable":true,"href":"https:\/\/julieta.splashdesk.it\/es\/wp-json\/wp\/v2\/users\/2"}],"replies":[{"embeddable":true,"href":"https:\/\/julieta.splashdesk.it\/es\/wp-json\/wp\/v2\/comments?post=1017"}],"version-history":[{"count":4,"href":"https:\/\/julieta.splashdesk.it\/es\/wp-json\/wp\/v2\/pages\/1017\/revisions"}],"predecessor-version":[{"id":1021,"href":"https:\/\/julieta.splashdesk.it\/es\/wp-json\/wp\/v2\/pages\/1017\/revisions\/1021"}],"wp:attachment":[{"href":"https:\/\/julieta.splashdesk.it\/es\/wp-json\/wp\/v2\/media?parent=1017"}],"curies":[{"name":"wp","href":"https:\/\/api.w.org\/{rel}","templated":true}]}}