{"id":301,"date":"2024-03-21T19:14:00","date_gmt":"2024-03-21T18:14:00","guid":{"rendered":"https:\/\/julieta.splashdesk.it\/?post_type=product&#038;p=301"},"modified":"2024-07-03T15:33:05","modified_gmt":"2024-07-03T13:33:05","slug":"abito-victoria","status":"publish","type":"product","link":"https:\/\/julieta.splashdesk.it\/de\/produkt\/abito-victoria\/","title":{"rendered":"Victoria-Kleid"},"content":{"rendered":"<p><span style=\"font-weight: 400;\">L&#8217;abito &#8220;Victoria di Svezia&#8221; \u00e8 molto pi\u00f9 di un semplice capo di vestiario: \u00e8 una celebrazione della femminilit\u00e0, dell&#8217;innovazione nel design e della sartorialit\u00e0 artigianale. Julieta Collezioni ha creato un capo che non solo rispetta la tradizione ma la porta avanti, invitando le donne a esplorare e a celebrare la loro individualit\u00e0 in ogni occasione.<\/span><\/p>","protected":false},"excerpt":{"rendered":"<p class=\"p1\"><span style=\"font-weight: 400;\">Das Kleid \"Victoria of Sweden\" von Julieta Collezioni ist ein Meisterwerk des innovativen Designs, das klassische Schneiderkunst mit einer modernen Interpretation der Romantik verbindet. Dieses Kleidungsst\u00fcck ist ein stilistisches Statement, das sich sowohl an formelle als auch an legere Anl\u00e4sse anpassen l\u00e4sst und beweist, dass Eleganz vielseitig und zeitgem\u00e4\u00df sein kann.<\/span><\/p>\n<p class=\"p1\">Das Model ist 1,73 m gro\u00df und tr\u00e4gt Gr\u00f6\u00dfe 40.<\/p>","protected":false},"featured_media":315,"comment_status":"open","ping_status":"closed","template":"","meta":{"site-sidebar-layout":"default","site-content-layout":"","ast-site-content-layout":"default","site-content-style":"default","site-sidebar-style":"default","ast-global-header-display":"","ast-banner-title-visibility":"","ast-main-header-display":"","ast-hfb-above-header-display":"","ast-hfb-below-header-display":"","ast-hfb-mobile-header-display":"","site-post-title":"","ast-breadcrumbs-content":"","ast-featured-img":"","footer-sml-layout":"","theme-transparent-header-meta":"default","adv-header-id-meta":"","stick-header-meta":"default","header-above-stick-meta":"","header-main-stick-meta":"","header-below-stick-meta":"","astra-migrate-meta-layouts":"set","ast-page-background-enabled":"default","ast-page-background-meta":{"desktop":{"background-color":"var(--ast-global-color-4)","background-image":"","background-repeat":"repeat","background-position":"center center","background-size":"auto","background-attachment":"scroll","background-type":"","background-media":"","overlay-type":"","overlay-color":"","overlay-opacity":"","overlay-gradient":""},"tablet":{"background-color":"","background-image":"","background-repeat":"repeat","background-position":"center center","background-size":"auto","background-attachment":"scroll","background-type":"","background-media":"","overlay-type":"","overlay-color":"","overlay-opacity":"","overlay-gradient":""},"mobile":{"background-color":"","background-image":"","background-repeat":"repeat","background-position":"center center","background-size":"auto","background-attachment":"scroll","background-type":"","background-media":"","overlay-type":"","overlay-color":"","overlay-opacity":"","overlay-gradient":""}},"ast-content-background-meta":{"desktop":{"background-color":"var(--ast-global-color-5)","background-image":"","background-repeat":"repeat","background-position":"center center","background-size":"auto","background-attachment":"scroll","background-type":"","background-media":"","overlay-type":"","overlay-color":"","overlay-opacity":"","overlay-gradient":""},"tablet":{"background-color":"var(--ast-global-color-5)","background-image":"","background-repeat":"repeat","background-position":"center center","background-size":"auto","background-attachment":"scroll","background-type":"","background-media":"","overlay-type":"","overlay-color":"","overlay-opacity":"","overlay-gradient":""},"mobile":{"background-color":"var(--ast-global-color-5)","background-image":"","background-repeat":"repeat","background-position":"center center","background-size":"auto","background-attachment":"scroll","background-type":"","background-media":"","overlay-type":"","overlay-color":"","overlay-opacity":"","overlay-gradient":""}}},"product_brand":[],"product_cat":[46],"product_tag":[],"class_list":{"0":"post-301","1":"product","2":"type-product","3":"status-publish","4":"has-post-thumbnail","6":"product_cat-abiti-corti","7":"desktop-align-left","8":"tablet-align-left","9":"mobile-align-left","10":"ast-product-gallery-layout-horizontal-slider","11":"ast-product-single-variable","12":"ast-product-tabs-layout-horizontal","14":"first","15":"instock","16":"taxable","17":"shipping-taxable","18":"purchasable","19":"product-type-variable","20":"has-default-attributes"},"_links":{"self":[{"href":"https:\/\/julieta.splashdesk.it\/de\/wp-json\/wp\/v2\/product\/301","targetHints":{"allow":["GET"]}}],"collection":[{"href":"https:\/\/julieta.splashdesk.it\/de\/wp-json\/wp\/v2\/product"}],"about":[{"href":"https:\/\/julieta.splashdesk.it\/de\/wp-json\/wp\/v2\/types\/product"}],"replies":[{"embeddable":true,"href":"https:\/\/julieta.splashdesk.it\/de\/wp-json\/wp\/v2\/comments?post=301"}],"version-history":[{"count":12,"href":"https:\/\/julieta.splashdesk.it\/de\/wp-json\/wp\/v2\/product\/301\/revisions"}],"predecessor-version":[{"id":2175,"href":"https:\/\/julieta.splashdesk.it\/de\/wp-json\/wp\/v2\/product\/301\/revisions\/2175"}],"wp:featuredmedia":[{"embeddable":true,"href":"https:\/\/julieta.splashdesk.it\/de\/wp-json\/wp\/v2\/media\/315"}],"wp:attachment":[{"href":"https:\/\/julieta.splashdesk.it\/de\/wp-json\/wp\/v2\/media?parent=301"}],"wp:term":[{"taxonomy":"product_brand","embeddable":true,"href":"https:\/\/julieta.splashdesk.it\/de\/wp-json\/wp\/v2\/product_brand?post=301"},{"taxonomy":"product_cat","embeddable":true,"href":"https:\/\/julieta.splashdesk.it\/de\/wp-json\/wp\/v2\/product_cat?post=301"},{"taxonomy":"product_tag","embeddable":true,"href":"https:\/\/julieta.splashdesk.it\/de\/wp-json\/wp\/v2\/product_tag?post=301"}],"curies":[{"name":"wp","href":"https:\/\/api.w.org\/{rel}","templated":true}]}}