{"id":2315,"date":"2024-07-03T11:47:48","date_gmt":"2024-07-03T09:47:48","guid":{"rendered":"https:\/\/julieta.splashdesk.it\/?post_type=product&#038;p=2315"},"modified":"2024-07-03T15:34:15","modified_gmt":"2024-07-03T13:34:15","slug":"abito-anastasia-nero","status":"publish","type":"product","link":"https:\/\/julieta.splashdesk.it\/de\/produkt\/abito-anastasia-nero\/","title":{"rendered":"Anastasia Schwarzes Kleid"},"content":{"rendered":"<p>Es ist der Style-Trend, der sich in die Herzen von Prominenten auf der ganzen Welt geschlichen hat: Strassgewebe ist das Must-Have-Detail f\u00fcr ein aufsehenerregendes Outfit.<\/p>\n<p>Wenn Sie auf der Suche nach einem femininen und modernen Look sind, der bei den exklusivsten Treffen zur Geltung kommt, ist das Narciso-Kleid das richtige Kleidungsst\u00fcck f\u00fcr Sie.<\/p>\n<p>Ein sinnliches Midikleid mit Mesh-Eins\u00e4tzen, die vollst\u00e4ndig mit mehrfarbigen Strasssteinen besetzt sind und eine gro\u00dfe optische Wirkung haben.<\/p>\n<p>Der atemberaubende Ausschnitt am R\u00fccken zieht die Blicke der G\u00e4ste auf sich und macht Sie zum Star des Abends!<\/p>","protected":false},"excerpt":{"rendered":"<p class=\"p1\">Midikleid mit Mesh-Eins\u00e4tzen, die mit mehrfarbigem Glitter besetzt sind, in Milano-Naht.<\/p>\n<p class=\"p1\">Das Model ist 1,73 m gro\u00df und tr\u00e4gt Gr\u00f6\u00dfe 40.<\/p>","protected":false},"featured_media":927,"comment_status":"open","ping_status":"closed","template":"","meta":{"site-sidebar-layout":"default","site-content-layout":"","ast-site-content-layout":"default","site-content-style":"default","site-sidebar-style":"default","ast-global-header-display":"","ast-banner-title-visibility":"","ast-main-header-display":"","ast-hfb-above-header-display":"","ast-hfb-below-header-display":"","ast-hfb-mobile-header-display":"","site-post-title":"","ast-breadcrumbs-content":"","ast-featured-img":"","footer-sml-layout":"","theme-transparent-header-meta":"default","adv-header-id-meta":"","stick-header-meta":"default","header-above-stick-meta":"","header-main-stick-meta":"","header-below-stick-meta":"","astra-migrate-meta-layouts":"set","ast-page-background-enabled":"default","ast-page-background-meta":{"desktop":{"background-color":"var(--ast-global-color-4)","background-image":"","background-repeat":"repeat","background-position":"center center","background-size":"auto","background-attachment":"scroll","background-type":"","background-media":"","overlay-type":"","overlay-color":"","overlay-opacity":"","overlay-gradient":""},"tablet":{"background-color":"","background-image":"","background-repeat":"repeat","background-position":"center center","background-size":"auto","background-attachment":"scroll","background-type":"","background-media":"","overlay-type":"","overlay-color":"","overlay-opacity":"","overlay-gradient":""},"mobile":{"background-color":"","background-image":"","background-repeat":"repeat","background-position":"center center","background-size":"auto","background-attachment":"scroll","background-type":"","background-media":"","overlay-type":"","overlay-color":"","overlay-opacity":"","overlay-gradient":""}},"ast-content-background-meta":{"desktop":{"background-color":"var(--ast-global-color-5)","background-image":"","background-repeat":"repeat","background-position":"center center","background-size":"auto","background-attachment":"scroll","background-type":"","background-media":"","overlay-type":"","overlay-color":"","overlay-opacity":"","overlay-gradient":""},"tablet":{"background-color":"var(--ast-global-color-5)","background-image":"","background-repeat":"repeat","background-position":"center center","background-size":"auto","background-attachment":"scroll","background-type":"","background-media":"","overlay-type":"","overlay-color":"","overlay-opacity":"","overlay-gradient":""},"mobile":{"background-color":"var(--ast-global-color-5)","background-image":"","background-repeat":"repeat","background-position":"center center","background-size":"auto","background-attachment":"scroll","background-type":"","background-media":"","overlay-type":"","overlay-color":"","overlay-opacity":"","overlay-gradient":""}}},"product_brand":[],"product_cat":[86],"product_tag":[],"class_list":{"0":"post-2315","1":"product","2":"type-product","3":"status-publish","4":"has-post-thumbnail","6":"product_cat-noleggio","7":"desktop-align-left","8":"tablet-align-left","9":"mobile-align-left","10":"ast-product-gallery-layout-horizontal-slider","11":"ast-product-tabs-layout-horizontal","13":"first","14":"instock","15":"taxable","16":"shipping-taxable","17":"purchasable","18":"product-type-redq_rental"},"_links":{"self":[{"href":"https:\/\/julieta.splashdesk.it\/de\/wp-json\/wp\/v2\/product\/2315","targetHints":{"allow":["GET"]}}],"collection":[{"href":"https:\/\/julieta.splashdesk.it\/de\/wp-json\/wp\/v2\/product"}],"about":[{"href":"https:\/\/julieta.splashdesk.it\/de\/wp-json\/wp\/v2\/types\/product"}],"replies":[{"embeddable":true,"href":"https:\/\/julieta.splashdesk.it\/de\/wp-json\/wp\/v2\/comments?post=2315"}],"version-history":[{"count":1,"href":"https:\/\/julieta.splashdesk.it\/de\/wp-json\/wp\/v2\/product\/2315\/revisions"}],"predecessor-version":[{"id":2316,"href":"https:\/\/julieta.splashdesk.it\/de\/wp-json\/wp\/v2\/product\/2315\/revisions\/2316"}],"wp:featuredmedia":[{"embeddable":true,"href":"https:\/\/julieta.splashdesk.it\/de\/wp-json\/wp\/v2\/media\/927"}],"wp:attachment":[{"href":"https:\/\/julieta.splashdesk.it\/de\/wp-json\/wp\/v2\/media?parent=2315"}],"wp:term":[{"taxonomy":"product_brand","embeddable":true,"href":"https:\/\/julieta.splashdesk.it\/de\/wp-json\/wp\/v2\/product_brand?post=2315"},{"taxonomy":"product_cat","embeddable":true,"href":"https:\/\/julieta.splashdesk.it\/de\/wp-json\/wp\/v2\/product_cat?post=2315"},{"taxonomy":"product_tag","embeddable":true,"href":"https:\/\/julieta.splashdesk.it\/de\/wp-json\/wp\/v2\/product_tag?post=2315"}],"curies":[{"name":"wp","href":"https:\/\/api.w.org\/{rel}","templated":true}]}}