{"id":792,"date":"2024-04-09T18:52:58","date_gmt":"2024-04-09T16:52:58","guid":{"rendered":"https:\/\/julieta.splashdesk.it\/?page_id=792"},"modified":"2024-06-24T14:47:52","modified_gmt":"2024-06-24T12:47:52","slug":"about-us","status":"publish","type":"page","link":"https:\/\/julieta.splashdesk.it\/de\/about-us\/","title":{"rendered":"\u00dcber uns"},"content":{"rendered":"<div data-elementor-type=\"wp-page\" data-elementor-id=\"792\" class=\"elementor elementor-792\" data-elementor-post-type=\"page\">\n\t\t\t\t<div class=\"elementor-element elementor-element-b6fecd3 e-flex e-con-boxed e-con e-parent\" data-id=\"b6fecd3\" data-element_type=\"container\" data-settings=\"{&quot;background_background&quot;:&quot;slideshow&quot;,&quot;background_motion_fx_translateY_effect&quot;:&quot;yes&quot;,&quot;background_slideshow_gallery&quot;:[{&quot;id&quot;:1827,&quot;url&quot;:&quot;https:\\\/\\\/julieta.splashdesk.it\\\/wp-content\\\/uploads\\\/2024\\\/05\\\/Copia_di_DSC_9629.jpg&quot;},{&quot;id&quot;:1826,&quot;url&quot;:&quot;https:\\\/\\\/julieta.splashdesk.it\\\/wp-content\\\/uploads\\\/2024\\\/05\\\/Rosa_rosa_20.jpg&quot;},{&quot;id&quot;:1825,&quot;url&quot;:&quot;https:\\\/\\\/julieta.splashdesk.it\\\/wp-content\\\/uploads\\\/2024\\\/05\\\/Francesca_146-1_047a8c78-6090-492f-b354-b997ac20c93e.jpg&quot;}],&quot;background_slideshow_loop&quot;:&quot;yes&quot;,&quot;background_slideshow_slide_duration&quot;:5000,&quot;background_slideshow_slide_transition&quot;:&quot;fade&quot;,&quot;background_slideshow_transition_duration&quot;:500,&quot;background_motion_fx_translateY_speed&quot;:{&quot;unit&quot;:&quot;px&quot;,&quot;size&quot;:4,&quot;sizes&quot;:[]},&quot;background_motion_fx_translateY_affectedRange&quot;:{&quot;unit&quot;:&quot;%&quot;,&quot;size&quot;:&quot;&quot;,&quot;sizes&quot;:{&quot;start&quot;:0,&quot;end&quot;:100}},&quot;background_motion_fx_devices&quot;:[&quot;desktop&quot;,&quot;tablet&quot;,&quot;mobile&quot;]}\">\n\t\t\t\t\t<div class=\"e-con-inner\">\n\t\t\t\t<div class=\"elementor-element elementor-element-a7003aa elementor-widget elementor-widget-heading\" data-id=\"a7003aa\" data-element_type=\"widget\" data-widget_type=\"heading.default\">\n\t\t\t\t<div class=\"elementor-widget-container\">\n\t\t\t\t\t<h1 class=\"elementor-heading-title elementor-size-default\">\u00dcber uns<\/h1>\t\t\t\t<\/div>\n\t\t\t\t<\/div>\n\t\t\t\t\t<\/div>\n\t\t\t\t<\/div>\n\t\t<div class=\"elementor-element elementor-element-84c0a3c e-flex e-con-boxed e-con e-parent\" data-id=\"84c0a3c\" data-element_type=\"container\">\n\t\t\t\t\t<div class=\"e-con-inner\">\n\t\t<div class=\"elementor-element elementor-element-c567b1e e-con-full e-flex e-con e-child\" data-id=\"c567b1e\" data-element_type=\"container\">\n\t\t\t\t<div class=\"elementor-element elementor-element-4abcf21 elementor-widget elementor-widget-image\" data-id=\"4abcf21\" data-element_type=\"widget\" data-widget_type=\"image.default\">\n\t\t\t\t<div class=\"elementor-widget-container\">\n\t\t\t\t\t\t\t\t\t\t\t\t\t\t\t<img fetchpriority=\"high\" decoding=\"async\" width=\"720\" height=\"1079\" src=\"https:\/\/julieta.splashdesk.it\/wp-content\/uploads\/2024\/04\/Abito-corto-Psiche-rosa.webp\" class=\"attachment-full size-full wp-image-924\" alt=\"\" srcset=\"https:\/\/julieta.splashdesk.it\/wp-content\/uploads\/2024\/04\/Abito-corto-Psiche-rosa.webp 720w, https:\/\/julieta.splashdesk.it\/wp-content\/uploads\/2024\/04\/Abito-corto-Psiche-rosa-600x899.webp 600w, https:\/\/julieta.splashdesk.it\/wp-content\/uploads\/2024\/04\/Abito-corto-Psiche-rosa-200x300.webp 200w, https:\/\/julieta.splashdesk.it\/wp-content\/uploads\/2024\/04\/Abito-corto-Psiche-rosa-683x1024.webp 683w\" sizes=\"(max-width: 720px) 100vw, 720px\" \/>\t\t\t\t\t\t\t\t\t\t\t\t\t\t\t<\/div>\n\t\t\t\t<\/div>\n\t\t\t\t<\/div>\n\t\t<div class=\"elementor-element elementor-element-fc3a32e e-con-full e-flex e-con e-child\" data-id=\"fc3a32e\" data-element_type=\"container\">\n\t\t\t\t<div class=\"elementor-element elementor-element-e2370d6 elementor-widget__width-auto elementor-widget-tablet__width-inherit elementor-widget elementor-widget-heading\" data-id=\"e2370d6\" data-element_type=\"widget\" data-widget_type=\"heading.default\">\n\t\t\t\t<div class=\"elementor-widget-container\">\n\t\t\t\t\t<h2 class=\"elementor-heading-title elementor-size-default\">ES WAR EINMAL JULIETA...\n<\/h2>\t\t\t\t<\/div>\n\t\t\t\t<\/div>\n\t\t\t\t<div class=\"elementor-element elementor-element-871e5f1 elementor-widget elementor-widget-text-editor\" data-id=\"871e5f1\" data-element_type=\"widget\" data-widget_type=\"text-editor.default\">\n\t\t\t\t<div class=\"elementor-widget-container\">\n\t\t\t\t\t\t\t\t\t<p class=\"p1\">In einem verwunschenen Winkel Italiens, inmitten der alten Stra\u00dfen von Verona, kommt es zu einer unerwarteten Begegnung zwischen drei jungen Frauen, die durch ihre Liebe zur Mode, zur Kunst und zur Romantik verbunden sind und die davon tr\u00e4umen, gemeinsam eine Marke zu gr\u00fcnden.<\/p><p class=\"p1\">Es brauchte nur ein paar Gespr\u00e4che, um die Ideen festzuhalten, und schon war Julieta Collezioni geboren, eine Haute-Couture-Marke, die die Leidenschaft f\u00fcr die Sch\u00f6nheit in all ihren Formen zelebriert:<span class=\"Apple-converted-space\">\u00a0 <\/span>eine Marke, die in einer einzigen Erz\u00e4hlung die Liebe zu kostbaren Stoffen und modischen Details mit dem Wunsch verbindet, die einzigartige Geschichte ihrer Stadt Verona zu erz\u00e4hlen, die seit jeher mit Kunst und Poesie verbunden ist.<\/p><p class=\"p1\">Ihr Ziel ist es, ihren Kleidungsst\u00fccken eine Seele zu geben, so dass sie, sobald sie getragen werden, am weiblichen K\u00f6rper die gleichen Emotionen widerspiegeln, von denen sie inspiriert wurden.<\/p><p class=\"p1\">Alle Julieta-Kollektionen beschw\u00f6ren das Wunder der ewigen Liebe herauf, der von Shakespeare besungenen zwischen Romeo und Julia und der noch st\u00e4rkeren f\u00fcr einen selbst, in einer Umarmung zwischen Vergangenheit und Gegenwart, zwischen Traum und Wirklichkeit.<\/p>\t\t\t\t\t\t\t\t<\/div>\n\t\t\t\t<\/div>\n\t\t\t\t<div class=\"elementor-element elementor-element-b4a463d underline elementor-mobile-align-left elementor-widget elementor-widget-button\" data-id=\"b4a463d\" data-element_type=\"widget\" data-widget_type=\"button.default\">\n\t\t\t\t<div class=\"elementor-widget-container\">\n\t\t\t\t\t\t\t\t\t<div class=\"elementor-button-wrapper\">\n\t\t\t\t\t<a class=\"elementor-button elementor-button-link elementor-size-sm\" href=\"\/de\/shop\/\">\n\t\t\t\t\t\t<span class=\"elementor-button-content-wrapper\">\n\t\t\t\t\t\t\t\t\t<span class=\"elementor-button-text\">ENTDECKEN SIE DIE SAMMLUNG<\/span>\n\t\t\t\t\t<\/span>\n\t\t\t\t\t<\/a>\n\t\t\t\t<\/div>\n\t\t\t\t\t\t\t\t<\/div>\n\t\t\t\t<\/div>\n\t\t\t\t<\/div>\n\t\t\t\t\t<\/div>\n\t\t\t\t<\/div>\n\t\t<div class=\"elementor-element elementor-element-6fa1126 e-flex e-con-boxed e-con e-parent\" data-id=\"6fa1126\" data-element_type=\"container\">\n\t\t\t\t\t<div class=\"e-con-inner\">\n\t\t<div class=\"elementor-element elementor-element-2e95d49 e-con-full e-flex e-con e-child\" data-id=\"2e95d49\" data-element_type=\"container\">\n\t\t\t\t<div class=\"elementor-element elementor-element-e2e6d9c elementor-widget__width-auto elementor-widget-tablet__width-inherit elementor-widget elementor-widget-heading\" data-id=\"e2e6d9c\" data-element_type=\"widget\" data-widget_type=\"heading.default\">\n\t\t\t\t<div class=\"elementor-widget-container\">\n\t\t\t\t\t<h2 class=\"elementor-heading-title elementor-size-default\"> FEIER DER WEIBLICHKEIT<\/h2>\t\t\t\t<\/div>\n\t\t\t\t<\/div>\n\t\t\t\t<div class=\"elementor-element elementor-element-2c9459c elementor-widget elementor-widget-text-editor\" data-id=\"2c9459c\" data-element_type=\"widget\" data-widget_type=\"text-editor.default\">\n\t\t\t\t<div class=\"elementor-widget-container\">\n\t\t\t\t\t\t\t\t\t<p class=\"p1\">Die Marke ist eine Hommage an die Protagonistin der ber\u00fchmtesten Liebesgeschichte aller Zeiten, Julia, und an alle Frauen, die sich wie sie rebellisch, entschlossen und frei f\u00fchlen.<\/p><p class=\"p1\">Das Kleid wird zum Spiegel der Seele, es reflektiert die vielen Nuancen des Weiblichen und vermittelt das Bild einer starken, bewussten und unabh\u00e4ngigen Frau.<\/p><p class=\"p1\">Julieta Collezioni will eine Erkl\u00e4rung der Freiheit sein, eine Best\u00e4tigung der Entschlossenheit und Authentizit\u00e4t, die den Mut einer jeden Frau repr\u00e4sentiert, ihr Wesen durch die Sprache der Mode zu behaupten.<span class=\"Apple-converted-space\">\u00a0 <\/span>In jedem Julieta-Kleidungsst\u00fcck vereinen sich Weiblichkeit, Zartheit und St\u00e4rke zu einem perfekten Ganzen,<span class=\"Apple-converted-space\">\u00a0 <\/span>die jeden Schritt des Tr\u00e4gers beleuchtet und seine tausend Seelen symbolisiert.<\/p>\t\t\t\t\t\t\t\t<\/div>\n\t\t\t\t<\/div>\n\t\t\t\t<div class=\"elementor-element elementor-element-8a29c95 underline elementor-mobile-align-left elementor-widget elementor-widget-button\" data-id=\"8a29c95\" data-element_type=\"widget\" data-widget_type=\"button.default\">\n\t\t\t\t<div class=\"elementor-widget-container\">\n\t\t\t\t\t\t\t\t\t<div class=\"elementor-button-wrapper\">\n\t\t\t\t\t<a class=\"elementor-button elementor-button-link elementor-size-sm\" href=\"\/de\/shop\/\">\n\t\t\t\t\t\t<span class=\"elementor-button-content-wrapper\">\n\t\t\t\t\t\t\t\t\t<span class=\"elementor-button-text\">ENTDECKEN SIE DIE SAMMLUNG<\/span>\n\t\t\t\t\t<\/span>\n\t\t\t\t\t<\/a>\n\t\t\t\t<\/div>\n\t\t\t\t\t\t\t\t<\/div>\n\t\t\t\t<\/div>\n\t\t\t\t<\/div>\n\t\t<div class=\"elementor-element elementor-element-4d3dd61 e-con-full e-flex e-con e-child\" data-id=\"4d3dd61\" data-element_type=\"container\">\n\t\t\t\t<div class=\"elementor-element elementor-element-2f5b4a1 elementor-widget elementor-widget-image\" data-id=\"2f5b4a1\" data-element_type=\"widget\" data-widget_type=\"image.default\">\n\t\t\t\t<div class=\"elementor-widget-container\">\n\t\t\t\t\t\t\t\t\t\t\t\t\t\t\t<img decoding=\"async\" width=\"1709\" height=\"2560\" src=\"https:\/\/julieta.splashdesk.it\/wp-content\/uploads\/2024\/05\/DSC_9089-scaled.jpg\" class=\"attachment-full size-full wp-image-1922\" alt=\"\" srcset=\"https:\/\/julieta.splashdesk.it\/wp-content\/uploads\/2024\/05\/DSC_9089-scaled.jpg 1709w, https:\/\/julieta.splashdesk.it\/wp-content\/uploads\/2024\/05\/DSC_9089-200x300.jpg 200w, https:\/\/julieta.splashdesk.it\/wp-content\/uploads\/2024\/05\/DSC_9089-684x1024.jpg 684w, https:\/\/julieta.splashdesk.it\/wp-content\/uploads\/2024\/05\/DSC_9089-768x1151.jpg 768w, https:\/\/julieta.splashdesk.it\/wp-content\/uploads\/2024\/05\/DSC_9089-1025x1536.jpg 1025w, https:\/\/julieta.splashdesk.it\/wp-content\/uploads\/2024\/05\/DSC_9089-1367x2048.jpg 1367w, https:\/\/julieta.splashdesk.it\/wp-content\/uploads\/2024\/05\/DSC_9089-8x12.jpg 8w, https:\/\/julieta.splashdesk.it\/wp-content\/uploads\/2024\/05\/DSC_9089-1200x1798.jpg 1200w\" sizes=\"(max-width: 1709px) 100vw, 1709px\" \/>\t\t\t\t\t\t\t\t\t\t\t\t\t\t\t<\/div>\n\t\t\t\t<\/div>\n\t\t\t\t<\/div>\n\t\t\t\t\t<\/div>\n\t\t\t\t<\/div>\n\t\t<div class=\"elementor-element elementor-element-ec185a9 e-flex e-con-boxed e-con e-parent\" data-id=\"ec185a9\" data-element_type=\"container\">\n\t\t\t\t\t<div class=\"e-con-inner\">\n\t\t<div class=\"elementor-element elementor-element-113cdab e-con-full e-flex e-con e-child\" data-id=\"113cdab\" data-element_type=\"container\">\n\t\t\t\t<div class=\"elementor-element elementor-element-4329361 elementor-widget__width-auto elementor-widget-tablet__width-inherit elementor-widget elementor-widget-heading\" data-id=\"4329361\" data-element_type=\"widget\" data-widget_type=\"heading.default\">\n\t\t\t\t<div class=\"elementor-widget-container\">\n\t\t\t\t\t<h2 class=\"elementor-heading-title elementor-size-default\">FRAUEN F\u00dcR FRAUEN <\/h2>\t\t\t\t<\/div>\n\t\t\t\t<\/div>\n\t\t\t\t<div class=\"elementor-element elementor-element-a7b8482 elementor-widget elementor-widget-text-editor\" data-id=\"a7b8482\" data-element_type=\"widget\" data-widget_type=\"text-editor.default\">\n\t\t\t\t<div class=\"elementor-widget-container\">\n\t\t\t\t\t\t\t\t\t<p class=\"p1\">Jedes Julieta-Kleid wurde entworfen, um die einzigartige und unwiederholbare Sch\u00f6nheit in dir zu feiern, die jeden Tag den Roman deines Lebens mit Gesten der Liebe und Taten des Mutes schreibt. In jedem Detail unserer Kollektionen versuchen wir, die Essenz Ihrer St\u00e4rke und Eleganz einzufangen, so dass jedes Mal, wenn Sie eines unserer Kleider tragen, die Welt f\u00fcr einen Moment inneh\u00e4lt, um Sie zu bewundern.<\/p>\t\t\t\t\t\t\t\t<\/div>\n\t\t\t\t<\/div>\n\t\t\t\t<div class=\"elementor-element elementor-element-b8d93a4 elementor-widget elementor-widget-text-editor\" data-id=\"b8d93a4\" data-element_type=\"widget\" data-widget_type=\"text-editor.default\">\n\t\t\t\t<div class=\"elementor-widget-container\">\n\t\t\t\t\t\t\t\t\t<p class=\"p1\">Du bist diejenige, die unter den Sternen tanzt, im Regen lacht und es wagt, von ganzem Herzen zu lieben; du bist Julieta, die ihre Geschichte mutig in die Welt tr\u00e4gt.<\/p>\t\t\t\t\t\t\t\t<\/div>\n\t\t\t\t<\/div>\n\t\t\t\t<div class=\"elementor-element elementor-element-48fa56c underline elementor-mobile-align-left elementor-widget elementor-widget-button\" data-id=\"48fa56c\" data-element_type=\"widget\" data-widget_type=\"button.default\">\n\t\t\t\t<div class=\"elementor-widget-container\">\n\t\t\t\t\t\t\t\t\t<div class=\"elementor-button-wrapper\">\n\t\t\t\t\t<a class=\"elementor-button elementor-button-link elementor-size-sm\" href=\"\/de\/shop\/\">\n\t\t\t\t\t\t<span class=\"elementor-button-content-wrapper\">\n\t\t\t\t\t\t\t\t\t<span class=\"elementor-button-text\">ENTDECKEN SIE DIE SAMMLUNG<\/span>\n\t\t\t\t\t<\/span>\n\t\t\t\t\t<\/a>\n\t\t\t\t<\/div>\n\t\t\t\t\t\t\t\t<\/div>\n\t\t\t\t<\/div>\n\t\t\t\t<\/div>\n\t\t<div class=\"elementor-element elementor-element-11ab1a3 e-con-full e-flex e-con e-child\" data-id=\"11ab1a3\" data-element_type=\"container\">\n\t\t\t\t<div class=\"elementor-element elementor-element-5b607d4 elementor-widget elementor-widget-image\" data-id=\"5b607d4\" data-element_type=\"widget\" data-widget_type=\"image.default\">\n\t\t\t\t<div class=\"elementor-widget-container\">\n\t\t\t\t\t\t\t\t\t\t\t\t\t\t\t<img decoding=\"async\" width=\"720\" height=\"1079\" src=\"https:\/\/julieta.splashdesk.it\/wp-content\/uploads\/2024\/04\/Abito-lungo-Pandora-nero.webp\" class=\"attachment-full size-full wp-image-925\" alt=\"\" srcset=\"https:\/\/julieta.splashdesk.it\/wp-content\/uploads\/2024\/04\/Abito-lungo-Pandora-nero.webp 720w, https:\/\/julieta.splashdesk.it\/wp-content\/uploads\/2024\/04\/Abito-lungo-Pandora-nero-600x899.webp 600w, https:\/\/julieta.splashdesk.it\/wp-content\/uploads\/2024\/04\/Abito-lungo-Pandora-nero-200x300.webp 200w, https:\/\/julieta.splashdesk.it\/wp-content\/uploads\/2024\/04\/Abito-lungo-Pandora-nero-683x1024.webp 683w\" sizes=\"(max-width: 720px) 100vw, 720px\" \/>\t\t\t\t\t\t\t\t\t\t\t\t\t\t\t<\/div>\n\t\t\t\t<\/div>\n\t\t\t\t<\/div>\n\t\t\t\t\t<\/div>\n\t\t\t\t<\/div>\n\t\t<div class=\"elementor-element elementor-element-47b22a3 e-flex e-con-boxed e-con e-parent\" data-id=\"47b22a3\" data-element_type=\"container\">\n\t\t\t\t\t<div class=\"e-con-inner\">\n\t\t<div class=\"elementor-element elementor-element-2745257 e-flex e-con-boxed e-con e-child\" data-id=\"2745257\" data-element_type=\"container\">\n\t\t\t\t\t<div class=\"e-con-inner\">\n\t\t<div class=\"elementor-element elementor-element-c809b46 e-con-full e-flex e-con e-child\" data-id=\"c809b46\" data-element_type=\"container\">\n\t\t\t\t<div class=\"elementor-element elementor-element-87e11cd elementor-widget__width-auto elementor-widget-tablet__width-inherit elementor-widget elementor-widget-heading\" data-id=\"87e11cd\" data-element_type=\"widget\" data-widget_type=\"heading.default\">\n\t\t\t\t<div class=\"elementor-widget-container\">\n\t\t\t\t\t<h2 class=\"elementor-heading-title elementor-size-default\">DER TRAUM<\/h2>\t\t\t\t<\/div>\n\t\t\t\t<\/div>\n\t\t\t\t<div class=\"elementor-element elementor-element-c17cbb1 elementor-widget elementor-widget-text-editor\" data-id=\"c17cbb1\" data-element_type=\"widget\" data-widget_type=\"text-editor.default\">\n\t\t\t\t<div class=\"elementor-widget-container\">\n\t\t\t\t\t\t\t\t\t<p class=\"p1\">Wenn Sie ein Julieta-Kleid tragen, schlie\u00dfen Sie die Augen und lassen Sie sich von Ihrer Vorstellungskraft in die magische Welt entf\u00fchren, die Ihr Kleid inspiriert hat: Sie werden sich vorstellen, wie Sie durch die alten Stra\u00dfen von Verona schlendern, zwischen den Stadtmauern und geheimen G\u00e4rten.<\/p><p class=\"p1\">Sie werden sich dabei ertappen, wie Sie zu Opernarien aus der Arena tanzen, wie eine Prinzessin auf ihrem ersten Ball. Erlauben Sie sich, sich einzigartig zu f\u00fchlen, erlauben Sie sich, immer zu tr\u00e4umen.<\/p>\t\t\t\t\t\t\t\t<\/div>\n\t\t\t\t<\/div>\n\t\t\t\t<div class=\"elementor-element elementor-element-e61ff14 underline elementor-mobile-align-left elementor-widget elementor-widget-button\" data-id=\"e61ff14\" data-element_type=\"widget\" data-widget_type=\"button.default\">\n\t\t\t\t<div class=\"elementor-widget-container\">\n\t\t\t\t\t\t\t\t\t<div class=\"elementor-button-wrapper\">\n\t\t\t\t\t<a class=\"elementor-button elementor-button-link elementor-size-sm\" href=\"\/de\/shop\/\">\n\t\t\t\t\t\t<span class=\"elementor-button-content-wrapper\">\n\t\t\t\t\t\t\t\t\t<span class=\"elementor-button-text\">ENTDECKEN SIE DIE SAMMLUNG<\/span>\n\t\t\t\t\t<\/span>\n\t\t\t\t\t<\/a>\n\t\t\t\t<\/div>\n\t\t\t\t\t\t\t\t<\/div>\n\t\t\t\t<\/div>\n\t\t\t\t<\/div>\n\t\t<div class=\"elementor-element elementor-element-98a3537 e-con-full e-flex e-con e-child\" data-id=\"98a3537\" data-element_type=\"container\">\n\t\t\t\t<div class=\"elementor-element elementor-element-9a5219c elementor-widget elementor-widget-image\" data-id=\"9a5219c\" data-element_type=\"widget\" data-widget_type=\"image.default\">\n\t\t\t\t<div class=\"elementor-widget-container\">\n\t\t\t\t\t\t\t\t\t\t\t\t\t\t\t<img decoding=\"async\" width=\"1709\" height=\"2560\" src=\"https:\/\/julieta.splashdesk.it\/wp-content\/uploads\/2024\/05\/DSC_9089-scaled.jpg\" class=\"attachment-full size-full wp-image-1922\" alt=\"\" srcset=\"https:\/\/julieta.splashdesk.it\/wp-content\/uploads\/2024\/05\/DSC_9089-scaled.jpg 1709w, https:\/\/julieta.splashdesk.it\/wp-content\/uploads\/2024\/05\/DSC_9089-200x300.jpg 200w, https:\/\/julieta.splashdesk.it\/wp-content\/uploads\/2024\/05\/DSC_9089-684x1024.jpg 684w, https:\/\/julieta.splashdesk.it\/wp-content\/uploads\/2024\/05\/DSC_9089-768x1151.jpg 768w, https:\/\/julieta.splashdesk.it\/wp-content\/uploads\/2024\/05\/DSC_9089-1025x1536.jpg 1025w, https:\/\/julieta.splashdesk.it\/wp-content\/uploads\/2024\/05\/DSC_9089-1367x2048.jpg 1367w, https:\/\/julieta.splashdesk.it\/wp-content\/uploads\/2024\/05\/DSC_9089-8x12.jpg 8w, https:\/\/julieta.splashdesk.it\/wp-content\/uploads\/2024\/05\/DSC_9089-1200x1798.jpg 1200w\" sizes=\"(max-width: 1709px) 100vw, 1709px\" \/>\t\t\t\t\t\t\t\t\t\t\t\t\t\t\t<\/div>\n\t\t\t\t<\/div>\n\t\t\t\t<\/div>\n\t\t\t\t\t<\/div>\n\t\t\t\t<\/div>\n\t\t\t\t\t<\/div>\n\t\t\t\t<\/div>\n\t\t<div class=\"elementor-element elementor-element-4c3adae e-flex e-con-boxed e-con e-parent\" data-id=\"4c3adae\" data-element_type=\"container\">\n\t\t\t\t\t<div class=\"e-con-inner\">\n\t\t<div class=\"elementor-element elementor-element-d55f896 e-con-full e-flex e-con e-child\" data-id=\"d55f896\" data-element_type=\"container\">\n\t\t\t\t<div class=\"elementor-element elementor-element-70f2328 elementor-widget__width-auto elementor-widget-tablet__width-inherit elementor-widget elementor-widget-heading\" data-id=\"70f2328\" data-element_type=\"widget\" data-widget_type=\"heading.default\">\n\t\t\t\t<div class=\"elementor-widget-container\">\n\t\t\t\t\t<h2 class=\"elementor-heading-title elementor-size-default\">JULIETA IST DU\n<\/h2>\t\t\t\t<\/div>\n\t\t\t\t<\/div>\n\t\t\t\t<div class=\"elementor-element elementor-element-01d78ed elementor-widget elementor-widget-text-editor\" data-id=\"01d78ed\" data-element_type=\"widget\" data-widget_type=\"text-editor.default\">\n\t\t\t\t<div class=\"elementor-widget-container\">\n\t\t\t\t\t\t\t\t\t<p class=\"p1\">Was auch immer der Anlass ist, ob Sie durch die Stra\u00dfen der Stadt oder durch die geheimen R\u00e4ume oder G\u00e4rten einer Party schreiten, ob Sie der Star des Abends oder ein einfacher Gast sind, wir m\u00f6chten, dass unsere Kleidung Teil Ihrer Geschichte wird.<\/p><p class=\"p1\">Jedes Mal, wenn Sie sich f\u00fcr ein Kleid aus unseren Kollektionen entscheiden, sehen wir von Julieta Sie, feiern Sie, umarmen Sie und laden Sie ein, wieder mit uns zu tr\u00e4umen.<\/p>\t\t\t\t\t\t\t\t<\/div>\n\t\t\t\t<\/div>\n\t\t\t\t<div class=\"elementor-element elementor-element-952eee6 e-transform elementor-widget elementor-widget-heading\" data-id=\"952eee6\" data-element_type=\"widget\" data-settings=\"{&quot;_transform_rotateZ_effect&quot;:{&quot;unit&quot;:&quot;px&quot;,&quot;size&quot;:-3,&quot;sizes&quot;:[]},&quot;_transform_rotateZ_effect_tablet&quot;:{&quot;unit&quot;:&quot;deg&quot;,&quot;size&quot;:&quot;&quot;,&quot;sizes&quot;:[]},&quot;_transform_rotateZ_effect_mobile&quot;:{&quot;unit&quot;:&quot;deg&quot;,&quot;size&quot;:&quot;&quot;,&quot;sizes&quot;:[]}}\" data-widget_type=\"heading.default\">\n\t\t\t\t<div class=\"elementor-widget-container\">\n\t\t\t\t\t<h2 class=\"elementor-heading-title elementor-size-default\">mit Zuneigung das Julieta-Team \n<\/h2>\t\t\t\t<\/div>\n\t\t\t\t<\/div>\n\t\t\t\t<\/div>\n\t\t<div class=\"elementor-element elementor-element-1273bc4 e-con-full e-flex e-con e-child\" data-id=\"1273bc4\" data-element_type=\"container\">\n\t\t\t\t<div class=\"elementor-element elementor-element-7639325 elementor-widget elementor-widget-image\" data-id=\"7639325\" data-element_type=\"widget\" data-widget_type=\"image.default\">\n\t\t\t\t<div class=\"elementor-widget-container\">\n\t\t\t\t\t\t\t\t\t\t\t\t\t\t\t<img loading=\"lazy\" decoding=\"async\" width=\"2362\" height=\"1577\" src=\"https:\/\/julieta.splashdesk.it\/wp-content\/uploads\/2024\/05\/Abito_corto_in_broccato_3.jpg\" class=\"attachment-full size-full wp-image-1823\" alt=\"\" srcset=\"https:\/\/julieta.splashdesk.it\/wp-content\/uploads\/2024\/05\/Abito_corto_in_broccato_3.jpg 2362w, https:\/\/julieta.splashdesk.it\/wp-content\/uploads\/2024\/05\/Abito_corto_in_broccato_3-300x200.jpg 300w, https:\/\/julieta.splashdesk.it\/wp-content\/uploads\/2024\/05\/Abito_corto_in_broccato_3-1024x684.jpg 1024w, https:\/\/julieta.splashdesk.it\/wp-content\/uploads\/2024\/05\/Abito_corto_in_broccato_3-768x513.jpg 768w, https:\/\/julieta.splashdesk.it\/wp-content\/uploads\/2024\/05\/Abito_corto_in_broccato_3-1536x1026.jpg 1536w, https:\/\/julieta.splashdesk.it\/wp-content\/uploads\/2024\/05\/Abito_corto_in_broccato_3-2048x1367.jpg 2048w, https:\/\/julieta.splashdesk.it\/wp-content\/uploads\/2024\/05\/Abito_corto_in_broccato_3-18x12.jpg 18w, https:\/\/julieta.splashdesk.it\/wp-content\/uploads\/2024\/05\/Abito_corto_in_broccato_3-1200x801.jpg 1200w\" sizes=\"(max-width: 2362px) 100vw, 2362px\" \/>\t\t\t\t\t\t\t\t\t\t\t\t\t\t\t<\/div>\n\t\t\t\t<\/div>\n\t\t\t\t<\/div>\n\t\t\t\t\t<\/div>\n\t\t\t\t<\/div>\n\t\t\t\t<\/div>","protected":false},"excerpt":{"rendered":"<p>About us C&#8217;ERA UNA VOLTA JULIETA\u2026 In un angolo incantato d\u2019 Italia, tra le antiche strade di Verona, un incontro [&hellip;]<\/p>","protected":false},"author":2,"featured_media":0,"parent":0,"menu_order":0,"comment_status":"closed","ping_status":"closed","template":"elementor_header_footer","meta":{"site-sidebar-layout":"no-sidebar","site-content-layout":"","ast-site-content-layout":"full-width-container","site-content-style":"default","site-sidebar-style":"default","ast-global-header-display":"","ast-banner-title-visibility":"","ast-main-header-display":"","ast-hfb-above-header-display":"","ast-hfb-below-header-display":"","ast-hfb-mobile-header-display":"","site-post-title":"disabled","ast-breadcrumbs-content":"","ast-featured-img":"disabled","footer-sml-layout":"","theme-transparent-header-meta":"","adv-header-id-meta":"","stick-header-meta":"","header-above-stick-meta":"","header-main-stick-meta":"","header-below-stick-meta":"","astra-migrate-meta-layouts":"default","ast-page-background-enabled":"default","ast-page-background-meta":{"desktop":{"background-color":"var(--ast-global-color-4)","background-image":"","background-repeat":"repeat","background-position":"center center","background-size":"auto","background-attachment":"scroll","background-type":"","background-media":"","overlay-type":"","overlay-color":"","overlay-opacity":"","overlay-gradient":""},"tablet":{"background-color":"","background-image":"","background-repeat":"repeat","background-position":"center center","background-size":"auto","background-attachment":"scroll","background-type":"","background-media":"","overlay-type":"","overlay-color":"","overlay-opacity":"","overlay-gradient":""},"mobile":{"background-color":"","background-image":"","background-repeat":"repeat","background-position":"center center","background-size":"auto","background-attachment":"scroll","background-type":"","background-media":"","overlay-type":"","overlay-color":"","overlay-opacity":"","overlay-gradient":""}},"ast-content-background-meta":{"desktop":{"background-color":"var(--ast-global-color-5)","background-image":"","background-repeat":"repeat","background-position":"center center","background-size":"auto","background-attachment":"scroll","background-type":"","background-media":"","overlay-type":"","overlay-color":"","overlay-opacity":"","overlay-gradient":""},"tablet":{"background-color":"var(--ast-global-color-5)","background-image":"","background-repeat":"repeat","background-position":"center center","background-size":"auto","background-attachment":"scroll","background-type":"","background-media":"","overlay-type":"","overlay-color":"","overlay-opacity":"","overlay-gradient":""},"mobile":{"background-color":"var(--ast-global-color-5)","background-image":"","background-repeat":"repeat","background-position":"center center","background-size":"auto","background-attachment":"scroll","background-type":"","background-media":"","overlay-type":"","overlay-color":"","overlay-opacity":"","overlay-gradient":""}},"footnotes":""},"class_list":["post-792","page","type-page","status-publish","hentry"],"_links":{"self":[{"href":"https:\/\/julieta.splashdesk.it\/de\/wp-json\/wp\/v2\/pages\/792","targetHints":{"allow":["GET"]}}],"collection":[{"href":"https:\/\/julieta.splashdesk.it\/de\/wp-json\/wp\/v2\/pages"}],"about":[{"href":"https:\/\/julieta.splashdesk.it\/de\/wp-json\/wp\/v2\/types\/page"}],"author":[{"embeddable":true,"href":"https:\/\/julieta.splashdesk.it\/de\/wp-json\/wp\/v2\/users\/2"}],"replies":[{"embeddable":true,"href":"https:\/\/julieta.splashdesk.it\/de\/wp-json\/wp\/v2\/comments?post=792"}],"version-history":[{"count":130,"href":"https:\/\/julieta.splashdesk.it\/de\/wp-json\/wp\/v2\/pages\/792\/revisions"}],"predecessor-version":[{"id":2117,"href":"https:\/\/julieta.splashdesk.it\/de\/wp-json\/wp\/v2\/pages\/792\/revisions\/2117"}],"wp:attachment":[{"href":"https:\/\/julieta.splashdesk.it\/de\/wp-json\/wp\/v2\/media?parent=792"}],"curies":[{"name":"wp","href":"https:\/\/api.w.org\/{rel}","templated":true}]}}