{"id":1062,"date":"2024-04-18T14:31:20","date_gmt":"2024-04-18T12:31:20","guid":{"rendered":"https:\/\/julieta.splashdesk.it\/?page_id=1062"},"modified":"2024-05-08T14:34:44","modified_gmt":"2024-05-08T12:34:44","slug":"collezioni","status":"publish","type":"page","link":"https:\/\/julieta.splashdesk.it\/de\/collezioni\/","title":{"rendered":"Sammlungen"},"content":{"rendered":"<div data-elementor-type=\"wp-page\" data-elementor-id=\"1062\" class=\"elementor elementor-1062\" data-elementor-post-type=\"page\">\n\t\t\t\t<div class=\"elementor-element elementor-element-17c5d65 e-flex e-con-boxed e-con e-parent\" data-id=\"17c5d65\" data-element_type=\"container\" data-settings=\"{&quot;background_background&quot;:&quot;slideshow&quot;,&quot;background_motion_fx_translateY_effect&quot;:&quot;yes&quot;,&quot;background_slideshow_gallery&quot;:[{&quot;id&quot;:1827,&quot;url&quot;:&quot;https:\\\/\\\/julieta.splashdesk.it\\\/wp-content\\\/uploads\\\/2024\\\/05\\\/Copia_di_DSC_9629.jpg&quot;},{&quot;id&quot;:1825,&quot;url&quot;:&quot;https:\\\/\\\/julieta.splashdesk.it\\\/wp-content\\\/uploads\\\/2024\\\/05\\\/Francesca_146-1_047a8c78-6090-492f-b354-b997ac20c93e.jpg&quot;},{&quot;id&quot;:1826,&quot;url&quot;:&quot;https:\\\/\\\/julieta.splashdesk.it\\\/wp-content\\\/uploads\\\/2024\\\/05\\\/Rosa_rosa_20.jpg&quot;}],&quot;background_slideshow_ken_burns&quot;:&quot;yes&quot;,&quot;background_slideshow_loop&quot;:&quot;yes&quot;,&quot;background_slideshow_slide_duration&quot;:5000,&quot;background_slideshow_slide_transition&quot;:&quot;fade&quot;,&quot;background_slideshow_transition_duration&quot;:500,&quot;background_slideshow_ken_burns_zoom_direction&quot;:&quot;in&quot;,&quot;background_motion_fx_translateY_speed&quot;:{&quot;unit&quot;:&quot;px&quot;,&quot;size&quot;:4,&quot;sizes&quot;:[]},&quot;background_motion_fx_translateY_affectedRange&quot;:{&quot;unit&quot;:&quot;%&quot;,&quot;size&quot;:&quot;&quot;,&quot;sizes&quot;:{&quot;start&quot;:0,&quot;end&quot;:100}},&quot;background_motion_fx_devices&quot;:[&quot;desktop&quot;,&quot;tablet&quot;,&quot;mobile&quot;]}\">\n\t\t\t\t\t<div class=\"e-con-inner\">\n\t\t\t\t<div class=\"elementor-element elementor-element-a81c539 elementor-widget elementor-widget-heading\" data-id=\"a81c539\" data-element_type=\"widget\" data-widget_type=\"heading.default\">\n\t\t\t\t<div class=\"elementor-widget-container\">\n\t\t\t\t\t<h1 class=\"elementor-heading-title elementor-size-default\">Sammlungen<\/h1>\t\t\t\t<\/div>\n\t\t\t\t<\/div>\n\t\t\t\t\t<\/div>\n\t\t\t\t<\/div>\n\t\t<div class=\"elementor-element elementor-element-9c40b8a e-flex e-con-boxed e-con e-parent\" data-id=\"9c40b8a\" data-element_type=\"container\">\n\t\t\t\t\t<div class=\"e-con-inner\">\n\t\t<div class=\"elementor-element elementor-element-5afa4a7 e-con-full e-flex e-con e-child\" data-id=\"5afa4a7\" data-element_type=\"container\">\n\t\t<div class=\"elementor-element elementor-element-8cae4c7 e-flex e-con-boxed e-con e-child\" data-id=\"8cae4c7\" data-element_type=\"container\">\n\t\t\t\t\t<div class=\"e-con-inner\">\n\t\t\t\t<div class=\"elementor-element elementor-element-b83c214 elementor-widget elementor-widget-text-editor\" data-id=\"b83c214\" data-element_type=\"widget\" data-widget_type=\"text-editor.default\">\n\t\t\t\t<div class=\"elementor-widget-container\">\n\t\t\t\t\t\t\t\t\t<p>Die Geschichten hinter unseren Kreationen<\/p>\t\t\t\t\t\t\t\t<\/div>\n\t\t\t\t<\/div>\n\t\t\t\t<div class=\"elementor-element elementor-element-5f03cce elementor-widget elementor-widget-text-editor\" data-id=\"5f03cce\" data-element_type=\"widget\" data-widget_type=\"text-editor.default\">\n\t\t\t\t<div class=\"elementor-widget-container\">\n\t\t\t\t\t\t\t\t\t<p>Jede Julieta-Kreation enth\u00e4lt eine Geschichte, die von Leidenschaft, Sch\u00f6nheit und zeitlosen Tr\u00e4umen erz\u00e4hlt. Von der raffinierten Auswahl der Stoffe bis hin zu den Silhouetten, die zwischen Tradition und Moderne tanzen, ist jedes Kleidungsst\u00fcck eine emotionale Reise durch die Stra\u00dfen von Verona, wo sich Romantik mit Eleganz verbindet.<\/p>\t\t\t\t\t\t\t\t<\/div>\n\t\t\t\t<\/div>\n\t\t\t\t\t<\/div>\n\t\t\t\t<\/div>\n\t\t\t\t<div class=\"elementor-element elementor-element-8561d23 elementor-grid-1 elementor-grid-tablet-2 elementor-grid-mobile-1 elementor-posts--thumbnail-top elementor-widget elementor-widget-posts\" data-id=\"8561d23\" data-element_type=\"widget\" data-settings=\"{&quot;classic_columns&quot;:&quot;1&quot;,&quot;classic_columns_tablet&quot;:&quot;2&quot;,&quot;classic_columns_mobile&quot;:&quot;1&quot;,&quot;classic_row_gap&quot;:{&quot;unit&quot;:&quot;px&quot;,&quot;size&quot;:35,&quot;sizes&quot;:[]},&quot;classic_row_gap_tablet&quot;:{&quot;unit&quot;:&quot;px&quot;,&quot;size&quot;:&quot;&quot;,&quot;sizes&quot;:[]},&quot;classic_row_gap_mobile&quot;:{&quot;unit&quot;:&quot;px&quot;,&quot;size&quot;:&quot;&quot;,&quot;sizes&quot;:[]}}\" data-widget_type=\"posts.classic\">\n\t\t\t\t<div class=\"elementor-widget-container\">\n\t\t\t\t\t\t\t<div class=\"elementor-posts-container elementor-posts elementor-posts--skin-classic elementor-grid\">\n\t\t\t\t<article class=\"elementor-post elementor-grid-item post-370 post type-post status-publish format-standard has-post-thumbnail hentry category-home-1\">\n\t\t\t\t<a class=\"elementor-post__thumbnail__link\" href=\"https:\/\/julieta.splashdesk.it\/de\/sibilla\/\" tabindex=\"-1\" >\n\t\t\t<div class=\"elementor-post__thumbnail\"><img fetchpriority=\"high\" decoding=\"async\" width=\"720\" height=\"481\" src=\"https:\/\/julieta.splashdesk.it\/wp-content\/uploads\/2024\/03\/DSC_8683_720x.webp\" class=\"attachment-full size-full wp-image-350\" alt=\"\" srcset=\"https:\/\/julieta.splashdesk.it\/wp-content\/uploads\/2024\/03\/DSC_8683_720x.webp 720w, https:\/\/julieta.splashdesk.it\/wp-content\/uploads\/2024\/03\/DSC_8683_720x-300x200.webp 300w, https:\/\/julieta.splashdesk.it\/wp-content\/uploads\/2024\/03\/DSC_8683_720x-600x401.webp 600w\" sizes=\"(max-width: 720px) 100vw, 720px\" \/><\/div>\n\t\t<\/a>\n\t\t\t\t<div class=\"elementor-post__text\">\n\t\t\t\t<h3 class=\"elementor-post__title\">\n\t\t\t<a href=\"https:\/\/julieta.splashdesk.it\/de\/sibilla\/\" >\n\t\t\t\tSibylle von Luxemburg\t\t\t<\/a>\n\t\t<\/h3>\n\t\t\t\t<div class=\"elementor-post__excerpt\">\n\t\t\t<p>Das freche und feminine Trapezkleid ist ein Trend, der von den Laufstegen der 1960er Jahre stammt und auch heute noch beliebt ist. Mit seiner ausgestellten Linie wird es von den Frauen f\u00fcr die Wesentlichkeit seiner Silhouette gesch\u00e4tzt, die die Taille verj\u00fcngt und die Beine verschlankt, so dass es das richtige Kleid f\u00fcr jeden K\u00f6rperbau ist. Julieta pr\u00e4sentiert es in einer modernen Variante, die mit Perlen und Pailletten besetzt ist, die das Licht auch nachts reflektieren und f\u00fcr eine festliche Stimmung sorgen. Das romantische und leichte Kleid Psyche eignet sich f\u00fcr zwei Verwendungszwecke: zum einen f\u00fcr Anl\u00e4sse, bei denen es schick aussehen soll, und zum anderen f\u00fcr den Alltag, wo es mit St\u00f6ckelschuhen kombiniert wird. Ein kniehoher Stiefel und eine Wollstrickjacke sind das Geheimnis, um Pailletten auch tags\u00fcber zu tragen.<\/p>\n\t\t<\/div>\n\t\t\n\t\t<a class=\"elementor-post__read-more\" href=\"https:\/\/julieta.splashdesk.it\/de\/sibilla\/\" aria-label=\"Mehr \u00fcber Sibilla Di Lussemburgo\" tabindex=\"-1\" >\n\t\t\tMehr lesen \"\t\t<\/a>\n\n\t\t\t\t<\/div>\n\t\t\t\t<\/article>\n\t\t\t\t<article class=\"elementor-post elementor-grid-item post-368 post type-post status-publish format-standard has-post-thumbnail hentry category-home-1\">\n\t\t\t\t<a class=\"elementor-post__thumbnail__link\" href=\"https:\/\/julieta.splashdesk.it\/de\/grace-kelly\/\" tabindex=\"-1\" >\n\t\t\t<div class=\"elementor-post__thumbnail\"><img decoding=\"async\" width=\"720\" height=\"1080\" src=\"https:\/\/julieta.splashdesk.it\/wp-content\/uploads\/2024\/03\/Francesca_386_l_b4f1a697-ea18-4432-b323-ad4b2b72462a_720x.webp\" class=\"attachment-full size-full wp-image-291\" alt=\"\" srcset=\"https:\/\/julieta.splashdesk.it\/wp-content\/uploads\/2024\/03\/Francesca_386_l_b4f1a697-ea18-4432-b323-ad4b2b72462a_720x.webp 720w, https:\/\/julieta.splashdesk.it\/wp-content\/uploads\/2024\/03\/Francesca_386_l_b4f1a697-ea18-4432-b323-ad4b2b72462a_720x-600x900.webp 600w, https:\/\/julieta.splashdesk.it\/wp-content\/uploads\/2024\/03\/Francesca_386_l_b4f1a697-ea18-4432-b323-ad4b2b72462a_720x-200x300.webp 200w, https:\/\/julieta.splashdesk.it\/wp-content\/uploads\/2024\/03\/Francesca_386_l_b4f1a697-ea18-4432-b323-ad4b2b72462a_720x-683x1024.webp 683w\" sizes=\"(max-width: 720px) 100vw, 720px\" \/><\/div>\n\t\t<\/a>\n\t\t\t\t<div class=\"elementor-post__text\">\n\t\t\t\t<h3 class=\"elementor-post__title\">\n\t\t\t<a href=\"https:\/\/julieta.splashdesk.it\/de\/grace-kelly\/\" >\n\t\t\t\tGrace Kelly\t\t\t<\/a>\n\t\t<\/h3>\n\t\t\t\t<div class=\"elementor-post__excerpt\">\n\t\t\t<p>Der Sternenhimmel ist das Portr\u00e4t der Weiblichkeit und der absoluten Eleganz: Seine flie\u00dfende Linie f\u00e4llt leicht, ohne die Form zu markieren, und deutet eine s\u00fc\u00dfe Meerjungfrauen\u00f6ffnung oberhalb der Kn\u00f6chel an, die unbedeckt bleiben. Ein zarter und raffinierter Charakter, der nicht auf Glanz verzichtet: Der T\u00fcll mit Nude-Effekt ist mit facettierten diamant\u00e4hnlichen Nieten besetzt, die den Nachthimmel erleuchten. Die dramatische Wirkung des Kleides wird durch die Bewegung verst\u00e4rkt, die die Edelsteine wie einen wahren Sternenteppich erscheinen l\u00e4sst, der sich je nach Lichtreflexion ein- und ausschaltet. Der Sternenhimmel ist ein Kleidungsst\u00fcck, das in der Zeit schwebt: der perfekte Traumlook f\u00fcr einen unvergesslichen Anlass. Entdecken Sie ihn in den Farben Rosa, Hellblau und Schwarz.<\/p>\n\t\t<\/div>\n\t\t\n\t\t<a class=\"elementor-post__read-more\" href=\"https:\/\/julieta.splashdesk.it\/de\/grace-kelly\/\" aria-label=\"Mehr \u00fcber Grace Kelly\" tabindex=\"-1\" >\n\t\t\tMehr lesen \"\t\t<\/a>\n\n\t\t\t\t<\/div>\n\t\t\t\t<\/article>\n\t\t\t\t<article class=\"elementor-post elementor-grid-item post-365 post type-post status-publish format-standard has-post-thumbnail hentry category-home-1\">\n\t\t\t\t<a class=\"elementor-post__thumbnail__link\" href=\"https:\/\/julieta.splashdesk.it\/de\/victoria-di-svezia\/\" tabindex=\"-1\" >\n\t\t\t<div class=\"elementor-post__thumbnail\"><img decoding=\"async\" width=\"1121\" height=\"537\" src=\"https:\/\/julieta.splashdesk.it\/wp-content\/uploads\/2024\/03\/Rosa_Rosa_1.12.webp\" class=\"attachment-full size-full wp-image-366\" alt=\"\" srcset=\"https:\/\/julieta.splashdesk.it\/wp-content\/uploads\/2024\/03\/Rosa_Rosa_1.12.webp 1121w, https:\/\/julieta.splashdesk.it\/wp-content\/uploads\/2024\/03\/Rosa_Rosa_1.12-300x144.webp 300w, https:\/\/julieta.splashdesk.it\/wp-content\/uploads\/2024\/03\/Rosa_Rosa_1.12-1024x491.webp 1024w, https:\/\/julieta.splashdesk.it\/wp-content\/uploads\/2024\/03\/Rosa_Rosa_1.12-768x368.webp 768w, https:\/\/julieta.splashdesk.it\/wp-content\/uploads\/2024\/03\/Rosa_Rosa_1.12-600x287.webp 600w\" sizes=\"(max-width: 1121px) 100vw, 1121px\" \/><\/div>\n\t\t<\/a>\n\t\t\t\t<div class=\"elementor-post__text\">\n\t\t\t\t<h3 class=\"elementor-post__title\">\n\t\t\t<a href=\"https:\/\/julieta.splashdesk.it\/de\/victoria-di-svezia\/\" >\n\t\t\t\tVictoria von Schweden\t\t\t<\/a>\n\t\t<\/h3>\n\t\t\t\t<div class=\"elementor-post__excerpt\">\n\t\t\t<p>Brokat ist seit jeher ein Symbol f\u00fcr Opulenz und Macht. Er ist das Synonym f\u00fcr Luxus und Raffinesse und hat die angesagtesten Designer von heute in seinen Bann gezogen. Mit seinen goldgepr\u00e4gten Motiven ist das Brokatgewebe kostbar und reich an Reflexen, die jedem Look einen k\u00f6niglichen Touch verleihen.      Der Wintergarten ist ein m\u00e4rchenhaftes Kleid, das durch die Farben Rosa und Blau vom Zauber der Blumen erz\u00e4hlt, die in der kalten Jahreszeit bl\u00fchen.      Das Modell ist ultrafeminin, mit dem allgegenw\u00e4rtigen Sweetheart-Ausschnitt am Dekollet\u00e9 und abnehmbaren Puff\u00e4rmeln.  Ein vielseitiges und romantisches Kleid, das auch zu informellen Anl\u00e4ssen mit einem \u00dcberblazer und einer schwarzen Amphibie getragen werden kann.<\/p>\n\t\t<\/div>\n\t\t\n\t\t<a class=\"elementor-post__read-more\" href=\"https:\/\/julieta.splashdesk.it\/de\/victoria-di-svezia\/\" aria-label=\"Mehr \u00fcber Victoria Di Svezia\" tabindex=\"-1\" >\n\t\t\tMehr lesen \"\t\t<\/a>\n\n\t\t\t\t<\/div>\n\t\t\t\t<\/article>\n\t\t\t\t<article class=\"elementor-post elementor-grid-item post-363 post type-post status-publish format-standard has-post-thumbnail hentry category-home-2\">\n\t\t\t\t<a class=\"elementor-post__thumbnail__link\" href=\"https:\/\/julieta.splashdesk.it\/de\/astrid\/\" tabindex=\"-1\" >\n\t\t\t<div class=\"elementor-post__thumbnail\"><img loading=\"lazy\" decoding=\"async\" width=\"720\" height=\"1079\" src=\"https:\/\/julieta.splashdesk.it\/wp-content\/uploads\/2024\/03\/CopiadiDSC_9857_66e0dcac-2402-44b2-9949-b99821e30f97_720x.webp\" class=\"attachment-full size-full wp-image-271\" alt=\"\" srcset=\"https:\/\/julieta.splashdesk.it\/wp-content\/uploads\/2024\/03\/CopiadiDSC_9857_66e0dcac-2402-44b2-9949-b99821e30f97_720x.webp 720w, https:\/\/julieta.splashdesk.it\/wp-content\/uploads\/2024\/03\/CopiadiDSC_9857_66e0dcac-2402-44b2-9949-b99821e30f97_720x-600x900.webp 600w, https:\/\/julieta.splashdesk.it\/wp-content\/uploads\/2024\/03\/CopiadiDSC_9857_66e0dcac-2402-44b2-9949-b99821e30f97_720x-200x300.webp 200w, https:\/\/julieta.splashdesk.it\/wp-content\/uploads\/2024\/03\/CopiadiDSC_9857_66e0dcac-2402-44b2-9949-b99821e30f97_720x-683x1024.webp 683w\" sizes=\"(max-width: 720px) 100vw, 720px\" \/><\/div>\n\t\t<\/a>\n\t\t\t\t<div class=\"elementor-post__text\">\n\t\t\t\t<h3 class=\"elementor-post__title\">\n\t\t\t<a href=\"https:\/\/julieta.splashdesk.it\/de\/astrid\/\" >\n\t\t\t\tAstrid von Belgien\t\t\t<\/a>\n\t\t<\/h3>\n\t\t\t\t<div class=\"elementor-post__excerpt\">\n\t\t\t<p>Das glamour\u00f6se und trendige schwarze Minikleid ist der Evergreen schlechthin, mit dem Sie sich bei besonderen Anl\u00e4ssen tadellos f\u00fchlen werden. In unserem Calliope-Kleid wird der sexy Charakter der Transparenzen mit dem romantischen und femininen Charakter der handapplizierten Blumen auf den Cups kombiniert. Der V-Ausschnitt an der Taille betont die Stickerei am Dekollet\u00e9 und hebt den Kontrast zwischen den Stoffen hervor. Am Rockteil umschmeichelt ein R\u00fcschenspiel im Samt die Silhouette und verj\u00fcngt die Taille, was dem Kleid einen einzigartigen Sexappeal verleiht. Mit dem Calliope-Kleid gibt es nur eine Devise: wagen!<\/p>\n\t\t<\/div>\n\t\t\n\t\t<a class=\"elementor-post__read-more\" href=\"https:\/\/julieta.splashdesk.it\/de\/astrid\/\" aria-label=\"Mehr \u00fcber Astrid di Belgio\" tabindex=\"-1\" >\n\t\t\tMehr lesen \"\t\t<\/a>\n\n\t\t\t\t<\/div>\n\t\t\t\t<\/article>\n\t\t\t\t<article class=\"elementor-post elementor-grid-item post-360 post type-post status-publish format-standard has-post-thumbnail hentry category-home-2\">\n\t\t\t\t<a class=\"elementor-post__thumbnail__link\" href=\"https:\/\/julieta.splashdesk.it\/de\/rania-di-giordania\/\" tabindex=\"-1\" >\n\t\t\t<div class=\"elementor-post__thumbnail\"><img loading=\"lazy\" decoding=\"async\" width=\"768\" height=\"1024\" src=\"https:\/\/julieta.splashdesk.it\/wp-content\/uploads\/2024\/03\/IMG-20231031-WA0025_1024x1024.webp\" class=\"attachment-full size-full wp-image-361\" alt=\"\" srcset=\"https:\/\/julieta.splashdesk.it\/wp-content\/uploads\/2024\/03\/IMG-20231031-WA0025_1024x1024.webp 768w, https:\/\/julieta.splashdesk.it\/wp-content\/uploads\/2024\/03\/IMG-20231031-WA0025_1024x1024-225x300.webp 225w, https:\/\/julieta.splashdesk.it\/wp-content\/uploads\/2024\/03\/IMG-20231031-WA0025_1024x1024-600x800.webp 600w\" sizes=\"(max-width: 768px) 100vw, 768px\" \/><\/div>\n\t\t<\/a>\n\t\t\t\t<div class=\"elementor-post__text\">\n\t\t\t\t<h3 class=\"elementor-post__title\">\n\t\t\t<a href=\"https:\/\/julieta.splashdesk.it\/de\/rania-di-giordania\/\" >\n\t\t\t\tRania von Jordanien\t\t\t<\/a>\n\t\t<\/h3>\n\t\t\t\t<div class=\"elementor-post__excerpt\">\n\t\t\t<p>Der Countdown f\u00fcr die am sehnlichsten erwarteten Feierlichkeiten des Jahres hat begonnen und damit auch die schicksalhafte Suche nach dem perfekten Outfit, um \"All night long\" zu gl\u00e4nzen. Pandora ist das Kleid mit dem schwindelerregenden Schlitz, das mit seiner handgen\u00e4hten Kette aus kostbaren Kristallen das Rampenlicht auf Sie lenkt und Ihnen das Gef\u00fchl gibt, der unbestrittene Star der letzten Nacht des Jahres zu sein, und, warum nicht, auch eines Galaabends, einer \"Premiere\" im Theater oder einer wichtigen Geburtstagsfeier. Hergestellt in Mailand, unterstreicht es den Charme der weiblichen Sinnlichkeit dank seines geraden Schnitts, der die Formen des K\u00f6rpers hervorhebt und ihm einen WOW-Effekt verleiht.   Szenisch und glamour\u00f6s: Pandora ist das Schmuckst\u00fcck f\u00fcr den Look einer echten Hollywood-Diva. W\u00e4hlen Sie es in der kr\u00e4ftigen Farbe Schwarz oder in den zarteren Sandt\u00f6nen.<\/p>\n\t\t<\/div>\n\t\t\n\t\t<a class=\"elementor-post__read-more\" href=\"https:\/\/julieta.splashdesk.it\/de\/rania-di-giordania\/\" aria-label=\"Mehr \u00fcber Rania Di Giordania\" tabindex=\"-1\" >\n\t\t\tMehr lesen \"\t\t<\/a>\n\n\t\t\t\t<\/div>\n\t\t\t\t<\/article>\n\t\t\t\t<article class=\"elementor-post elementor-grid-item post-358 post type-post status-publish format-standard has-post-thumbnail hentry category-home-2\">\n\t\t\t\t<a class=\"elementor-post__thumbnail__link\" href=\"https:\/\/julieta.splashdesk.it\/de\/anastasia-romanov\/\" tabindex=\"-1\" >\n\t\t\t<div class=\"elementor-post__thumbnail\"><img loading=\"lazy\" decoding=\"async\" width=\"720\" height=\"1079\" src=\"https:\/\/julieta.splashdesk.it\/wp-content\/uploads\/2024\/03\/Abito_midi_in_punto_milano1_720x.webp\" class=\"attachment-full size-full wp-image-329\" alt=\"\" srcset=\"https:\/\/julieta.splashdesk.it\/wp-content\/uploads\/2024\/03\/Abito_midi_in_punto_milano1_720x.webp 720w, https:\/\/julieta.splashdesk.it\/wp-content\/uploads\/2024\/03\/Abito_midi_in_punto_milano1_720x-600x900.webp 600w, https:\/\/julieta.splashdesk.it\/wp-content\/uploads\/2024\/03\/Abito_midi_in_punto_milano1_720x-200x300.webp 200w, https:\/\/julieta.splashdesk.it\/wp-content\/uploads\/2024\/03\/Abito_midi_in_punto_milano1_720x-683x1024.webp 683w\" sizes=\"(max-width: 720px) 100vw, 720px\" \/><\/div>\n\t\t<\/a>\n\t\t\t\t<div class=\"elementor-post__text\">\n\t\t\t\t<h3 class=\"elementor-post__title\">\n\t\t\t<a href=\"https:\/\/julieta.splashdesk.it\/de\/anastasia-romanov\/\" >\n\t\t\t\tAnastasia Romanow\t\t\t<\/a>\n\t\t<\/h3>\n\t\t\t\t<div class=\"elementor-post__excerpt\">\n\t\t\t<p>Es ist der Style-Trend, der sich in die Herzen der Prominenten auf der ganzen Welt gespielt hat: Das Strassnetz ist das Must-have-Detail f\u00fcr ein aufsehenerregendes Outfit. Wenn Sie auf der Suche nach einem femininen und modernen Look sind, den Sie bei den exklusivsten Treffen zur Schau stellen k\u00f6nnen, ist das Narciso-Kleid genau das Richtige f\u00fcr Sie. Ein sinnliches Midikleid mit Mesh-Eins\u00e4tzen, die vollst\u00e4ndig mit mehrfarbigen Strasssteinen besetzt sind und eine gro\u00dfe optische Wirkung haben. Hinten wird ein atemberaubender, super-gl\u00e4nzender Ausschnitt die Aufmerksamkeit der Party auf sich ziehen und Sie werden sich wie der Star des Abends f\u00fchlen!<\/p>\n\t\t<\/div>\n\t\t\n\t\t<a class=\"elementor-post__read-more\" href=\"https:\/\/julieta.splashdesk.it\/de\/anastasia-romanov\/\" aria-label=\"Mehr \u00fcber Anastasia Romanov\" tabindex=\"-1\" >\n\t\t\tMehr lesen \"\t\t<\/a>\n\n\t\t\t\t<\/div>\n\t\t\t\t<\/article>\n\t\t\t\t<\/div>\n\t\t\n\t\t\t\t\t\t<\/div>\n\t\t\t\t<\/div>\n\t\t\t\t<\/div>\n\t\t<div class=\"elementor-element elementor-element-5ee4ca1 e-con-full e-flex e-con e-child\" data-id=\"5ee4ca1\" data-element_type=\"container\" data-settings=\"{&quot;sticky&quot;:&quot;top&quot;,&quot;sticky_on&quot;:[&quot;desktop&quot;,&quot;tablet&quot;],&quot;sticky_offset&quot;:100,&quot;sticky_effects_offset&quot;:10,&quot;sticky_parent&quot;:&quot;yes&quot;,&quot;sticky_anchor_link_offset&quot;:0}\">\n\t\t<div class=\"elementor-element elementor-element-066371a e-flex e-con-boxed e-con e-child\" data-id=\"066371a\" data-element_type=\"container\" data-settings=\"{&quot;background_background&quot;:&quot;classic&quot;}\">\n\t\t\t\t\t<div class=\"e-con-inner\">\n\t\t\t\t<div class=\"elementor-element elementor-element-bfe321a elementor-widget elementor-widget-text-editor\" data-id=\"bfe321a\" data-element_type=\"widget\" data-widget_type=\"text-editor.default\">\n\t\t\t\t<div class=\"elementor-widget-container\">\n\t\t\t\t\t\t\t\t\t<p>Entdecken Sie die Sammlungen<\/p>\t\t\t\t\t\t\t\t<\/div>\n\t\t\t\t<\/div>\n\t\t\t\t<div class=\"elementor-element elementor-element-12f41e1 underline elementor-mobile-align-justify elementor-align-center elementor-widget elementor-widget-button\" data-id=\"12f41e1\" data-element_type=\"widget\" data-widget_type=\"button.default\">\n\t\t\t\t<div class=\"elementor-widget-container\">\n\t\t\t\t\t\t\t\t\t<div class=\"elementor-button-wrapper\">\n\t\t\t\t\t<a class=\"elementor-button elementor-button-link elementor-size-sm\" href=\"#\">\n\t\t\t\t\t\t<span class=\"elementor-button-content-wrapper\">\n\t\t\t\t\t\t\t\t\t<span class=\"elementor-button-text\">Zum Shop gehen<\/span>\n\t\t\t\t\t<\/span>\n\t\t\t\t\t<\/a>\n\t\t\t\t<\/div>\n\t\t\t\t\t\t\t\t<\/div>\n\t\t\t\t<\/div>\n\t\t\t\t\t<\/div>\n\t\t\t\t<\/div>\n\t\t<div class=\"elementor-element elementor-element-f4d9e76 e-flex e-con-boxed e-con e-child\" data-id=\"f4d9e76\" data-element_type=\"container\" data-settings=\"{&quot;background_background&quot;:&quot;classic&quot;}\">\n\t\t\t\t\t<div class=\"e-con-inner\">\n\t\t\t\t<div class=\"elementor-element elementor-element-4060f0e elementor-widget elementor-widget-text-editor\" data-id=\"4060f0e\" data-element_type=\"widget\" data-widget_type=\"text-editor.default\">\n\t\t\t\t<div class=\"elementor-widget-container\">\n\t\t\t\t\t\t\t\t\t<p>Beratung anfordern<\/p>\t\t\t\t\t\t\t\t<\/div>\n\t\t\t\t<\/div>\n\t\t\t\t<div class=\"elementor-element elementor-element-0b2ef57 underline elementor-mobile-align-justify elementor-align-center elementor-widget elementor-widget-button\" data-id=\"0b2ef57\" data-element_type=\"widget\" data-widget_type=\"button.default\">\n\t\t\t\t<div class=\"elementor-widget-container\">\n\t\t\t\t\t\t\t\t\t<div class=\"elementor-button-wrapper\">\n\t\t\t\t\t<a class=\"elementor-button elementor-button-link elementor-size-sm\" href=\"#\">\n\t\t\t\t\t\t<span class=\"elementor-button-content-wrapper\">\n\t\t\t\t\t\t\t\t\t<span class=\"elementor-button-text\">Kontakt mit dem Personal Shopper<\/span>\n\t\t\t\t\t<\/span>\n\t\t\t\t\t<\/a>\n\t\t\t\t<\/div>\n\t\t\t\t\t\t\t\t<\/div>\n\t\t\t\t<\/div>\n\t\t\t\t\t<\/div>\n\t\t\t\t<\/div>\n\t\t\t\t<\/div>\n\t\t\t\t\t<\/div>\n\t\t\t\t<\/div>\n\t\t\t\t<\/div>","protected":false},"excerpt":{"rendered":"<p>Collezioni Le storie dietro alle nostre creazioni Ogni creazione Julieta racchiude in s\u00e9 una storia che sussurra di passione, bellezza [&hellip;]<\/p>","protected":false},"author":2,"featured_media":0,"parent":0,"menu_order":0,"comment_status":"closed","ping_status":"closed","template":"elementor_header_footer","meta":{"site-sidebar-layout":"no-sidebar","site-content-layout":"","ast-site-content-layout":"full-width-container","site-content-style":"default","site-sidebar-style":"default","ast-global-header-display":"","ast-banner-title-visibility":"","ast-main-header-display":"","ast-hfb-above-header-display":"","ast-hfb-below-header-display":"","ast-hfb-mobile-header-display":"","site-post-title":"disabled","ast-breadcrumbs-content":"","ast-featured-img":"disabled","footer-sml-layout":"","theme-transparent-header-meta":"","adv-header-id-meta":"","stick-header-meta":"","header-above-stick-meta":"","header-main-stick-meta":"","header-below-stick-meta":"","astra-migrate-meta-layouts":"default","ast-page-background-enabled":"default","ast-page-background-meta":{"desktop":{"background-color":"var(--ast-global-color-4)","background-image":"","background-repeat":"repeat","background-position":"center center","background-size":"auto","background-attachment":"scroll","background-type":"","background-media":"","overlay-type":"","overlay-color":"","overlay-opacity":"","overlay-gradient":""},"tablet":{"background-color":"","background-image":"","background-repeat":"repeat","background-position":"center center","background-size":"auto","background-attachment":"scroll","background-type":"","background-media":"","overlay-type":"","overlay-color":"","overlay-opacity":"","overlay-gradient":""},"mobile":{"background-color":"","background-image":"","background-repeat":"repeat","background-position":"center center","background-size":"auto","background-attachment":"scroll","background-type":"","background-media":"","overlay-type":"","overlay-color":"","overlay-opacity":"","overlay-gradient":""}},"ast-content-background-meta":{"desktop":{"background-color":"var(--ast-global-color-5)","background-image":"","background-repeat":"repeat","background-position":"center center","background-size":"auto","background-attachment":"scroll","background-type":"","background-media":"","overlay-type":"","overlay-color":"","overlay-opacity":"","overlay-gradient":""},"tablet":{"background-color":"var(--ast-global-color-5)","background-image":"","background-repeat":"repeat","background-position":"center center","background-size":"auto","background-attachment":"scroll","background-type":"","background-media":"","overlay-type":"","overlay-color":"","overlay-opacity":"","overlay-gradient":""},"mobile":{"background-color":"var(--ast-global-color-5)","background-image":"","background-repeat":"repeat","background-position":"center center","background-size":"auto","background-attachment":"scroll","background-type":"","background-media":"","overlay-type":"","overlay-color":"","overlay-opacity":"","overlay-gradient":""}},"footnotes":""},"class_list":["post-1062","page","type-page","status-publish","hentry"],"_links":{"self":[{"href":"https:\/\/julieta.splashdesk.it\/de\/wp-json\/wp\/v2\/pages\/1062","targetHints":{"allow":["GET"]}}],"collection":[{"href":"https:\/\/julieta.splashdesk.it\/de\/wp-json\/wp\/v2\/pages"}],"about":[{"href":"https:\/\/julieta.splashdesk.it\/de\/wp-json\/wp\/v2\/types\/page"}],"author":[{"embeddable":true,"href":"https:\/\/julieta.splashdesk.it\/de\/wp-json\/wp\/v2\/users\/2"}],"replies":[{"embeddable":true,"href":"https:\/\/julieta.splashdesk.it\/de\/wp-json\/wp\/v2\/comments?post=1062"}],"version-history":[{"count":91,"href":"https:\/\/julieta.splashdesk.it\/de\/wp-json\/wp\/v2\/pages\/1062\/revisions"}],"predecessor-version":[{"id":2004,"href":"https:\/\/julieta.splashdesk.it\/de\/wp-json\/wp\/v2\/pages\/1062\/revisions\/2004"}],"wp:attachment":[{"href":"https:\/\/julieta.splashdesk.it\/de\/wp-json\/wp\/v2\/media?parent=1062"}],"curies":[{"name":"wp","href":"https:\/\/api.w.org\/{rel}","templated":true}]}}