{"id":1022,"date":"2024-04-18T12:01:52","date_gmt":"2024-04-18T10:01:52","guid":{"rendered":"https:\/\/julieta.splashdesk.it\/?page_id=1022"},"modified":"2024-04-18T12:02:56","modified_gmt":"2024-04-18T10:02:56","slug":"termini-e-condizioni","status":"publish","type":"page","link":"https:\/\/julieta.splashdesk.it\/de\/termini-e-condizioni\/","title":{"rendered":"Bedingungen und Konditionen"},"content":{"rendered":"<div data-elementor-type=\"wp-page\" data-elementor-id=\"1022\" class=\"elementor elementor-1022\" data-elementor-post-type=\"page\">\n\t\t\t\t<div class=\"elementor-element elementor-element-a7de0ab e-flex e-con-boxed e-con e-parent\" data-id=\"a7de0ab\" data-element_type=\"container\">\n\t\t\t\t\t<div class=\"e-con-inner\">\n\t\t\t\t<div class=\"elementor-element elementor-element-9b4bb8b elementor-widget elementor-widget-heading\" data-id=\"9b4bb8b\" data-element_type=\"widget\" data-widget_type=\"heading.default\">\n\t\t\t\t<div class=\"elementor-widget-container\">\n\t\t\t\t\t<h1 class=\"elementor-heading-title elementor-size-default\">Bedingungen und Konditionen<\/h1>\t\t\t\t<\/div>\n\t\t\t\t<\/div>\n\t\t\t\t<div class=\"elementor-element elementor-element-5dac495 elementor-widget elementor-widget-text-editor\" data-id=\"5dac495\" data-element_type=\"widget\" data-widget_type=\"text-editor.default\">\n\t\t\t\t<div class=\"elementor-widget-container\">\n\t\t\t\t\t\t\t\t\t<p><strong>1. Einleitung<\/strong><\/p><p>Diese Allgemeinen Gesch\u00e4ftsbedingungen (\"Bedingungen\") gelten f\u00fcr alle Besucher und Nutzer der Website Julietacollezioni.it. Durch die Nutzung unserer Website erkl\u00e4ren Sie sich mit diesen Bedingungen einverstanden.<\/p><p><strong>2. Informationen zum Unternehmen<\/strong><\/p><p><strong>Riello Maria Vittoria<\/strong><br \/>Via Spaltin Alto n.3, Legnago (VR) 37045<br \/>UMSATZSTEUER-IDENTIFIKATIONSNUMMER: 04967190234<br \/>REA: VR-459906<\/p><p><strong>3. Produkte<\/strong><\/p><p>Wir bieten \u00fcber unsere Website Kleidung zum Verkauf an. Alle Produkte sind abh\u00e4ngig von der Verf\u00fcgbarkeit.<\/p><p><strong>4. Preise und Zahlung<\/strong><\/p><p>Die Preise sind in Euro angegeben und enthalten die Mehrwertsteuer. Wir akzeptieren Zahlungen \u00fcber PayPal, Visa, MasterCard, Gpay, American Express, Maestro und Apple Pay.<\/p><p><strong>5. Versand<\/strong><\/p><p>Wir versenden in ganz Italien. Die Versandkosten sind kostenlos und die Lieferung erfolgt innerhalb von 3\/4 Werktagen nach Auftragsbest\u00e4tigung.<\/p><p><strong>6. R\u00fccktrittsrecht<\/strong><\/p><p>Nach italienischem Recht haben die Nutzer das Recht, ihren Kauf innerhalb von 14 Tagen nach Erhalt des Produkts zu widerrufen. Die Versandkosten f\u00fcr die R\u00fccksendung des Produkts liegen in der Verantwortung der Marke. Das Produkt muss in demselben Zustand zur\u00fcckgegeben werden, in dem es erhalten wurde.<\/p><p><strong>7. Garantien und Haftung<\/strong><\/p><p>Wir gew\u00e4hren Produktgarantien, wie vom italienischen Gesetz vorgeschrieben. Wir haften nicht f\u00fcr indirekte oder Folgesch\u00e4den, die sich aus der Nutzung der Website oder der gekauften Produkte ergeben.<\/p><p><strong>8. \u00c4nderungen der Bedingungen und Konditionen<\/strong><\/p><p>Wir behalten uns das Recht vor, diese Bedingungen jederzeit zu \u00e4ndern. Die \u00c4nderungen werden unmittelbar nach ihrer Ver\u00f6ffentlichung auf der Website wirksam.<\/p><p><strong>9. Anwendbares Recht und Gerichtsbarkeit<\/strong><\/p><p>Die vorliegenden Bedingungen unterliegen dem italienischen Recht. Alle Streitigkeiten im Zusammenhang mit diesen Bedingungen unterliegen der ausschlie\u00dflichen Zust\u00e4ndigkeit der italienischen Gerichte.<\/p><p><strong>10. Kontakt<\/strong><\/p><p>Wenn Sie Fragen zu diesen Bedingungen haben, kontaktieren Sie uns bitte unter der oben genannten Adresse.<\/p>\t\t\t\t\t\t\t\t<\/div>\n\t\t\t\t<\/div>\n\t\t\t\t\t<\/div>\n\t\t\t\t<\/div>\n\t\t\t\t<\/div>","protected":false},"excerpt":{"rendered":"<p>1. Introduzione Questi Termini e Condizioni (&#8220;Termini&#8221;) si applicano a tutti i visitatori e gli utenti del sito web Julietacollezioni.it. [&hellip;]<\/p>","protected":false},"author":2,"featured_media":0,"parent":0,"menu_order":0,"comment_status":"closed","ping_status":"closed","template":"","meta":{"site-sidebar-layout":"no-sidebar","site-content-layout":"","ast-site-content-layout":"full-width-container","site-content-style":"default","site-sidebar-style":"default","ast-global-header-display":"","ast-banner-title-visibility":"","ast-main-header-display":"","ast-hfb-above-header-display":"","ast-hfb-below-header-display":"","ast-hfb-mobile-header-display":"","site-post-title":"disabled","ast-breadcrumbs-content":"","ast-featured-img":"disabled","footer-sml-layout":"","theme-transparent-header-meta":"","adv-header-id-meta":"","stick-header-meta":"","header-above-stick-meta":"","header-main-stick-meta":"","header-below-stick-meta":"","astra-migrate-meta-layouts":"default","ast-page-background-enabled":"default","ast-page-background-meta":{"desktop":{"background-color":"var(--ast-global-color-4)","background-image":"","background-repeat":"repeat","background-position":"center center","background-size":"auto","background-attachment":"scroll","background-type":"","background-media":"","overlay-type":"","overlay-color":"","overlay-opacity":"","overlay-gradient":""},"tablet":{"background-color":"","background-image":"","background-repeat":"repeat","background-position":"center center","background-size":"auto","background-attachment":"scroll","background-type":"","background-media":"","overlay-type":"","overlay-color":"","overlay-opacity":"","overlay-gradient":""},"mobile":{"background-color":"","background-image":"","background-repeat":"repeat","background-position":"center center","background-size":"auto","background-attachment":"scroll","background-type":"","background-media":"","overlay-type":"","overlay-color":"","overlay-opacity":"","overlay-gradient":""}},"ast-content-background-meta":{"desktop":{"background-color":"var(--ast-global-color-5)","background-image":"","background-repeat":"repeat","background-position":"center center","background-size":"auto","background-attachment":"scroll","background-type":"","background-media":"","overlay-type":"","overlay-color":"","overlay-opacity":"","overlay-gradient":""},"tablet":{"background-color":"var(--ast-global-color-5)","background-image":"","background-repeat":"repeat","background-position":"center center","background-size":"auto","background-attachment":"scroll","background-type":"","background-media":"","overlay-type":"","overlay-color":"","overlay-opacity":"","overlay-gradient":""},"mobile":{"background-color":"var(--ast-global-color-5)","background-image":"","background-repeat":"repeat","background-position":"center center","background-size":"auto","background-attachment":"scroll","background-type":"","background-media":"","overlay-type":"","overlay-color":"","overlay-opacity":"","overlay-gradient":""}},"footnotes":""},"class_list":["post-1022","page","type-page","status-publish","hentry"],"_links":{"self":[{"href":"https:\/\/julieta.splashdesk.it\/de\/wp-json\/wp\/v2\/pages\/1022","targetHints":{"allow":["GET"]}}],"collection":[{"href":"https:\/\/julieta.splashdesk.it\/de\/wp-json\/wp\/v2\/pages"}],"about":[{"href":"https:\/\/julieta.splashdesk.it\/de\/wp-json\/wp\/v2\/types\/page"}],"author":[{"embeddable":true,"href":"https:\/\/julieta.splashdesk.it\/de\/wp-json\/wp\/v2\/users\/2"}],"replies":[{"embeddable":true,"href":"https:\/\/julieta.splashdesk.it\/de\/wp-json\/wp\/v2\/comments?post=1022"}],"version-history":[{"count":4,"href":"https:\/\/julieta.splashdesk.it\/de\/wp-json\/wp\/v2\/pages\/1022\/revisions"}],"predecessor-version":[{"id":1026,"href":"https:\/\/julieta.splashdesk.it\/de\/wp-json\/wp\/v2\/pages\/1022\/revisions\/1026"}],"wp:attachment":[{"href":"https:\/\/julieta.splashdesk.it\/de\/wp-json\/wp\/v2\/media?parent=1022"}],"curies":[{"name":"wp","href":"https:\/\/api.w.org\/{rel}","templated":true}]}}