{"id":1017,"date":"2024-04-18T11:58:52","date_gmt":"2024-04-18T09:58:52","guid":{"rendered":"https:\/\/julieta.splashdesk.it\/?page_id=1017"},"modified":"2024-04-18T12:00:57","modified_gmt":"2024-04-18T10:00:57","slug":"privacy-policy","status":"publish","type":"page","link":"https:\/\/julieta.splashdesk.it\/de\/privacy-policy\/","title":{"rendered":"Datenschutzbestimmungen"},"content":{"rendered":"<div data-elementor-type=\"wp-page\" data-elementor-id=\"1017\" class=\"elementor elementor-1017\" data-elementor-post-type=\"page\">\n\t\t\t\t<div class=\"elementor-element elementor-element-f7e72ef e-flex e-con-boxed e-con e-parent\" data-id=\"f7e72ef\" data-element_type=\"container\">\n\t\t\t\t\t<div class=\"e-con-inner\">\n\t\t\t\t<div class=\"elementor-element elementor-element-f01fc05 elementor-widget elementor-widget-heading\" data-id=\"f01fc05\" data-element_type=\"widget\" data-widget_type=\"heading.default\">\n\t\t\t\t<div class=\"elementor-widget-container\">\n\t\t\t\t\t<h1 class=\"elementor-heading-title elementor-size-default\">Datenschutzbestimmungen<\/h1>\t\t\t\t<\/div>\n\t\t\t\t<\/div>\n\t\t\t\t<div class=\"elementor-element elementor-element-92e2530 elementor-widget elementor-widget-text-editor\" data-id=\"92e2530\" data-element_type=\"widget\" data-widget_type=\"text-editor.default\">\n\t\t\t\t<div class=\"elementor-widget-container\">\n\t\t\t\t\t\t\t\t\t<p><strong>1. Einleitung<\/strong><\/p><p>Willkommen bei\u00a0<strong>Julietacollezioni.it<\/strong>. Diese Datenschutzrichtlinie gilt f\u00fcr Besucher und Nutzer der Website Julietacollezioni.it. In dieser Datenschutzrichtlinie beschreiben wir, wie wir Ihre pers\u00f6nlichen Daten sammeln, verwenden und sch\u00fctzen.<\/p><p><strong>2. Erhobene Daten<\/strong><\/p><p>Wir erfassen personenbezogene Daten wie Ihren Vornamen, Nachnamen und Ihre E-Mail-Adresse, wenn Sie sich auf unserer Website registrieren, eine Bestellung aufgeben, unseren Newsletter abonnieren oder mit unseren Funktionen interagieren. Diese Daten werden ben\u00f6tigt, um Ihre Bestellungen zu bearbeiten, Sie mit Updates zu versorgen und f\u00fcr Marketingzwecke.<\/p><p><strong>3. Verwendung der Daten<\/strong><\/p><p>Die gesammelten Daten werden f\u00fcr folgende Zwecke verwendet:<\/p><ul><li>Bearbeitung und Verwaltung der erteilten Auftr\u00e4ge.<\/li><li>Senden Sie Updates, Produktinformationen und Werbeangebote.<\/li><li>Verbesserung Ihrer Erfahrungen auf der Website.<\/li><\/ul><p><strong>4. Gemeinsame Nutzung von Daten<\/strong><\/p><p>Wir verkaufen Ihre personenbezogenen Daten nicht an Dritte, tauschen sie nicht aus und geben sie auch nicht anderweitig an Dritte weiter, es sei denn, dies ist in dieser Richtlinie vorgesehen.<\/p><p><strong>5. Google Fonts, Shopify, Google Analytics und Google reCAPTCHA<\/strong><\/p><p>Wir verwenden Google Fonts f\u00fcr Website-Schriftarten, Shopify als E-Commerce-Plattform, Google Analytics zur Analyse des Website-Verkehrs und Google reCAPTCHA f\u00fcr die Sicherheit. Diese Dienste k\u00f6nnen Daten wie Ihre IP-Adresse und Browsing-Informationen erfassen.<\/p><p><strong>6. Datensicherheit<\/strong><\/p><p>Wir ergreifen Sicherheitsma\u00dfnahmen, um Ihre pers\u00f6nlichen Daten zu sch\u00fctzen. Allerdings kann keine Daten\u00fcbertragung \u00fcber das Internet als vollkommen sicher garantiert werden.<\/p><p><strong>7. Rechte der Nutzer<\/strong><\/p><p>Sie haben das Recht, Ihre personenbezogenen Daten einzusehen, zu korrigieren oder zu l\u00f6schen. Sie k\u00f6nnen diese Rechte aus\u00fcben, indem Sie sich \u00fcber die angegebene E-Mail-Adresse an uns wenden.<\/p><p><strong>8. \u00c4nderungen der Datenschutzrichtlinie<\/strong><\/p><p>Wir behalten uns das Recht vor, diese Datenschutzrichtlinie jederzeit zu \u00e4ndern. Die \u00c4nderungen werden unmittelbar nach der Ver\u00f6ffentlichung auf der Website wirksam.<\/p><p><strong>9. Kontakt<\/strong><\/p><p>Wenn Sie Fragen zu dieser Datenschutzerkl\u00e4rung haben, k\u00f6nnen Sie sich an den f\u00fcr die Datenverarbeitung Verantwortlichen wenden:<\/p><p><strong>Riello Maria Vittoria<\/strong><br \/>Via Spaltin Alto n.3, Legnago (VR) 37045<br \/>UMSATZSTEUER-IDENTIFIKATIONSNUMMER: 04967190234<br \/>REA: VR-459906<\/p>\t\t\t\t\t\t\t\t<\/div>\n\t\t\t\t<\/div>\n\t\t\t\t\t<\/div>\n\t\t\t\t<\/div>\n\t\t\t\t<\/div>","protected":false},"excerpt":{"rendered":"<p>1. Introduzione Benvenuti su\u00a0Julietacollezioni.it. La presente Privacy Policy si applica ai visitatori e agli utenti del sito web Julietacollezioni.it. In [&hellip;]<\/p>","protected":false},"author":2,"featured_media":0,"parent":0,"menu_order":0,"comment_status":"closed","ping_status":"closed","template":"","meta":{"site-sidebar-layout":"no-sidebar","site-content-layout":"","ast-site-content-layout":"full-width-container","site-content-style":"default","site-sidebar-style":"default","ast-global-header-display":"","ast-banner-title-visibility":"","ast-main-header-display":"","ast-hfb-above-header-display":"","ast-hfb-below-header-display":"","ast-hfb-mobile-header-display":"","site-post-title":"disabled","ast-breadcrumbs-content":"","ast-featured-img":"disabled","footer-sml-layout":"","theme-transparent-header-meta":"","adv-header-id-meta":"","stick-header-meta":"","header-above-stick-meta":"","header-main-stick-meta":"","header-below-stick-meta":"","astra-migrate-meta-layouts":"default","ast-page-background-enabled":"default","ast-page-background-meta":{"desktop":{"background-color":"var(--ast-global-color-4)","background-image":"","background-repeat":"repeat","background-position":"center center","background-size":"auto","background-attachment":"scroll","background-type":"","background-media":"","overlay-type":"","overlay-color":"","overlay-opacity":"","overlay-gradient":""},"tablet":{"background-color":"","background-image":"","background-repeat":"repeat","background-position":"center center","background-size":"auto","background-attachment":"scroll","background-type":"","background-media":"","overlay-type":"","overlay-color":"","overlay-opacity":"","overlay-gradient":""},"mobile":{"background-color":"","background-image":"","background-repeat":"repeat","background-position":"center center","background-size":"auto","background-attachment":"scroll","background-type":"","background-media":"","overlay-type":"","overlay-color":"","overlay-opacity":"","overlay-gradient":""}},"ast-content-background-meta":{"desktop":{"background-color":"var(--ast-global-color-5)","background-image":"","background-repeat":"repeat","background-position":"center center","background-size":"auto","background-attachment":"scroll","background-type":"","background-media":"","overlay-type":"","overlay-color":"","overlay-opacity":"","overlay-gradient":""},"tablet":{"background-color":"var(--ast-global-color-5)","background-image":"","background-repeat":"repeat","background-position":"center center","background-size":"auto","background-attachment":"scroll","background-type":"","background-media":"","overlay-type":"","overlay-color":"","overlay-opacity":"","overlay-gradient":""},"mobile":{"background-color":"var(--ast-global-color-5)","background-image":"","background-repeat":"repeat","background-position":"center center","background-size":"auto","background-attachment":"scroll","background-type":"","background-media":"","overlay-type":"","overlay-color":"","overlay-opacity":"","overlay-gradient":""}},"footnotes":""},"class_list":["post-1017","page","type-page","status-publish","hentry"],"_links":{"self":[{"href":"https:\/\/julieta.splashdesk.it\/de\/wp-json\/wp\/v2\/pages\/1017","targetHints":{"allow":["GET"]}}],"collection":[{"href":"https:\/\/julieta.splashdesk.it\/de\/wp-json\/wp\/v2\/pages"}],"about":[{"href":"https:\/\/julieta.splashdesk.it\/de\/wp-json\/wp\/v2\/types\/page"}],"author":[{"embeddable":true,"href":"https:\/\/julieta.splashdesk.it\/de\/wp-json\/wp\/v2\/users\/2"}],"replies":[{"embeddable":true,"href":"https:\/\/julieta.splashdesk.it\/de\/wp-json\/wp\/v2\/comments?post=1017"}],"version-history":[{"count":4,"href":"https:\/\/julieta.splashdesk.it\/de\/wp-json\/wp\/v2\/pages\/1017\/revisions"}],"predecessor-version":[{"id":1021,"href":"https:\/\/julieta.splashdesk.it\/de\/wp-json\/wp\/v2\/pages\/1017\/revisions\/1021"}],"wp:attachment":[{"href":"https:\/\/julieta.splashdesk.it\/de\/wp-json\/wp\/v2\/media?parent=1017"}],"curies":[{"name":"wp","href":"https:\/\/api.w.org\/{rel}","templated":true}]}}